{"id":780121,"date":"2025-12-30T12:27:08","date_gmt":"2025-12-30T09:27:08","guid":{"rendered":"https:\/\/roveyayinevi.com.tr\/index.php\/urun\/apartman-2\/"},"modified":"2026-04-15T03:44:45","modified_gmt":"2026-04-15T00:44:45","slug":"apartman-2","status":"publish","type":"product","link":"https:\/\/roveyayinevi.com.tr\/index.php\/urun\/apartman-2\/","title":{"rendered":"Apartman"},"content":{"rendered":"<p>Emile Zola\u2019n\u0131n Fransa\u2019da \u0130kinci \u0130mparatorluk d\u00f6neminde ya\u015fanan toplumsal d\u00f6n\u00fc\u015f\u00fcm\u00fc ve yozla\u015fmay\u0131 anlatmak \u00fczere tasarlad\u0131\u011f\u0131 yirmi kitapl\u0131k Rougon-Macquart dizisinin onuncu kitab\u0131d\u0131r Apartman. Bu kitapta, dizinin bir sonraki kitab\u0131nda y\u00fckseli\u015fini izleyece\u011fimiz Octave Mouret\u2019nin h\u0131rsl\u0131 bir gen\u00e7 olarak ta\u015fradan Paris\u2019e geli\u015fine ve yerle\u015fti\u011fi apartmandaki insanlar\u0131n ya\u015fant\u0131lar\u0131na tan\u0131k oluruz. D\u0131\u015far\u0131dan sayg\u0131n g\u00f6r\u00fcnen bu g\u00f6steri\u015fli burjuva apartman\u0131, i\u00e7erisinde ahlaki tutars\u0131zl\u0131klar\u0131n, riyak\u00e2rl\u0131\u011f\u0131n ve a\u00e7g\u00f6zl\u00fcl\u00fc\u011f\u00fcn kol gezdi\u011fi bir d\u00fcnyay\u0131 saklamaktad\u0131r. Zola\u2019n\u0131n keskin ele\u015ftirisinden ne iktidar ve fethetme h\u0131rs\u0131 i\u00e7indeki erkekler, ne servet ve g\u00f6steri\u015f pe\u015findeki kad\u0131nlar, ne de bu ahlaki \u00e7\u00fcr\u00fcmeye g\u00f6z yuman din adamlar\u0131 kurtulur. Yordam Edebiyat olarak, bir d\u00f6nemin ruhunu tek bir mek\u00e2na s\u0131\u011fd\u0131rarak, 19. y\u00fczy\u0131l Frans\u0131z burjuvazisinin maskesini ustal\u0131kla indiren bu roman\u0131 okurlar\u0131m\u0131za sunmaktan memnuniyet duyuyoruz.<\/p>\n","protected":false},"excerpt":{"rendered":"<p>Emile Zola\u2019n\u0131n Fransa\u2019da \u0130kinci \u0130mparatorluk d\u00f6neminde ya\u015fanan toplumsal d\u00f6n\u00fc\u015f\u00fcm\u00fc ve yozla\u015fmay\u0131 anlatmak \u00fczere tasarlad\u0131\u011f\u0131 yirmi kitapl\u0131k Rougon-Macquart dizisinin onuncu kitab\u0131d\u0131r Apartman. Bu kitapta, dizinin bir sonraki<span class=\"excerpt-hellip\"> [\u2026]<\/span><\/p>\n","protected":false},"featured_media":0,"template":"","meta":{"_monsterinsights_skip_tracking":false,"_monsterinsights_sitenote_active":false,"_monsterinsights_sitenote_note":"","_monsterinsights_sitenote_category":0},"product_brand":[],"product_cat":[13661,12291],"product_tag":[],"class_list":{"0":"post-780121","1":"product","2":"type-product","3":"status-publish","5":"product_cat-diger-ulke-edebiyatlari","6":"product_cat-edebiyat","7":"pa_cilt-ciltsiz","8":"pa_tur-kitap","9":"pa_yayinevi-yordam-kitap","10":"pa_yazar-honore-de-balzac","12":"first","13":"instock","14":"sale","15":"shipping-taxable","16":"purchasable","17":"product-type-simple"},"_links":{"self":[{"href":"https:\/\/roveyayinevi.com.tr\/index.php\/wp-json\/wp\/v2\/product\/780121","targetHints":{"allow":["GET"]}}],"collection":[{"href":"https:\/\/roveyayinevi.com.tr\/index.php\/wp-json\/wp\/v2\/product"}],"about":[{"href":"https:\/\/roveyayinevi.com.tr\/index.php\/wp-json\/wp\/v2\/types\/product"}],"wp:attachment":[{"href":"https:\/\/roveyayinevi.com.tr\/index.php\/wp-json\/wp\/v2\/media?parent=780121"}],"wp:term":[{"taxonomy":"product_brand","embeddable":true,"href":"https:\/\/roveyayinevi.com.tr\/index.php\/wp-json\/wp\/v2\/product_brand?post=780121"},{"taxonomy":"product_cat","embeddable":true,"href":"https:\/\/roveyayinevi.com.tr\/index.php\/wp-json\/wp\/v2\/product_cat?post=780121"},{"taxonomy":"product_tag","embeddable":true,"href":"https:\/\/roveyayinevi.com.tr\/index.php\/wp-json\/wp\/v2\/product_tag?post=780121"}],"curies":[{"name":"wp","href":"https:\/\/api.w.org\/{rel}","templated":true}]}}