{"id":780117,"date":"2025-12-30T12:26:56","date_gmt":"2025-12-30T09:26:56","guid":{"rendered":"https:\/\/roveyayinevi.com.tr\/index.php\/urun\/lenin-biyografi\/"},"modified":"2026-04-15T03:44:45","modified_gmt":"2026-04-15T00:44:45","slug":"lenin-biyografi","status":"publish","type":"product","link":"https:\/\/roveyayinevi.com.tr\/index.php\/urun\/lenin-biyografi\/","title":{"rendered":"Lenin Biyografi"},"content":{"rendered":"<p>Vladimir \u0130lyi\u00e7 Lenin\u2019in ya\u015fam\u0131, insanl\u0131\u011f\u0131n kurtulu\u015f davas\u0131na adanm\u0131\u015f bir \u00f6mr\u00fcn hik\u00e2yesidir. Lenin\u2019in \u00e7ocuklu\u011fundan \u00f6l\u00fcm\u00fcne kadar tek bir hedefi vard\u0131: s\u00f6m\u00fcr\u00fcye, yoksullu\u011fa ve a\u015fa\u011f\u0131lanmaya mahk\u00fbm edilmi\u015f insanl\u0131\u011f\u0131n kurtulu\u015fu. Hayat\u0131, devrimin soyut bir fikir de\u011fil, \u00f6rg\u00fctl\u00fc emek\u00e7ilerin elleriyle kurulacak somut bir ger\u00e7eklik oldu\u011funu g\u00f6sterdi. Sovyetler Birli\u011fi Kom\u00fcnist Partisi Merkez Komitesi Marksizm-Leninizm Enstit\u00fcs\u00fc taraf\u0131ndan haz\u0131rlanan bu eser, Lenin\u2019in ya\u015fam\u0131n\u0131, d\u00fc\u015f\u00fcnsel geli\u015fimini ve tarihsel m\u00fccadelesini hem ar\u015fivsel hem teorik do\u011frulukla anlatan en kapsaml\u0131 biyografilerden biridir. Lenin\u2019in felsefi, politik ve \u00f6rg\u00fctsel dehas\u0131n\u0131; i\u015f\u00e7i s\u0131n\u0131f\u0131n\u0131n \u00f6nc\u00fc partisinin in\u015fas\u0131ndaki rol\u00fcn\u00fc; emperyalizme, revizyonizme ve oport\u00fcnizme kar\u015f\u0131 m\u00fccadelesini bir b\u00fct\u00fcnl\u00fck i\u00e7inde sunar. \u00c7ocuklu\u011fundan B\u00fcy\u00fck Sosyalist Ekim Devrimi\u2019ne, enternasyonalizmin ufkundan proletarya diktat\u00f6rl\u00fc\u011f\u00fcn\u00fcn in\u015fas\u0131na kadar her d\u00f6nemiyle Lenin\u2019in d\u00fc\u015f\u00fcnsel ve siyasal geli\u015fimini tarihsel materyalizmin \u0131\u015f\u0131\u011f\u0131nda inceler.  Bu yeni T\u00fcrk\u00e7e edisyon, 1984 tarihli geni\u015fletilmi\u015f bask\u0131ya dayanmakta; eksiksiz ve ideolojik b\u00fct\u00fcnl\u00fc\u011f\u00fc korunmu\u015f bir metni okura ula\u015ft\u0131rmaktad\u0131r.  Lenin Biyografi, yaln\u0131zca Lenin\u2019in de\u011fil, bilimin devrimci bir g\u00fcce d\u00f6n\u00fc\u015fmesinin, yani Marksizmin Leninizm olarak ete kemi\u011fe b\u00fcr\u00fcnmesinin hik\u00e2yesidir. Her sayfas\u0131, i\u015f\u00e7i s\u0131n\u0131f\u0131n\u0131n tarih sahnesine \u00e7\u0131k\u0131\u015f\u0131n\u0131, \u00f6rg\u00fctl\u00fc m\u00fccadelenin zorunlulu\u011funu ve devrimci \u00f6nc\u00fcl\u00fc\u011f\u00fcn anlam\u0131n\u0131 hat\u0131rlat\u0131r.<\/p>\n","protected":false},"excerpt":{"rendered":"<p>Vladimir \u0130lyi\u00e7 Lenin\u2019in ya\u015fam\u0131, insanl\u0131\u011f\u0131n kurtulu\u015f davas\u0131na adanm\u0131\u015f bir \u00f6mr\u00fcn hik\u00e2yesidir. Lenin\u2019in \u00e7ocuklu\u011fundan \u00f6l\u00fcm\u00fcne kadar tek bir hedefi vard\u0131: s\u00f6m\u00fcr\u00fcye, yoksullu\u011fa ve a\u015fa\u011f\u0131lanmaya mahk\u00fbm edilmi\u015f insanl\u0131\u011f\u0131n<span class=\"excerpt-hellip\"> [\u2026]<\/span><\/p>\n","protected":false},"featured_media":0,"template":"","meta":{"_monsterinsights_skip_tracking":false,"_monsterinsights_sitenote_active":false,"_monsterinsights_sitenote_note":"","_monsterinsights_sitenote_category":0},"product_brand":[],"product_cat":[12370,12304],"product_tag":[],"class_list":{"0":"post-780117","1":"product","2":"type-product","3":"status-publish","5":"product_cat-arastirma-inceleme","6":"product_cat-tarih","7":"pa_cilt-ciltsiz","8":"pa_tur-kitap","9":"pa_yayinevi-yordam-kitap","10":"pa_yazar-p-n-pospelov","12":"first","13":"instock","14":"sale","15":"shipping-taxable","16":"purchasable","17":"product-type-simple"},"_links":{"self":[{"href":"https:\/\/roveyayinevi.com.tr\/index.php\/wp-json\/wp\/v2\/product\/780117","targetHints":{"allow":["GET"]}}],"collection":[{"href":"https:\/\/roveyayinevi.com.tr\/index.php\/wp-json\/wp\/v2\/product"}],"about":[{"href":"https:\/\/roveyayinevi.com.tr\/index.php\/wp-json\/wp\/v2\/types\/product"}],"wp:attachment":[{"href":"https:\/\/roveyayinevi.com.tr\/index.php\/wp-json\/wp\/v2\/media?parent=780117"}],"wp:term":[{"taxonomy":"product_brand","embeddable":true,"href":"https:\/\/roveyayinevi.com.tr\/index.php\/wp-json\/wp\/v2\/product_brand?post=780117"},{"taxonomy":"product_cat","embeddable":true,"href":"https:\/\/roveyayinevi.com.tr\/index.php\/wp-json\/wp\/v2\/product_cat?post=780117"},{"taxonomy":"product_tag","embeddable":true,"href":"https:\/\/roveyayinevi.com.tr\/index.php\/wp-json\/wp\/v2\/product_tag?post=780117"}],"curies":[{"name":"wp","href":"https:\/\/api.w.org\/{rel}","templated":true}]}}