{"id":780114,"date":"2025-12-30T12:26:48","date_gmt":"2025-12-30T09:26:48","guid":{"rendered":"https:\/\/roveyayinevi.com.tr\/index.php\/urun\/dijital-patron\/"},"modified":"2026-04-15T03:44:45","modified_gmt":"2026-04-15T00:44:45","slug":"dijital-patron","status":"publish","type":"product","link":"https:\/\/roveyayinevi.com.tr\/index.php\/urun\/dijital-patron\/","title":{"rendered":"Dijital Patron"},"content":{"rendered":"<p>Dijital d\u00f6n\u00fc\u015f\u00fcm bir yaz\u0131l\u0131m projesi de\u011fil; insan davran\u0131\u015f\u0131n\u0131 de\u011fi\u015ftirme m\u00fccadelesidir. Bu kitap, ekranlar\u0131n arkas\u0131ndaki al\u0131\u015fkanl\u0131k direncini, y\u00f6neticilerin k\u00f6r noktalar\u0131n\u0131 ve ger\u00e7ek d\u00f6n\u00fc\u015f\u00fcm\u00fcn neden teknik de\u011fil k\u00fclt\u00fcrel oldu\u011funu anlat\u0131r. Tek c\u00fcmlelik \u00f6zeti \u015fudur: Sistem kurulur, ama k\u00fclt\u00fcr kurulmad\u0131k\u00e7a hi\u00e7bir \u015fey \u00e7al\u0131\u015fmaz. <\/p>\n","protected":false},"excerpt":{"rendered":"<p>Dijital d\u00f6n\u00fc\u015f\u00fcm bir yaz\u0131l\u0131m projesi de\u011fil; insan davran\u0131\u015f\u0131n\u0131 de\u011fi\u015ftirme m\u00fccadelesidir. Bu kitap, ekranlar\u0131n arkas\u0131ndaki al\u0131\u015fkanl\u0131k direncini, y\u00f6neticilerin k\u00f6r noktalar\u0131n\u0131 ve ger\u00e7ek d\u00f6n\u00fc\u015f\u00fcm\u00fcn neden teknik de\u011fil k\u00fclt\u00fcrel<span class=\"excerpt-hellip\"> [\u2026]<\/span><\/p>\n","protected":false},"featured_media":0,"template":"","meta":{"_monsterinsights_skip_tracking":false,"_monsterinsights_sitenote_active":false,"_monsterinsights_sitenote_note":"","_monsterinsights_sitenote_category":0},"product_brand":[],"product_cat":[13043,17647],"product_tag":[],"class_list":{"0":"post-780114","1":"product","2":"type-product","3":"status-publish","5":"product_cat-ekonomi","6":"product_cat-is-dunyasi","7":"pa_cilt-ciltsiz","8":"pa_tur-kitap","9":"pa_yayinevi-fera-yayincilik","10":"pa_yazar-serkan-yalcin","12":"first","13":"instock","14":"sale","15":"shipping-taxable","16":"purchasable","17":"product-type-simple"},"_links":{"self":[{"href":"https:\/\/roveyayinevi.com.tr\/index.php\/wp-json\/wp\/v2\/product\/780114","targetHints":{"allow":["GET"]}}],"collection":[{"href":"https:\/\/roveyayinevi.com.tr\/index.php\/wp-json\/wp\/v2\/product"}],"about":[{"href":"https:\/\/roveyayinevi.com.tr\/index.php\/wp-json\/wp\/v2\/types\/product"}],"wp:attachment":[{"href":"https:\/\/roveyayinevi.com.tr\/index.php\/wp-json\/wp\/v2\/media?parent=780114"}],"wp:term":[{"taxonomy":"product_brand","embeddable":true,"href":"https:\/\/roveyayinevi.com.tr\/index.php\/wp-json\/wp\/v2\/product_brand?post=780114"},{"taxonomy":"product_cat","embeddable":true,"href":"https:\/\/roveyayinevi.com.tr\/index.php\/wp-json\/wp\/v2\/product_cat?post=780114"},{"taxonomy":"product_tag","embeddable":true,"href":"https:\/\/roveyayinevi.com.tr\/index.php\/wp-json\/wp\/v2\/product_tag?post=780114"}],"curies":[{"name":"wp","href":"https:\/\/api.w.org\/{rel}","templated":true}]}}