{"id":780111,"date":"2025-12-30T12:26:41","date_gmt":"2025-12-30T09:26:41","guid":{"rendered":"https:\/\/roveyayinevi.com.tr\/index.php\/urun\/kirik-zamanlar\/"},"modified":"2026-04-15T03:44:45","modified_gmt":"2026-04-15T00:44:45","slug":"kirik-zamanlar","status":"publish","type":"product","link":"https:\/\/roveyayinevi.com.tr\/index.php\/urun\/kirik-zamanlar\/","title":{"rendered":"K\u0131r\u0131k Zamanlar"},"content":{"rendered":"<p>\u201cKIRIK ZAMANLAR\u201d, \u00e7\u00f6ken bir \u00e7a\u011f\u0131n, suskun bir toplumun ve insan\u0131n i\u00e7 yaln\u0131zl\u0131\u011f\u0131n\u0131n aras\u0131ndan ge\u00e7en karanl\u0131k bir \u015fiir atlas\u0131d\u0131r.<\/p>\n","protected":false},"excerpt":{"rendered":"<p>\u201cKIRIK ZAMANLAR\u201d, \u00e7\u00f6ken bir \u00e7a\u011f\u0131n, suskun bir toplumun ve insan\u0131n i\u00e7 yaln\u0131zl\u0131\u011f\u0131n\u0131n aras\u0131ndan ge\u00e7en karanl\u0131k bir \u015fiir atlas\u0131d\u0131r.<\/p>\n","protected":false},"featured_media":0,"template":"","meta":{"_monsterinsights_skip_tracking":false,"_monsterinsights_sitenote_active":false,"_monsterinsights_sitenote_note":"","_monsterinsights_sitenote_category":0},"product_brand":[],"product_cat":[12291,12509],"product_tag":[],"class_list":{"0":"post-780111","1":"product","2":"type-product","3":"status-publish","5":"product_cat-edebiyat","6":"product_cat-siir","7":"pa_cilt-ciltsiz","8":"pa_tur-kitap","9":"pa_yayinevi-kitap-saati-yayinevi","10":"pa_yazar-kadri-yamac","12":"first","13":"instock","14":"sale","15":"shipping-taxable","16":"purchasable","17":"product-type-simple"},"_links":{"self":[{"href":"https:\/\/roveyayinevi.com.tr\/index.php\/wp-json\/wp\/v2\/product\/780111","targetHints":{"allow":["GET"]}}],"collection":[{"href":"https:\/\/roveyayinevi.com.tr\/index.php\/wp-json\/wp\/v2\/product"}],"about":[{"href":"https:\/\/roveyayinevi.com.tr\/index.php\/wp-json\/wp\/v2\/types\/product"}],"wp:attachment":[{"href":"https:\/\/roveyayinevi.com.tr\/index.php\/wp-json\/wp\/v2\/media?parent=780111"}],"wp:term":[{"taxonomy":"product_brand","embeddable":true,"href":"https:\/\/roveyayinevi.com.tr\/index.php\/wp-json\/wp\/v2\/product_brand?post=780111"},{"taxonomy":"product_cat","embeddable":true,"href":"https:\/\/roveyayinevi.com.tr\/index.php\/wp-json\/wp\/v2\/product_cat?post=780111"},{"taxonomy":"product_tag","embeddable":true,"href":"https:\/\/roveyayinevi.com.tr\/index.php\/wp-json\/wp\/v2\/product_tag?post=780111"}],"curies":[{"name":"wp","href":"https:\/\/api.w.org\/{rel}","templated":true}]}}