{"id":780110,"date":"2025-12-30T12:26:40","date_gmt":"2025-12-30T09:26:40","guid":{"rendered":"https:\/\/roveyayinevi.com.tr\/index.php\/urun\/iktisat-ve-toplum-dergisi-182-sayi-demokratik-kapitalizmin-sonbahari\/"},"modified":"2026-04-15T03:44:45","modified_gmt":"2026-04-15T00:44:45","slug":"iktisat-ve-toplum-dergisi-182-sayi-demokratik-kapitalizmin-sonbahari","status":"publish","type":"product","link":"https:\/\/roveyayinevi.com.tr\/index.php\/urun\/iktisat-ve-toplum-dergisi-182-sayi-demokratik-kapitalizmin-sonbahari\/","title":{"rendered":"\u0130ktisat ve Toplum Dergisi 182. Say\u0131  Demokratik Kapitalizmin Sonbahar\u0131"},"content":{"rendered":"<p>Bu say\u0131da: Artan Servet E\u015fitsizli\u011fi ve Demokratik Kapitalizmin Sonbahar\u0131 &#8211; Mustafa Kutlay, Ziya \u00d6ni\u015f, Mehmet Ali Demir Pop\u00fclizmin Demokrasiyle S\u0131nav\u0131 &#8211; Ersin Kalayc\u0131og\u0306lu    2023 Girdi-\u00c7\u0131kt\u0131 Tablosu Penceresinden T\u00fcrkiye Ekonomisi &#8211; Alper Duman                Anlat\u0131lar, Algoritmalar ve Yap\u0131sal Belirsizlik \u00c7a\u011f\u0131nda Piyasa Dinamikleri &#8211; Arda Tunca                \u0130ki K\u00fclt\u00fcrel Ekonominin Hikayesi I: K\u00fclt\u00fcr Sava\u015flar\u0131 ya da K\u00fclt\u00fcrel Kutupla\u015fma &#8211; Sacit Hadi Akdede                  COP30 Sonras\u0131 K\u00fcresel \u0130klim Y\u00f6neti\u015fimi: Kazan\u0131mlar, A\u00e7mazlar ve Yeni Y\u00f6nelimler &#8211; R. Funda Barbaros   Nadir Toprak Elementleri, Antroposen \u00c7a\u011f\u0131 ve Ye\u015fil D\u00f6n\u00fc\u015f\u00fcm &#8211; Nuran H. Belet          Yapay Zek\u00e2 \u00c7a\u011f\u0131nda \u00d6\u011fretmen Kimli\u011fi &#8211; Tarkan G\u00fcrb\u00fcz                Devlet \u00dcniversitelerinin Daralan Kapasitesi: ODT\u00dc ve Giri\u015fimci-Yenilik\u00e7i \u00dcniversite Endeksindeki \u00dcniversiteler \u00dczerinden Bir De\u011ferlendirme &#8211; G\u00fcnayd\u0131n Karaka\u015f, Ramis Korkmaz, Erkan Erdil              Bir \u00dclke E\u011fitim ve Sa\u011fl\u0131\u011fa Ne Kadar Yat\u0131r\u0131m Yapmal\u0131? &#8211; Kezban Karabo\u011fa                M\u00fcfit Ahmet\u2019ten \u201cMilli \u0130ktisat\u201d &#8211; Ercan Eren, Alaaddin Tok            Brecht ve \u201cGalilei\u2019nin Ya\u015fam\u0131\u201d \u00dczerine Ekonomi-Politik Bir Okuma &#8211; G\u00fcl\u00e7in Elif Y\u00fccel                Manchester Bilim ve End\u00fcstri M\u00fczesi: \u0130ngiltere\u2019nin Ekonomik Geli\u015fiminin Aynas\u0131 &#8211; Murat Y\u0131ld\u0131r\u0131mo\u011flu         <\/p>\n","protected":false},"excerpt":{"rendered":"<p>Bu say\u0131da: Artan Servet E\u015fitsizli\u011fi ve Demokratik Kapitalizmin Sonbahar\u0131 &#8211; Mustafa Kutlay, Ziya \u00d6ni\u015f, Mehmet Ali Demir Pop\u00fclizmin Demokrasiyle S\u0131nav\u0131 &#8211; Ersin Kalayc\u0131og\u0306lu 2023 Girdi-\u00c7\u0131kt\u0131 Tablosu<span class=\"excerpt-hellip\"> [\u2026]<\/span><\/p>\n","protected":false},"featured_media":0,"template":"","meta":{"_monsterinsights_skip_tracking":false,"_monsterinsights_sitenote_active":false,"_monsterinsights_sitenote_note":"","_monsterinsights_sitenote_category":0},"product_brand":[],"product_cat":[13527],"product_tag":[],"class_list":{"0":"post-780110","1":"product","2":"type-product","3":"status-publish","5":"product_cat-sureli-yayinlar","6":"pa_cilt-ciltsiz","7":"pa_tur-dergi","8":"pa_yayinevi-efil-yayinevi-dergi","9":"pa_yazar-kolektif","11":"first","12":"instock","13":"sale","14":"shipping-taxable","15":"purchasable","16":"product-type-simple"},"_links":{"self":[{"href":"https:\/\/roveyayinevi.com.tr\/index.php\/wp-json\/wp\/v2\/product\/780110","targetHints":{"allow":["GET"]}}],"collection":[{"href":"https:\/\/roveyayinevi.com.tr\/index.php\/wp-json\/wp\/v2\/product"}],"about":[{"href":"https:\/\/roveyayinevi.com.tr\/index.php\/wp-json\/wp\/v2\/types\/product"}],"wp:attachment":[{"href":"https:\/\/roveyayinevi.com.tr\/index.php\/wp-json\/wp\/v2\/media?parent=780110"}],"wp:term":[{"taxonomy":"product_brand","embeddable":true,"href":"https:\/\/roveyayinevi.com.tr\/index.php\/wp-json\/wp\/v2\/product_brand?post=780110"},{"taxonomy":"product_cat","embeddable":true,"href":"https:\/\/roveyayinevi.com.tr\/index.php\/wp-json\/wp\/v2\/product_cat?post=780110"},{"taxonomy":"product_tag","embeddable":true,"href":"https:\/\/roveyayinevi.com.tr\/index.php\/wp-json\/wp\/v2\/product_tag?post=780110"}],"curies":[{"name":"wp","href":"https:\/\/api.w.org\/{rel}","templated":true}]}}