{"id":780109,"date":"2025-12-30T12:26:38","date_gmt":"2025-12-30T09:26:38","guid":{"rendered":"https:\/\/roveyayinevi.com.tr\/index.php\/urun\/bilim-din-ve-yasam-uzerine-dusunceler\/"},"modified":"2026-04-15T03:44:45","modified_gmt":"2026-04-15T00:44:45","slug":"bilim-din-ve-yasam-uzerine-dusunceler","status":"publish","type":"product","link":"https:\/\/roveyayinevi.com.tr\/index.php\/urun\/bilim-din-ve-yasam-uzerine-dusunceler\/","title":{"rendered":"Bilim, Din ve Ya\u015fam \u00dczerine Du\u0308\u015fu\u0308nceler"},"content":{"rendered":"<p>Albert Einstein Pisagor, Aristoteles, Batlamyus, Kepler, Kopernik, Galileo ve Newton\u2019dan sonra gelen en b\u00fcy\u00fck fizik\u00e7i oldu. Bilimde en \u00f6nemli \u015feyin hayal g\u00fcc\u00fc ve inan\u00e7 fakt\u00f6r\u00fc oldu\u011funu s\u00f6yleyerek bilimcileri; sosyalizmin insanl\u0131\u011f\u0131n gelece\u011fi oldu\u011funu s\u00f6yleyerek siyaset\u00e7ileri; iktisadi sorunlara \u00f6nerdi\u011fi \u00e7\u00f6z\u00fcmlerle ekonomistleri; kendisi de bir pasifist olmas\u0131na ra\u011fmen, bir atom bombas\u0131 yap\u0131lmas\u0131 tavsiyesiyle ortaya \u00e7\u0131karak sava\u015f kar\u015f\u0131tlar\u0131n\u0131 \u015fa\u015f\u0131rtt\u0131. Uzay ile zaman\u0131n, madde ile enerjinin apayr\u0131 \u015feyler olmay\u0131p bir s\u00fcreklilik olu\u015fturduklar\u0131n\u0131 ortaya koyan \u00e7\u0131\u011f\u0131r a\u00e7\u0131c\u0131 ke\u015fifler yapabilmesi de beyninin \u015fa\u015f\u0131rt\u0131c\u0131 \u00f6l\u00e7\u00fcde farkl\u0131 bi\u00e7imde \u00e7al\u0131\u015fmas\u0131 sebebiyle m\u00fcmk\u00fcn oldu. \u00c7a\u011fda\u015flar\u0131 aras\u0131nda benzersiz ve \u00fcst\u00fcn bir yere sahipti. En b\u00fcy\u00fck, en zeki, en pop\u00fcler ve en sevimli bilim insanlar\u0131ndan biriydi. Bilim, Din ve Ya\u015fam \u00dczerine D\u00fc\u015f\u00fcnceler\u2019i okurken, bir bilim insan\u0131n\u0131n, insan akl\u0131n\u0131n \u00e7al\u0131\u015ft\u0131\u011f\u0131 pek \u00e7ok sahada bu kadar \u00e7ok bilgi ve vizyon sahibi olmas\u0131na \u2013bu ki\u015fi Einstein olsa bile\u2013 \u015fa\u015f\u0131racaks\u0131n\u0131z. <\/p>\n","protected":false},"excerpt":{"rendered":"<p>Albert Einstein Pisagor, Aristoteles, Batlamyus, Kepler, Kopernik, Galileo ve Newton\u2019dan sonra gelen en b\u00fcy\u00fck fizik\u00e7i oldu. Bilimde en \u00f6nemli \u015feyin hayal g\u00fcc\u00fc ve inan\u00e7 fakt\u00f6r\u00fc oldu\u011funu<span class=\"excerpt-hellip\"> [\u2026]<\/span><\/p>\n","protected":false},"featured_media":0,"template":"","meta":{"_monsterinsights_skip_tracking":false,"_monsterinsights_sitenote_active":false,"_monsterinsights_sitenote_note":"","_monsterinsights_sitenote_category":0},"product_brand":[],"product_cat":[13005],"product_tag":[],"class_list":{"0":"post-780109","1":"product","2":"type-product","3":"status-publish","5":"product_cat-bilim-muhendislik","6":"pa_cilt-ciltsiz","7":"pa_tur-kitap","8":"pa_yayinevi-say-yayinlari","9":"pa_yazar-albert-einstein","11":"first","12":"instock","13":"sale","14":"shipping-taxable","15":"purchasable","16":"product-type-simple"},"_links":{"self":[{"href":"https:\/\/roveyayinevi.com.tr\/index.php\/wp-json\/wp\/v2\/product\/780109","targetHints":{"allow":["GET"]}}],"collection":[{"href":"https:\/\/roveyayinevi.com.tr\/index.php\/wp-json\/wp\/v2\/product"}],"about":[{"href":"https:\/\/roveyayinevi.com.tr\/index.php\/wp-json\/wp\/v2\/types\/product"}],"wp:attachment":[{"href":"https:\/\/roveyayinevi.com.tr\/index.php\/wp-json\/wp\/v2\/media?parent=780109"}],"wp:term":[{"taxonomy":"product_brand","embeddable":true,"href":"https:\/\/roveyayinevi.com.tr\/index.php\/wp-json\/wp\/v2\/product_brand?post=780109"},{"taxonomy":"product_cat","embeddable":true,"href":"https:\/\/roveyayinevi.com.tr\/index.php\/wp-json\/wp\/v2\/product_cat?post=780109"},{"taxonomy":"product_tag","embeddable":true,"href":"https:\/\/roveyayinevi.com.tr\/index.php\/wp-json\/wp\/v2\/product_tag?post=780109"}],"curies":[{"name":"wp","href":"https:\/\/api.w.org\/{rel}","templated":true}]}}