{"id":780108,"date":"2025-12-30T12:26:36","date_gmt":"2025-12-30T09:26:36","guid":{"rendered":"https:\/\/roveyayinevi.com.tr\/index.php\/urun\/futbol-tarihi-101\/"},"modified":"2026-04-15T03:44:45","modified_gmt":"2026-04-15T00:44:45","slug":"futbol-tarihi-101","status":"publish","type":"product","link":"https:\/\/roveyayinevi.com.tr\/index.php\/urun\/futbol-tarihi-101\/","title":{"rendered":"Futbol Tarihi 101"},"content":{"rendered":"<p>Futbol, modern d\u00fcnyan\u0131n en g\u00fc\u00e7l\u00fc sosyal ve k\u00fclt\u00fcrel fenomenlerinden biridir.Futbol Tarihi 101, bu evrensel oyunun k\u00f6kenlerinden g\u00fcn\u00fcm\u00fcz\u00fcn k\u00fcresel end\u00fcstrisine uzanan \u00e7ok katmanl\u0131 geli\u015fimini inceliyor.  Antik \u00e7a\u011flardaki ayak topu oyunlar\u0131ndan \u0130ngiltere\u2019de kurallar\u0131 standartla\u015ft\u0131r\u0131lan ilk kar\u015f\u0131la\u015fmalara, end\u00fcstriyel toplumlar\u0131n futbolu bir kimlik arac\u0131 olarak benimseyi\u015finden dijital \u00e7a\u011f\u0131n \u00e7ok uluslu futbol markalar\u0131na kadar uzanan bir d\u00f6n\u00fc\u015f\u00fcm hik\u00e2yesi\u2026 \u0130lhan \u00d6zgen, yaln\u0131zca sahadaki oyuna de\u011fil, ayn\u0131 zamanda futbolun toplumsal s\u0131n\u0131flar, siyaset, ekonomi, medya ve k\u00fclt\u00fcr \u00fczerindeki etkilerine de \u0131\u015f\u0131k tutuyor.  Trib\u00fcnlerin sesiyle halk hareketlerinin kesi\u015fti\u011fi noktalar\u0131, uluslararas\u0131 turnuvalar\u0131n diplomatik anlamlar\u0131n\u0131 ve futbolun bir \u201cmodern mitoloji\u201dye d\u00f6n\u00fc\u015f\u00fcm s\u00fcrecini tarihsel belgeler ve analizlerle ortaya koyuyor. Hem futbol merakl\u0131lar\u0131 hem de sporun sosyal tarihine ilgi duyan ara\u015ft\u0131rmac\u0131lar i\u00e7in vazge\u00e7ilmez bir ba\u015fvuru kayna\u011f\u0131 olan bu kitap, 90 dakikan\u0131n \u00e7ok \u00f6tesine ge\u00e7erek, bir oyunun nas\u0131l bir d\u00fcnya dili haline geldi\u011fini anlat\u0131yor. <\/p>\n","protected":false},"excerpt":{"rendered":"<p>Futbol, modern d\u00fcnyan\u0131n en g\u00fc\u00e7l\u00fc sosyal ve k\u00fclt\u00fcrel fenomenlerinden biridir.Futbol Tarihi 101, bu evrensel oyunun k\u00f6kenlerinden g\u00fcn\u00fcm\u00fcz\u00fcn k\u00fcresel end\u00fcstrisine uzanan \u00e7ok katmanl\u0131 geli\u015fimini inceliyor. Antik \u00e7a\u011flardaki<span class=\"excerpt-hellip\"> [\u2026]<\/span><\/p>\n","protected":false},"featured_media":0,"template":"","meta":{"_monsterinsights_skip_tracking":false,"_monsterinsights_sitenote_active":false,"_monsterinsights_sitenote_note":"","_monsterinsights_sitenote_category":0},"product_brand":[],"product_cat":[12304],"product_tag":[],"class_list":{"0":"post-780108","1":"product","2":"type-product","3":"status-publish","5":"product_cat-tarih","6":"pa_cilt-ciltsiz","7":"pa_tur-kitap","8":"pa_yayinevi-say-yayinlari","9":"pa_yazar-ilhan-ozgen","11":"first","12":"instock","13":"sale","14":"shipping-taxable","15":"purchasable","16":"product-type-simple"},"_links":{"self":[{"href":"https:\/\/roveyayinevi.com.tr\/index.php\/wp-json\/wp\/v2\/product\/780108","targetHints":{"allow":["GET"]}}],"collection":[{"href":"https:\/\/roveyayinevi.com.tr\/index.php\/wp-json\/wp\/v2\/product"}],"about":[{"href":"https:\/\/roveyayinevi.com.tr\/index.php\/wp-json\/wp\/v2\/types\/product"}],"wp:attachment":[{"href":"https:\/\/roveyayinevi.com.tr\/index.php\/wp-json\/wp\/v2\/media?parent=780108"}],"wp:term":[{"taxonomy":"product_brand","embeddable":true,"href":"https:\/\/roveyayinevi.com.tr\/index.php\/wp-json\/wp\/v2\/product_brand?post=780108"},{"taxonomy":"product_cat","embeddable":true,"href":"https:\/\/roveyayinevi.com.tr\/index.php\/wp-json\/wp\/v2\/product_cat?post=780108"},{"taxonomy":"product_tag","embeddable":true,"href":"https:\/\/roveyayinevi.com.tr\/index.php\/wp-json\/wp\/v2\/product_tag?post=780108"}],"curies":[{"name":"wp","href":"https:\/\/api.w.org\/{rel}","templated":true}]}}