{"id":780107,"date":"2025-12-30T12:26:34","date_gmt":"2025-12-30T09:26:34","guid":{"rendered":"https:\/\/roveyayinevi.com.tr\/index.php\/urun\/kadinlar-icin-longevity\/"},"modified":"2026-04-11T03:44:38","modified_gmt":"2026-04-11T00:44:38","slug":"kadinlar-icin-longevity","status":"publish","type":"product","link":"https:\/\/roveyayinevi.com.tr\/index.php\/urun\/kadinlar-icin-longevity\/","title":{"rendered":"Kad\u0131nlar \u0130\u00e7in Longevity"},"content":{"rendered":"<p>E\u011fer onu en iyi versiyonumuzla ve dolu dolu ya\u015fayam\u0131yorsak daha uzun bir hayat\u0131n anlam\u0131 ne?   D\u00fcnya h\u0131zla de\u011fi\u015fiyor ve uzun \u00f6m\u00fcr devriminin merkezinde kad\u0131nlar var. Bug\u00fcn kad\u0131nlar erkeklerden ortalama be\u015f y\u0131l daha uzun ya\u015f\u0131yor; elli ya\u015f\u0131ndaki bir kad\u0131n, \u00f6n\u00fcnde en az otuz be\u015f y\u0131l daha oldu\u011funu bilerek hayat\u0131na devam ediyor. Y\u00fcz ya\u015f\u0131n\u0131 a\u015fanlar\u0131n b\u00fcy\u00fck \u00e7o\u011funlu\u011funu kad\u0131nlar olu\u015fturuyor.   Ara\u015ft\u0131rmalar sa\u011fl\u0131\u011f\u0131m\u0131z\u0131n %70-90\u2019\u0131n\u0131n genetikle de\u011fil, se\u00e7imlerimizle \u015fekillendi\u011fini g\u00f6sterse de, pek \u00e7ok kad\u0131n ya\u015fam kalitesini y\u00fckseltecek bilgi ve kaynaklara eri\u015femiyor.   Kad\u0131nlar i\u00e7in Longevity, bu ihtiyaca kapsaml\u0131 ve herkes i\u00e7in ula\u015f\u0131labilir bir cevap sunuyor. Uluslararas\u0131 ara\u015ft\u0131rmalar, n\u00f6robilim, epigenetik, beslenme bilimi, hormon sa\u011fl\u0131\u011f\u0131, ba\u011f\u0131rsak mikrobiyomu, stres fizyolojisi ve yenilik\u00e7i t\u0131p uygulamalar\u0131ndan elde edilen en g\u00fcncel bilgiler, bu kitapta pratik bir sisteme d\u00f6n\u00fc\u015f\u00fcyor.   Bu kitap, yaln\u0131zca daha uzun ya\u015famak i\u00e7in de\u011fil, daha enerjik, daha g\u00fc\u00e7l\u00fc, daha \u00f6zg\u00fcr ve daha anlaml\u0131 bir hayat kurmak i\u00e7in yaz\u0131ld\u0131.   Kad\u0131nlar i\u00e7in Longevity, sa\u011fl\u0131k i\u00e7inde, doya doya ya\u015famak isteyen her kad\u0131n i\u00e7in g\u00fc\u00e7lendirici bir rehber. <\/p>\n","protected":false},"excerpt":{"rendered":"<p>E\u011fer onu en iyi versiyonumuzla ve dolu dolu ya\u015fayam\u0131yorsak daha uzun bir hayat\u0131n anlam\u0131 ne? D\u00fcnya h\u0131zla de\u011fi\u015fiyor ve uzun \u00f6m\u00fcr devriminin merkezinde kad\u0131nlar var. Bug\u00fcn<span class=\"excerpt-hellip\"> [\u2026]<\/span><\/p>\n","protected":false},"featured_media":0,"template":"","meta":{"_monsterinsights_skip_tracking":false,"_monsterinsights_sitenote_active":false,"_monsterinsights_sitenote_note":"","_monsterinsights_sitenote_category":0},"product_brand":[],"product_cat":[12364,12376],"product_tag":[],"class_list":{"0":"post-780107","1":"product","2":"type-product","3":"status-publish","5":"product_cat-genel-konular","6":"product_cat-kisisel-gelisim","7":"pa_cilt-ciltsiz","8":"pa_tur-kitap","9":"pa_yayinevi-omega","10":"pa_yazar-maddy-dychtwald","12":"first","13":"instock","14":"sale","15":"shipping-taxable","16":"purchasable","17":"product-type-simple"},"_links":{"self":[{"href":"https:\/\/roveyayinevi.com.tr\/index.php\/wp-json\/wp\/v2\/product\/780107","targetHints":{"allow":["GET"]}}],"collection":[{"href":"https:\/\/roveyayinevi.com.tr\/index.php\/wp-json\/wp\/v2\/product"}],"about":[{"href":"https:\/\/roveyayinevi.com.tr\/index.php\/wp-json\/wp\/v2\/types\/product"}],"wp:attachment":[{"href":"https:\/\/roveyayinevi.com.tr\/index.php\/wp-json\/wp\/v2\/media?parent=780107"}],"wp:term":[{"taxonomy":"product_brand","embeddable":true,"href":"https:\/\/roveyayinevi.com.tr\/index.php\/wp-json\/wp\/v2\/product_brand?post=780107"},{"taxonomy":"product_cat","embeddable":true,"href":"https:\/\/roveyayinevi.com.tr\/index.php\/wp-json\/wp\/v2\/product_cat?post=780107"},{"taxonomy":"product_tag","embeddable":true,"href":"https:\/\/roveyayinevi.com.tr\/index.php\/wp-json\/wp\/v2\/product_tag?post=780107"}],"curies":[{"name":"wp","href":"https:\/\/api.w.org\/{rel}","templated":true}]}}