{"id":780106,"date":"2025-12-30T12:26:31","date_gmt":"2025-12-30T09:26:31","guid":{"rendered":"https:\/\/roveyayinevi.com.tr\/index.php\/urun\/gunes-umuttan-simdi-dogar\/"},"modified":"2026-04-15T03:44:45","modified_gmt":"2026-04-15T00:44:45","slug":"gunes-umuttan-simdi-dogar","status":"publish","type":"product","link":"https:\/\/roveyayinevi.com.tr\/index.php\/urun\/gunes-umuttan-simdi-dogar\/","title":{"rendered":"G\u00fcne\u015f Umuttan \u015eimdi Do\u011far"},"content":{"rendered":"<p>Eski bir s\u00f6ylence, Tanr\u0131\u2019n\u0131n otuz alt\u0131 iyi insan\u0131n y\u00fcz\u00fc suyu h\u00fcrmetine d\u00fcnyay\u0131 yok etmekten vazge\u00e7ti\u011fi anlat\u0131l\u0131r. Bu bir masald\u0131r ama d\u00fcnyan\u0131n ya\u015fanabilir bir yer olmay\u0131 erdemler sayesinde s\u00fcrd\u00fcrd\u00fc\u011f\u00fc, ger\u00e7ektir. Do\u011fruluk, adalet, merhamet, iyilik, vefa, incelik, \u00e7al\u0131\u015fkanl\u0131k, \u00f6zveri gibi de\u011ferlerle kar\u015f\u0131la\u015ft\u0131\u011f\u0131m\u0131zda g\u00f6z\u00fcm\u00fcz\u00fcn \u0131\u015f\u0131y\u0131p i\u00e7imizin \u0131s\u0131nmas\u0131, unutmaya ba\u015flad\u0131\u011f\u0131m\u0131z insani \u00f6z\u00fcm\u00fczle kar\u015f\u0131la\u015ft\u0131\u011f\u0131m\u0131z\u0131 fark etmemizden kaynaklan\u0131yor olmas\u0131n sak\u0131n? Ya bu de\u011ferlerin hepsini bir insanda bulmak? \u0130\u015fte bu mucizedir ve bu y\u00fczden de seyrek g\u00f6r\u00fcn\u00fcr. T\u00fcrkan Saylan, seyrek bulunan bu t\u00fcr insanlardand\u0131r, Yaln\u0131zca s\u00f6yledikleri ve yazd\u0131klar\u0131yla de\u011fil, ya\u015fam\u0131yla da \u00f6\u011freten bir \u00f6\u011fretim \u00fcyesi&#8230; T\u00fcm \u00e7ocuklara \u00f6z \u00e7ocu\u011fu gibi g\u00f6ren bir anne&#8230; Hastal\u0131\u011fa, hastan\u0131n a\u00e7\u0131s\u0131ndan bakmay\u0131; hastay\u0131, hastal\u0131\u011f\u0131 ta\u015f\u0131yan bir organizma olarak de\u011fil, insan olarak g\u00f6rmeyi ba\u015farabilen bir \u201darkada\u015f hekim\u201d&#8230; C\u00fczzam\u0131 \u00fclkemizden ve d\u00fcnyadan silme yolunda b\u00fcy\u00fck ba\u015far\u0131 sa\u011flam\u0131\u015f, bu alanda yapt\u0131\u011f\u0131 \u00e7al\u0131\u015fmalarla d\u00fcnyan\u0131n say\u0131l\u0131 c\u00fczzam otoritelerinden biri olmu\u015f, Gandhi \u00d6d\u00fcl\u00fc\u2019ne lay\u0131k g\u00f6r\u00fclm\u00fc\u015f bir bilim insan\u0131&#8230; \u00dclkesinin, d\u00fcnyan\u0131n geli\u015fmi\u015f \u00fclkeleri aras\u0131nda olmay\u0131 hak etti\u011fine inanan, cehaletle, dogmayla, \u00e7\u0131kar ili\u015fkileriyle sava\u015fmaktan geri durmayan bir ayd\u0131n&#8230; \u00c7ocukluk arkada\u015flar\u0131n\u0131 h\u00e2l\u00e2 okul numaralar\u0131yla an\u0131msayan, topluma ve insanl\u0131\u011fa hizmet etmi\u015f olan herkese vefa duygusuyla ba\u011fl\u0131 bir dost&#8230; \u0130nsan\u00fcst\u00fc bir \u00e7al\u0131\u015fma temposuyla y\u0131llard\u0131r halk sa\u011fl\u0131\u011f\u0131 i\u00e7in, e\u011fitim i\u00e7in, \u00e7a\u011fda\u015fla\u015fma i\u00e7in, kad\u0131n ve insan haklar\u0131 i\u00e7in, demokrasi i\u00e7in, \u00fclkesinin ve insanl\u0131\u011f\u0131n ayd\u0131nl\u0131k gelece\u011fi i\u00e7in didinen bir eylemci, bir Cumhuriyet kad\u0131n\u0131&#8230; Ve daha bir\u00e7ok erdem&#8230; G\u00f6zden ge\u00e7irilmi\u015f ve yenilenmi\u015f bask\u0131s\u0131yla G\u00fcne\u015f Umuttan \u015eimdi Do\u011far\u2019da T\u00fcrkan Saylan\u2019\u0131n \u00f6zel ya\u015fam\u0131n\u0131, mutluluklar\u0131n\u0131, d\u00fc\u015flerini, umutlar\u0131n\u0131, d\u00fc\u015f\u00fcncelerini bulacaks\u0131n\u0131z. Neredeyse yetmi\u015f y\u0131ll\u0131k bir ya\u015fam\u00f6yk\u00fcs\u00fcyle g\u00f6z\u00fcn\u00fcz \u0131\u015f\u0131y\u0131p i\u00e7iniz \u0131s\u0131nacak. G\u00fcne\u015fi do\u011furan\u0131n asl\u0131nda umut oldu\u011funu g\u00f6receksiniz&#8230; <\/p>\n","protected":false},"excerpt":{"rendered":"<p>Eski bir s\u00f6ylence, Tanr\u0131\u2019n\u0131n otuz alt\u0131 iyi insan\u0131n y\u00fcz\u00fc suyu h\u00fcrmetine d\u00fcnyay\u0131 yok etmekten vazge\u00e7ti\u011fi anlat\u0131l\u0131r. Bu bir masald\u0131r ama d\u00fcnyan\u0131n ya\u015fanabilir bir yer olmay\u0131 erdemler<span class=\"excerpt-hellip\"> [\u2026]<\/span><\/p>\n","protected":false},"featured_media":0,"template":"","meta":{"_monsterinsights_skip_tracking":false,"_monsterinsights_sitenote_active":false,"_monsterinsights_sitenote_note":"","_monsterinsights_sitenote_category":0},"product_brand":[],"product_cat":[12291,30969],"product_tag":[],"class_list":{"0":"post-780106","1":"product","2":"type-product","3":"status-publish","5":"product_cat-edebiyat","6":"product_cat-soylesi-edebiyat","7":"pa_cilt-ciltsiz","8":"pa_tur-kitap","9":"pa_yayinevi-cumhuriyet-kitaplari","10":"pa_yazar-mehmet-zaman-saclioglu","12":"first","13":"instock","14":"sale","15":"shipping-taxable","16":"purchasable","17":"product-type-simple"},"_links":{"self":[{"href":"https:\/\/roveyayinevi.com.tr\/index.php\/wp-json\/wp\/v2\/product\/780106","targetHints":{"allow":["GET"]}}],"collection":[{"href":"https:\/\/roveyayinevi.com.tr\/index.php\/wp-json\/wp\/v2\/product"}],"about":[{"href":"https:\/\/roveyayinevi.com.tr\/index.php\/wp-json\/wp\/v2\/types\/product"}],"wp:attachment":[{"href":"https:\/\/roveyayinevi.com.tr\/index.php\/wp-json\/wp\/v2\/media?parent=780106"}],"wp:term":[{"taxonomy":"product_brand","embeddable":true,"href":"https:\/\/roveyayinevi.com.tr\/index.php\/wp-json\/wp\/v2\/product_brand?post=780106"},{"taxonomy":"product_cat","embeddable":true,"href":"https:\/\/roveyayinevi.com.tr\/index.php\/wp-json\/wp\/v2\/product_cat?post=780106"},{"taxonomy":"product_tag","embeddable":true,"href":"https:\/\/roveyayinevi.com.tr\/index.php\/wp-json\/wp\/v2\/product_tag?post=780106"}],"curies":[{"name":"wp","href":"https:\/\/api.w.org\/{rel}","templated":true}]}}