{"id":780104,"date":"2025-12-30T12:26:24","date_gmt":"2025-12-30T09:26:24","guid":{"rendered":"https:\/\/roveyayinevi.com.tr\/index.php\/urun\/alti-oku-cizerken\/"},"modified":"2026-04-15T03:44:45","modified_gmt":"2026-04-15T00:44:45","slug":"alti-oku-cizerken","status":"publish","type":"product","link":"https:\/\/roveyayinevi.com.tr\/index.php\/urun\/alti-oku-cizerken\/","title":{"rendered":"Alt\u0131 Oku \u00c7izerken"},"content":{"rendered":"<p>T\u00fcrkiye\u2019de arkeolojinin ve grafik tasar\u0131m\u0131n \u00f6nc\u00fclerinden Mahmut Akok, 20. y\u00fczy\u0131l\u0131n ilk g\u00fcnlerine ve Kurtulu\u015f Sava\u015f\u0131\u2019na, Cumhuriyetin ilan\u0131na, Ankara\u2019n\u0131n k\u00fcllerinden do\u011fu\u015funa tan\u0131kl\u0131k etmi\u015ftir. Mahmut Akok\u2019un uzun y\u0131llar boyunca kendi el yaz\u0131s\u0131yla tuttu\u011fu ve \u201cBir Hayat \u00d6yk\u00fcs\u00fc\u201d ad\u0131n\u0131 verdi\u011fi defterlerinden derlenen bu kitapta Cumhuriyetin ilk ku\u015fa\u011f\u0131n\u0131n kar\u015f\u0131la\u015ft\u0131\u011f\u0131 zorluklar\u0131, bu zorluklar\u0131 yenme istencinin topluma nas\u0131l yerle\u015fti\u011fini daha iyi anlayacaks\u0131n\u0131z. Ayr\u0131ca T\u00fcrk Devrimi\u2019nin simgesi olan \u201cAlt\u0131 Ok\u201dun ortaya \u00e7\u0131k\u0131\u015f \u00f6yk\u00fcs\u00fcn\u00fc de bizzat bu amblemi tasarlayan ki\u015finin an\u0131lar\u0131ndan okuma olana\u011f\u0131n\u0131 bulacaks\u0131n\u0131z. Band\u0131rma\u2019dan \u0130nebolu \u00fczerinden devrimin ba\u015fkentine ge\u00e7i\u015finde kald\u0131\u011f\u0131 yerleri ve Anadolu manzaras\u0131n\u0131 onun kaleminden okurken Milli M\u00fccadele g\u00fcnlerine d\u00f6neceksiniz. Cephelerden sanatta ustala\u015fmaya uzanan bir ya\u015fam, roman tad\u0131nda okuyaca\u011f\u0131n\u0131z an\u0131lar ve tan\u0131kl\u0131lar&#8230; <\/p>\n","protected":false},"excerpt":{"rendered":"<p>T\u00fcrkiye\u2019de arkeolojinin ve grafik tasar\u0131m\u0131n \u00f6nc\u00fclerinden Mahmut Akok, 20. y\u00fczy\u0131l\u0131n ilk g\u00fcnlerine ve Kurtulu\u015f Sava\u015f\u0131\u2019na, Cumhuriyetin ilan\u0131na, Ankara\u2019n\u0131n k\u00fcllerinden do\u011fu\u015funa tan\u0131kl\u0131k etmi\u015ftir. Mahmut Akok\u2019un uzun y\u0131llar<span class=\"excerpt-hellip\"> [\u2026]<\/span><\/p>\n","protected":false},"featured_media":0,"template":"","meta":{"_monsterinsights_skip_tracking":false,"_monsterinsights_sitenote_active":false,"_monsterinsights_sitenote_note":"","_monsterinsights_sitenote_category":0},"product_brand":[],"product_cat":[13701,12291],"product_tag":[],"class_list":{"0":"post-780104","1":"product","2":"type-product","3":"status-publish","5":"product_cat-ani-mektup-gunluk","6":"product_cat-edebiyat","7":"pa_cilt-ciltsiz","8":"pa_tur-kitap","9":"pa_yayinevi-cumhuriyet-kitaplari","10":"pa_yazar-mahmut-akok","12":"first","13":"instock","14":"sale","15":"shipping-taxable","16":"purchasable","17":"product-type-simple"},"_links":{"self":[{"href":"https:\/\/roveyayinevi.com.tr\/index.php\/wp-json\/wp\/v2\/product\/780104","targetHints":{"allow":["GET"]}}],"collection":[{"href":"https:\/\/roveyayinevi.com.tr\/index.php\/wp-json\/wp\/v2\/product"}],"about":[{"href":"https:\/\/roveyayinevi.com.tr\/index.php\/wp-json\/wp\/v2\/types\/product"}],"wp:attachment":[{"href":"https:\/\/roveyayinevi.com.tr\/index.php\/wp-json\/wp\/v2\/media?parent=780104"}],"wp:term":[{"taxonomy":"product_brand","embeddable":true,"href":"https:\/\/roveyayinevi.com.tr\/index.php\/wp-json\/wp\/v2\/product_brand?post=780104"},{"taxonomy":"product_cat","embeddable":true,"href":"https:\/\/roveyayinevi.com.tr\/index.php\/wp-json\/wp\/v2\/product_cat?post=780104"},{"taxonomy":"product_tag","embeddable":true,"href":"https:\/\/roveyayinevi.com.tr\/index.php\/wp-json\/wp\/v2\/product_tag?post=780104"}],"curies":[{"name":"wp","href":"https:\/\/api.w.org\/{rel}","templated":true}]}}