{"id":780103,"date":"2025-12-30T12:26:21","date_gmt":"2025-12-30T09:26:21","guid":{"rendered":"https:\/\/roveyayinevi.com.tr\/index.php\/urun\/bircok-sey\/"},"modified":"2026-04-03T03:36:11","modified_gmt":"2026-04-03T00:36:11","slug":"bircok-sey","status":"publish","type":"product","link":"https:\/\/roveyayinevi.com.tr\/index.php\/urun\/bircok-sey\/","title":{"rendered":"Bir\u00e7ok \u015eey"},"content":{"rendered":"<p>S\u00f6zc\u00fcklerin \u00f6tesine ge\u00e7meye, anlamlar\u0131n pe\u015fine d\u00fc\u015fmeye ne dersiniz? R\u00fczg\u00e2rla u\u00e7u\u015fan s\u00f6zc\u00fcklerden, kalpte filizlenen duygulara uzanan Bir\u00e7ok \u015eey, ke\u015fiflerle dolu bir yolculuk vaat ediyor. Bu kitab\u0131n al\u0131\u015f\u0131lagelmi\u015f bir kurgusu yok. Oyundan felsefeye, somuttan soyuta uzanan sayfalar\u0131 var.  Bazen bir s\u00f6zc\u00fck, bazen bir soru, bazen de sessiz bir duygu okuyucuyu d\u00fc\u015f\u00fcnmeye davet ediyor. Bir\u00e7ok \u015eey\u2019in i\u00e7erisinde \u2018Daha \u00f6nce hi\u00e7 d\u00fc\u015f\u00fcnmemi\u015ftim\u2019 dedirten sorular\u0131n yan\u0131 s\u0131ra, \u00e7ocuklarla felsefe (P4C) yapmaya y\u00f6nelik \u2018etkile\u015fimli kitap\u2019 b\u00f6l\u00fcm\u00fc de yer al\u0131yor. Her sayfas\u0131nda bir soru ve oyun bulaca\u011f\u0131n\u0131z bu kitap, akl\u0131nda daima bir\u00e7ok \u015feyi olan herkese\u2026 <\/p>\n","protected":false},"excerpt":{"rendered":"<p>S\u00f6zc\u00fcklerin \u00f6tesine ge\u00e7meye, anlamlar\u0131n pe\u015fine d\u00fc\u015fmeye ne dersiniz? R\u00fczg\u00e2rla u\u00e7u\u015fan s\u00f6zc\u00fcklerden, kalpte filizlenen duygulara uzanan Bir\u00e7ok \u015eey, ke\u015fiflerle dolu bir yolculuk vaat ediyor. Bu kitab\u0131n al\u0131\u015f\u0131lagelmi\u015f<span class=\"excerpt-hellip\"> [\u2026]<\/span><\/p>\n","protected":false},"featured_media":0,"template":"","meta":{"_monsterinsights_skip_tracking":false,"_monsterinsights_sitenote_active":false,"_monsterinsights_sitenote_note":"","_monsterinsights_sitenote_category":0},"product_brand":[],"product_cat":[12274,12284],"product_tag":[],"class_list":{"0":"post-780103","1":"product","2":"type-product","3":"status-publish","5":"product_cat-cocuk-ve-genclik-kitaplari","6":"product_cat-hikayeler","7":"pa_cilt-ciltsiz","8":"pa_tur-kitap","9":"pa_yayinevi-opus-kitap","10":"pa_yazar-rabia-cinar","12":"first","13":"instock","14":"sale","15":"shipping-taxable","16":"purchasable","17":"product-type-simple"},"_links":{"self":[{"href":"https:\/\/roveyayinevi.com.tr\/index.php\/wp-json\/wp\/v2\/product\/780103","targetHints":{"allow":["GET"]}}],"collection":[{"href":"https:\/\/roveyayinevi.com.tr\/index.php\/wp-json\/wp\/v2\/product"}],"about":[{"href":"https:\/\/roveyayinevi.com.tr\/index.php\/wp-json\/wp\/v2\/types\/product"}],"wp:attachment":[{"href":"https:\/\/roveyayinevi.com.tr\/index.php\/wp-json\/wp\/v2\/media?parent=780103"}],"wp:term":[{"taxonomy":"product_brand","embeddable":true,"href":"https:\/\/roveyayinevi.com.tr\/index.php\/wp-json\/wp\/v2\/product_brand?post=780103"},{"taxonomy":"product_cat","embeddable":true,"href":"https:\/\/roveyayinevi.com.tr\/index.php\/wp-json\/wp\/v2\/product_cat?post=780103"},{"taxonomy":"product_tag","embeddable":true,"href":"https:\/\/roveyayinevi.com.tr\/index.php\/wp-json\/wp\/v2\/product_tag?post=780103"}],"curies":[{"name":"wp","href":"https:\/\/api.w.org\/{rel}","templated":true}]}}