{"id":780102,"date":"2025-12-30T12:26:17","date_gmt":"2025-12-30T09:26:17","guid":{"rendered":"https:\/\/roveyayinevi.com.tr\/index.php\/urun\/her-sey-normalmis-gibi\/"},"modified":"2026-04-15T03:44:45","modified_gmt":"2026-04-15T00:44:45","slug":"her-sey-normalmis-gibi","status":"publish","type":"product","link":"https:\/\/roveyayinevi.com.tr\/index.php\/urun\/her-sey-normalmis-gibi\/","title":{"rendered":"Her \u015eey Normalmi\u015f Gibi"},"content":{"rendered":"<p>\u201cVe bir \u015fey daha s\u00f6yleyeyim bak, a\u015fk gelecek de\u011fildir Lora, ge\u00e7mi\u015ftir. Benim kemiklerimden ve etimden ve kan\u0131mdan, senin damarlar\u0131ndan ve t\u00fck\u00fcr\u00fc\u011f\u00fcnden do\u011fmu\u015ftur a\u015fk. \u0130ki insan birbirinin yar\u0131n\u0131na de\u011fil, hakikatine \u00e2\u015f\u0131k olur. Tarihin f\u0131rlat\u0131p o \u00e2na att\u0131\u011f\u0131 iki \u00e7\u0131plak varl\u0131\u011f\u0131z biz. Biz. Yani \u00e2\u015f\u0131klar.\u201dFarkl\u0131 d\u00fcnyalardan iki insan: Arda ve Lora. Onlar\u0131 zorlu bir ili\u015fkinin ana karakterleri yapan \u015fey ne olabilir? Tesad\u00fcf m\u00fc, yoksa ikisinin de varolu\u015f hik\u00e2yesinde sakl\u0131 bir sebep mi? Her \u015eey Normalmi\u015f Gibi\u2019de gen\u00e7 bir adam\u0131n g\u00f6z\u00fcnden bak\u0131yoruz ya\u015fad\u0131\u011f\u0131m\u0131z kaotik g\u00fcnlere. Onunla birlikte hem sevdi\u011fi kad\u0131n\u0131 tan\u0131maya ve anlamaya \u00e7al\u0131\u015f\u0131yoruz hem de son d\u00f6nemin siyasi ve toplumsal atmosferini yeniden g\u00f6zden ge\u00e7iriyoruz.Gaye Boral\u0131o\u011flu, bir ucu \u0130stanbul\u2019un g\u00f6be\u011finde di\u011fer ucu Diyarbak\u0131r\u2019\u0131n r\u00fczg\u00e2r\u0131nda gezinen bu hik\u00e2yeyi anlat\u0131rken, bizleri ikili ili\u015fkiler, varolu\u015f meselelerimiz ve haletiruhiyemiz \u00fczerine d\u00fc\u015f\u00fcnmeye davet ediyor. Bazen gayet ger\u00e7ek\u00e7i, bazen masallarla, mitlerle bezenmi\u015f bir dilin imk\u00e2nlar\u0131n\u0131 ustaca harmanlayarak bizi \u015fu soruyla ba\u015f ba\u015fa b\u0131rak\u0131yor: Ya\u015fad\u0131\u011f\u0131m\u0131z \u00e7a\u011fda sahici bir a\u015fk m\u00fcmk\u00fcn m\u00fc?<\/p>\n","protected":false},"excerpt":{"rendered":"<p>\u201cVe bir \u015fey daha s\u00f6yleyeyim bak, a\u015fk gelecek de\u011fildir Lora, ge\u00e7mi\u015ftir. Benim kemiklerimden ve etimden ve kan\u0131mdan, senin damarlar\u0131ndan ve t\u00fck\u00fcr\u00fc\u011f\u00fcnden do\u011fmu\u015ftur a\u015fk. \u0130ki insan birbirinin<span class=\"excerpt-hellip\"> [\u2026]<\/span><\/p>\n","protected":false},"featured_media":0,"template":"","meta":{"_monsterinsights_skip_tracking":false,"_monsterinsights_sitenote_active":false,"_monsterinsights_sitenote_note":"","_monsterinsights_sitenote_category":0},"product_brand":[],"product_cat":[12291,12711],"product_tag":[],"class_list":{"0":"post-780102","1":"product","2":"type-product","3":"status-publish","5":"product_cat-edebiyat","6":"product_cat-roman-oyku","7":"pa_cilt-ciltsiz","8":"pa_tur-kitap","9":"pa_yayinevi-iletisim-yayinlari","10":"pa_yazar-gaye-boralioglu","12":"first","13":"instock","14":"sale","15":"shipping-taxable","16":"purchasable","17":"product-type-simple"},"_links":{"self":[{"href":"https:\/\/roveyayinevi.com.tr\/index.php\/wp-json\/wp\/v2\/product\/780102","targetHints":{"allow":["GET"]}}],"collection":[{"href":"https:\/\/roveyayinevi.com.tr\/index.php\/wp-json\/wp\/v2\/product"}],"about":[{"href":"https:\/\/roveyayinevi.com.tr\/index.php\/wp-json\/wp\/v2\/types\/product"}],"wp:attachment":[{"href":"https:\/\/roveyayinevi.com.tr\/index.php\/wp-json\/wp\/v2\/media?parent=780102"}],"wp:term":[{"taxonomy":"product_brand","embeddable":true,"href":"https:\/\/roveyayinevi.com.tr\/index.php\/wp-json\/wp\/v2\/product_brand?post=780102"},{"taxonomy":"product_cat","embeddable":true,"href":"https:\/\/roveyayinevi.com.tr\/index.php\/wp-json\/wp\/v2\/product_cat?post=780102"},{"taxonomy":"product_tag","embeddable":true,"href":"https:\/\/roveyayinevi.com.tr\/index.php\/wp-json\/wp\/v2\/product_tag?post=780102"}],"curies":[{"name":"wp","href":"https:\/\/api.w.org\/{rel}","templated":true}]}}