{"id":780101,"date":"2025-12-30T12:26:13","date_gmt":"2025-12-30T09:26:13","guid":{"rendered":"https:\/\/roveyayinevi.com.tr\/index.php\/urun\/eylembilim-ciltli-ozel-baski\/"},"modified":"2026-04-15T03:44:44","modified_gmt":"2026-04-15T00:44:44","slug":"eylembilim-ciltli-ozel-baski","status":"publish","type":"product","link":"https:\/\/roveyayinevi.com.tr\/index.php\/urun\/eylembilim-ciltli-ozel-baski\/","title":{"rendered":"Eylembilim (Ciltli \u00d6zel Bask\u0131)"},"content":{"rendered":"<p>\u201cNeden baz\u0131 insanlar, baz\u0131 \u015feyleri hi\u00e7 bilmiyorlar? Duysalar, dinleseler, hatta kar\u015f\u0131lar\u0131nda g\u00f6rseler bile bilmiyorlar.\u201d\u201cSevgili O\u011fuz, &#8230; sana k\u0131saca \u015funu s\u00f6ylemek istiyordum: Eylembilim\u2019le bize, tamamlayamam\u0131\u015f da olsan, anlatt\u0131\u011f\u0131n olaylar ve \u00e7izdi\u011fin ki\u015filerle, gene de kendi i\u00e7inde belli bir b\u00fct\u00fcnl\u00fc\u011f\u00fc olan unutulmaz bir ba\u015fyap\u0131t b\u0131rakt\u0131n. Sahte sa\u011fduyuya, yapay ayd\u0131nlara, basmakal\u0131p kavramlara, kof duygululuklara Eylembilim\u2019in intikam k\u0131l\u0131c\u0131n\u0131 korkusuzca \u00e7eken Server G\u00f6zbudak arac\u0131l\u0131\u011f\u0131yla, \u00e7ok dolayl\u0131 bir bi\u00e7imde ve kendine \u00f6zg\u00fc inceli\u011finle \u00e7ekilen ac\u0131lar\u0131 da eski ustalar gibi yerli yerine yerle\u015ftirmeyi ba\u015fard\u0131n. Binlerce te\u015fekk\u00fcr. G\u00f6zlerinden \u00f6perim.\u201dCevat \u00c7apan<\/p>\n","protected":false},"excerpt":{"rendered":"<p>\u201cNeden baz\u0131 insanlar, baz\u0131 \u015feyleri hi\u00e7 bilmiyorlar? Duysalar, dinleseler, hatta kar\u015f\u0131lar\u0131nda g\u00f6rseler bile bilmiyorlar.\u201d\u201cSevgili O\u011fuz, &#8230; sana k\u0131saca \u015funu s\u00f6ylemek istiyordum: Eylembilim\u2019le bize, tamamlayamam\u0131\u015f da olsan,<span class=\"excerpt-hellip\"> [\u2026]<\/span><\/p>\n","protected":false},"featured_media":0,"template":"","meta":{"_monsterinsights_skip_tracking":false,"_monsterinsights_sitenote_active":false,"_monsterinsights_sitenote_note":"","_monsterinsights_sitenote_category":0},"product_brand":[],"product_cat":[12291,12711],"product_tag":[],"class_list":{"0":"post-780101","1":"product","2":"type-product","3":"status-publish","5":"product_cat-edebiyat","6":"product_cat-roman-oyku","7":"pa_cilt-ciltli","8":"pa_tur-kitap","9":"pa_yayinevi-iletisim-yayinlari","10":"pa_yazar-oguz-atay","12":"first","13":"instock","14":"sale","15":"shipping-taxable","16":"purchasable","17":"product-type-simple"},"_links":{"self":[{"href":"https:\/\/roveyayinevi.com.tr\/index.php\/wp-json\/wp\/v2\/product\/780101","targetHints":{"allow":["GET"]}}],"collection":[{"href":"https:\/\/roveyayinevi.com.tr\/index.php\/wp-json\/wp\/v2\/product"}],"about":[{"href":"https:\/\/roveyayinevi.com.tr\/index.php\/wp-json\/wp\/v2\/types\/product"}],"wp:attachment":[{"href":"https:\/\/roveyayinevi.com.tr\/index.php\/wp-json\/wp\/v2\/media?parent=780101"}],"wp:term":[{"taxonomy":"product_brand","embeddable":true,"href":"https:\/\/roveyayinevi.com.tr\/index.php\/wp-json\/wp\/v2\/product_brand?post=780101"},{"taxonomy":"product_cat","embeddable":true,"href":"https:\/\/roveyayinevi.com.tr\/index.php\/wp-json\/wp\/v2\/product_cat?post=780101"},{"taxonomy":"product_tag","embeddable":true,"href":"https:\/\/roveyayinevi.com.tr\/index.php\/wp-json\/wp\/v2\/product_tag?post=780101"}],"curies":[{"name":"wp","href":"https:\/\/api.w.org\/{rel}","templated":true}]}}