{"id":780100,"date":"2025-12-30T12:26:09","date_gmt":"2025-12-30T09:26:09","guid":{"rendered":"https:\/\/roveyayinevi.com.tr\/index.php\/urun\/gunluk-ciltli-ozel-baski\/"},"modified":"2026-04-15T03:44:44","modified_gmt":"2026-04-15T00:44:44","slug":"gunluk-ciltli-ozel-baski","status":"publish","type":"product","link":"https:\/\/roveyayinevi.com.tr\/index.php\/urun\/gunluk-ciltli-ozel-baski\/","title":{"rendered":"G\u00fcnl\u00fck (Ciltli \u00d6zel Bask\u0131)"},"content":{"rendered":"<p>\u201cKimse dinlemiyorsa beni \u2013ya da istedi\u011fim gibi dinlemiyorsa\u2013 g\u00fcnl\u00fck tutmaktan ba\u015fka \u00e7are kalm\u0131yor. Can\u0131m insanlar! Sonunda, bana, bunu da yapt\u0131n\u0131z.\u201d O\u011fuz Atay\u2019\u0131n edebiyatla ilgili herkes i\u00e7in s\u00fcrekli merak konusu olmu\u015f g\u00fcnl\u00fc\u011f\u00fcn\u00fcn b\u00fct\u00fcn\u00fc. \u201cKimse dinlemiyorsa beni -ya da istedi\u011fim gibi dinlemiyorsa- g\u00fcnl\u00fck tutmaktan ba\u015fka \u00e7are kalm\u0131yor. Can\u0131m insanlar! Sonunda bana bunu da yapt\u0131n\u0131z\u201d s\u00f6zleriyle ba\u015flayan G\u00fcnl\u00fck boyunca okur, yazar\u0131n son y\u0131llar\u0131ndaki yaln\u0131zl\u0131\u011f\u0131n\u0131 payla\u015fmakla kalm\u0131yor, Oyunlarla Ya\u015fayanlar\u2019\u0131n olu\u015fum s\u00fcrecini ad\u0131m ad\u0131m izliyor, bir edebiyat laboratuvar\u0131ndaym\u0131\u015f gibi.<\/p>\n","protected":false},"excerpt":{"rendered":"<p>\u201cKimse dinlemiyorsa beni \u2013ya da istedi\u011fim gibi dinlemiyorsa\u2013 g\u00fcnl\u00fck tutmaktan ba\u015fka \u00e7are kalm\u0131yor. Can\u0131m insanlar! Sonunda, bana, bunu da yapt\u0131n\u0131z.\u201d O\u011fuz Atay\u2019\u0131n edebiyatla ilgili herkes i\u00e7in<span class=\"excerpt-hellip\"> [\u2026]<\/span><\/p>\n","protected":false},"featured_media":0,"template":"","meta":{"_monsterinsights_skip_tracking":false,"_monsterinsights_sitenote_active":false,"_monsterinsights_sitenote_note":"","_monsterinsights_sitenote_category":0},"product_brand":[],"product_cat":[12291,12711],"product_tag":[],"class_list":{"0":"post-780100","1":"product","2":"type-product","3":"status-publish","5":"product_cat-edebiyat","6":"product_cat-roman-oyku","7":"pa_cilt-ciltli","8":"pa_tur-kitap","9":"pa_yayinevi-iletisim-yayinlari","10":"pa_yazar-oguz-atay","12":"first","13":"instock","14":"sale","15":"shipping-taxable","16":"purchasable","17":"product-type-simple"},"_links":{"self":[{"href":"https:\/\/roveyayinevi.com.tr\/index.php\/wp-json\/wp\/v2\/product\/780100","targetHints":{"allow":["GET"]}}],"collection":[{"href":"https:\/\/roveyayinevi.com.tr\/index.php\/wp-json\/wp\/v2\/product"}],"about":[{"href":"https:\/\/roveyayinevi.com.tr\/index.php\/wp-json\/wp\/v2\/types\/product"}],"wp:attachment":[{"href":"https:\/\/roveyayinevi.com.tr\/index.php\/wp-json\/wp\/v2\/media?parent=780100"}],"wp:term":[{"taxonomy":"product_brand","embeddable":true,"href":"https:\/\/roveyayinevi.com.tr\/index.php\/wp-json\/wp\/v2\/product_brand?post=780100"},{"taxonomy":"product_cat","embeddable":true,"href":"https:\/\/roveyayinevi.com.tr\/index.php\/wp-json\/wp\/v2\/product_cat?post=780100"},{"taxonomy":"product_tag","embeddable":true,"href":"https:\/\/roveyayinevi.com.tr\/index.php\/wp-json\/wp\/v2\/product_tag?post=780100"}],"curies":[{"name":"wp","href":"https:\/\/api.w.org\/{rel}","templated":true}]}}