{"id":780097,"date":"2025-12-30T12:25:56","date_gmt":"2025-12-30T09:25:56","guid":{"rendered":"https:\/\/roveyayinevi.com.tr\/index.php\/urun\/korkuyu-beklerken-ciltli-ozel-baski\/"},"modified":"2026-04-15T03:44:44","modified_gmt":"2026-04-15T00:44:44","slug":"korkuyu-beklerken-ciltli-ozel-baski","status":"publish","type":"product","link":"https:\/\/roveyayinevi.com.tr\/index.php\/urun\/korkuyu-beklerken-ciltli-ozel-baski\/","title":{"rendered":"Korkuyu Beklerken (Ciltli \u00d6zel Bask\u0131)"},"content":{"rendered":"<p>\u201cAcaba iyi bir \u015fey olacak m\u0131? Hay\u0131r, dedim kendime. \u0130yi \u015feyler birdenbire olur; bu kadar bekletmez insan\u0131. S\u00fcr\u00fcncemede kalan heyecanlardan ancak k\u00f6t\u00fc \u015feyler \u00e7\u0131kar. Ya da hi\u00e7 bir \u015fey \u00e7\u0131kmaz.\u201dO\u011fuz Atay\u2019\u0131n hik\u00e2yeleri, g\u00fcndelik hayat\u0131 kavray\u0131\u015f derinli\u011fi, anlat\u0131m zenginli\u011fi ve okurunu al\u0131p g\u00f6t\u00fcrmedeki enerjileri bak\u0131m\u0131ndan romanlar\u0131ndan geri kalm\u0131yor. Kitaba ad\u0131n\u0131 veren hik\u00e2yenin \u201ckorkuyu beklerken\u201d kendini evine hapseden kahraman\u0131, Atay\u2019\u0131n edebiyat g\u00fczerg\u00e2h\u0131ndaki farkl\u0131l\u0131\u011f\u0131n\u0131n en b\u00fcy\u00fck kan\u0131tlar\u0131ndan. Yazar\u0131n bu kitaptaki ilk hik\u00e2yeyle var etti\u011fi \u201cbeyaz mantolu adam\u201d da \u00f6yle. Tavanaralar\u0131na saklanan e\u015fyadan, gazetelerin dert k\u00f6\u015felerine g\u00f6nderilen mektuplara kadar \u201cT\u00fcrkiye\u2019nin ruhu\u201dnu hep ayn\u0131 maharetle kavr\u0131yor O\u011fuz Atay.<\/p>\n","protected":false},"excerpt":{"rendered":"<p>\u201cAcaba iyi bir \u015fey olacak m\u0131? Hay\u0131r, dedim kendime. \u0130yi \u015feyler birdenbire olur; bu kadar bekletmez insan\u0131. S\u00fcr\u00fcncemede kalan heyecanlardan ancak k\u00f6t\u00fc \u015feyler \u00e7\u0131kar. Ya da<span class=\"excerpt-hellip\"> [\u2026]<\/span><\/p>\n","protected":false},"featured_media":0,"template":"","meta":{"_monsterinsights_skip_tracking":false,"_monsterinsights_sitenote_active":false,"_monsterinsights_sitenote_note":"","_monsterinsights_sitenote_category":0},"product_brand":[],"product_cat":[12291,12711],"product_tag":[],"class_list":{"0":"post-780097","1":"product","2":"type-product","3":"status-publish","5":"product_cat-edebiyat","6":"product_cat-roman-oyku","7":"pa_cilt-ciltli","8":"pa_tur-kitap","9":"pa_yayinevi-iletisim-yayinlari","10":"pa_yazar-oguz-atay","12":"first","13":"instock","14":"sale","15":"shipping-taxable","16":"purchasable","17":"product-type-simple"},"_links":{"self":[{"href":"https:\/\/roveyayinevi.com.tr\/index.php\/wp-json\/wp\/v2\/product\/780097","targetHints":{"allow":["GET"]}}],"collection":[{"href":"https:\/\/roveyayinevi.com.tr\/index.php\/wp-json\/wp\/v2\/product"}],"about":[{"href":"https:\/\/roveyayinevi.com.tr\/index.php\/wp-json\/wp\/v2\/types\/product"}],"wp:attachment":[{"href":"https:\/\/roveyayinevi.com.tr\/index.php\/wp-json\/wp\/v2\/media?parent=780097"}],"wp:term":[{"taxonomy":"product_brand","embeddable":true,"href":"https:\/\/roveyayinevi.com.tr\/index.php\/wp-json\/wp\/v2\/product_brand?post=780097"},{"taxonomy":"product_cat","embeddable":true,"href":"https:\/\/roveyayinevi.com.tr\/index.php\/wp-json\/wp\/v2\/product_cat?post=780097"},{"taxonomy":"product_tag","embeddable":true,"href":"https:\/\/roveyayinevi.com.tr\/index.php\/wp-json\/wp\/v2\/product_tag?post=780097"}],"curies":[{"name":"wp","href":"https:\/\/api.w.org\/{rel}","templated":true}]}}