{"id":780093,"date":"2025-12-30T12:25:42","date_gmt":"2025-12-30T09:25:42","guid":{"rendered":"https:\/\/roveyayinevi.com.tr\/index.php\/urun\/gumus-yurek-3-yolun-son-sarkisi-hediyeli-yan-boyamali-kutu\/"},"modified":"2026-04-15T03:44:44","modified_gmt":"2026-04-15T00:44:44","slug":"gumus-yurek-3-yolun-son-sarkisi-hediyeli-yan-boyamali-kutu","status":"publish","type":"product","link":"https:\/\/roveyayinevi.com.tr\/index.php\/urun\/gumus-yurek-3-yolun-son-sarkisi-hediyeli-yan-boyamali-kutu\/","title":{"rendered":"G\u00fcm\u00fc\u015f Y\u00fcrek 3: Yolun Son \u015eark\u0131s\u0131 \u2013 Hediyeli Yan Boyamal\u0131 Kutu"},"content":{"rendered":"<p>\u0130\u00e7indekiler:G\u00fcm\u00fc\u015f Y\u00fcrek 3: Yolun Son \u015eark\u0131s\u0131 (Ciltli Yan Boyamal\u0131)Lak Detayl\u0131 Mat Selefon Kutu\u00d6zel Tasar\u0131m Defter \u00d6zel Tasar\u0131m Poster \u00d6zel Kesim Ayra\u00e7 \u015eeffaf Ayra\u00e7<\/p>\n","protected":false},"excerpt":{"rendered":"<p>\u0130\u00e7indekiler:G\u00fcm\u00fc\u015f Y\u00fcrek 3: Yolun Son \u015eark\u0131s\u0131 (Ciltli Yan Boyamal\u0131)Lak Detayl\u0131 Mat Selefon Kutu\u00d6zel Tasar\u0131m Defter \u00d6zel Tasar\u0131m Poster \u00d6zel Kesim Ayra\u00e7 \u015eeffaf Ayra\u00e7<\/p>\n","protected":false},"featured_media":0,"template":"","meta":{"_monsterinsights_skip_tracking":false,"_monsterinsights_sitenote_active":false,"_monsterinsights_sitenote_note":"","_monsterinsights_sitenote_category":0},"product_brand":[],"product_cat":[12291,12711],"product_tag":[],"class_list":{"0":"post-780093","1":"product","2":"type-product","3":"status-publish","5":"product_cat-edebiyat","6":"product_cat-roman-oyku","7":"pa_cilt-ciltli","8":"pa_tur-kitap","9":"pa_yayinevi-guardian","10":"pa_yazar-d-n-archeron","12":"first","13":"instock","14":"sale","15":"shipping-taxable","16":"purchasable","17":"product-type-simple"},"_links":{"self":[{"href":"https:\/\/roveyayinevi.com.tr\/index.php\/wp-json\/wp\/v2\/product\/780093","targetHints":{"allow":["GET"]}}],"collection":[{"href":"https:\/\/roveyayinevi.com.tr\/index.php\/wp-json\/wp\/v2\/product"}],"about":[{"href":"https:\/\/roveyayinevi.com.tr\/index.php\/wp-json\/wp\/v2\/types\/product"}],"wp:attachment":[{"href":"https:\/\/roveyayinevi.com.tr\/index.php\/wp-json\/wp\/v2\/media?parent=780093"}],"wp:term":[{"taxonomy":"product_brand","embeddable":true,"href":"https:\/\/roveyayinevi.com.tr\/index.php\/wp-json\/wp\/v2\/product_brand?post=780093"},{"taxonomy":"product_cat","embeddable":true,"href":"https:\/\/roveyayinevi.com.tr\/index.php\/wp-json\/wp\/v2\/product_cat?post=780093"},{"taxonomy":"product_tag","embeddable":true,"href":"https:\/\/roveyayinevi.com.tr\/index.php\/wp-json\/wp\/v2\/product_tag?post=780093"}],"curies":[{"name":"wp","href":"https:\/\/api.w.org\/{rel}","templated":true}]}}