{"id":780092,"date":"2025-12-30T12:25:40","date_gmt":"2025-12-30T09:25:40","guid":{"rendered":"https:\/\/roveyayinevi.com.tr\/index.php\/urun\/zamanin-ruhu-nostalji\/"},"modified":"2026-04-15T03:44:44","modified_gmt":"2026-04-15T00:44:44","slug":"zamanin-ruhu-nostalji","status":"publish","type":"product","link":"https:\/\/roveyayinevi.com.tr\/index.php\/urun\/zamanin-ruhu-nostalji\/","title":{"rendered":"Zaman\u0131n Ruhu Nostalji"},"content":{"rendered":"<p>Sava\u015f sonras\u0131 ku\u015faklar\u0131n \u00e7al\u0131\u015fma \u00fczerine kurdu\u011fu toplumsal d\u00fczen \u00e7\u00f6kerken, \u201ckontrol\u00fc geri alma\u201d ya da uluslar\u0131 \u201cyeniden b\u00fcy\u00fck yapma\u201d gibi pop\u00fclist vaatlerin somutla\u015ft\u0131\u011f\u0131, \u00fclkelerin i\u00e7lerine kapanmaya ba\u015flad\u0131\u011f\u0131 bir d\u00f6nemden ge\u00e7iyoruz. Ekonomik krizlerin bask\u0131s\u0131 alt\u0131nda, nostalji Bat\u0131 toplumlar\u0131n\u0131n k\u00fclt\u00fcrel \u201czeitgeist\u201d\u0131na d\u00f6n\u00fc\u015ft\u00fc. Bu pop\u00fclist nostalji s\u00f6ylemleri bir yan\u0131yla da, g\u00fcvenceli istihdam ve kitlesel t\u00fcketim \u00fczerine kurulmu\u015f eski toplum modelinin y\u0131k\u0131l\u0131\u015f\u0131na yak\u0131lan bir t\u00fcr kolektif a\u011f\u0131t sanki.Zaman\u0131n Ruhu Nostalji, bug\u00fcn\u00fcn nostalji k\u00fclt\u00fcr\u00fcne do\u011fru \u00e7\u0131k\u0131lan, s\u0131n\u0131rlar\u0131 belirsiz bir ke\u015fif yolculu\u011fu. Sosyal teorilere ve toplumsal g\u00f6zlemlere dayand\u0131\u011f\u0131 kadar ki\u015fisel deneyimlerden, kar\u015f\u0131la\u015fmalardan ve g\u00fcncel ara\u015ft\u0131rmalardan da besleniyor. Bilimsel literat\u00fcrle pop\u00fcler k\u00fclt\u00fcr\u00fc tek potada eritmeye gayret eden bu eser, hem akademik meraka sahip okurlara hem de \u00e7a\u011f\u0131m\u0131z\u0131n ruhunu anlamaya \u00e7al\u0131\u015fan geni\u015f kitlelere yeni bir tart\u0131\u015fma alan\u0131 sunuyor. <\/p>\n","protected":false},"excerpt":{"rendered":"<p>Sava\u015f sonras\u0131 ku\u015faklar\u0131n \u00e7al\u0131\u015fma \u00fczerine kurdu\u011fu toplumsal d\u00fczen \u00e7\u00f6kerken, \u201ckontrol\u00fc geri alma\u201d ya da uluslar\u0131 \u201cyeniden b\u00fcy\u00fck yapma\u201d gibi pop\u00fclist vaatlerin somutla\u015ft\u0131\u011f\u0131, \u00fclkelerin i\u00e7lerine kapanmaya ba\u015flad\u0131\u011f\u0131<span class=\"excerpt-hellip\"> [\u2026]<\/span><\/p>\n","protected":false},"featured_media":0,"template":"","meta":{"_monsterinsights_skip_tracking":false,"_monsterinsights_sitenote_active":false,"_monsterinsights_sitenote_note":"","_monsterinsights_sitenote_category":0},"product_brand":[],"product_cat":[12388,15536],"product_tag":[],"class_list":{"0":"post-780092","1":"product","2":"type-product","3":"status-publish","5":"product_cat-felsefe","6":"product_cat-siyaset-felsefesi","7":"pa_cilt-ciltsiz","8":"pa_tur-kitap","9":"pa_yayinevi-kolektif-kitap","10":"pa_yazar-alessandro-gandini","12":"first","13":"instock","14":"sale","15":"shipping-taxable","16":"purchasable","17":"product-type-simple"},"_links":{"self":[{"href":"https:\/\/roveyayinevi.com.tr\/index.php\/wp-json\/wp\/v2\/product\/780092","targetHints":{"allow":["GET"]}}],"collection":[{"href":"https:\/\/roveyayinevi.com.tr\/index.php\/wp-json\/wp\/v2\/product"}],"about":[{"href":"https:\/\/roveyayinevi.com.tr\/index.php\/wp-json\/wp\/v2\/types\/product"}],"wp:attachment":[{"href":"https:\/\/roveyayinevi.com.tr\/index.php\/wp-json\/wp\/v2\/media?parent=780092"}],"wp:term":[{"taxonomy":"product_brand","embeddable":true,"href":"https:\/\/roveyayinevi.com.tr\/index.php\/wp-json\/wp\/v2\/product_brand?post=780092"},{"taxonomy":"product_cat","embeddable":true,"href":"https:\/\/roveyayinevi.com.tr\/index.php\/wp-json\/wp\/v2\/product_cat?post=780092"},{"taxonomy":"product_tag","embeddable":true,"href":"https:\/\/roveyayinevi.com.tr\/index.php\/wp-json\/wp\/v2\/product_tag?post=780092"}],"curies":[{"name":"wp","href":"https:\/\/api.w.org\/{rel}","templated":true}]}}