{"id":780091,"date":"2025-12-30T12:25:38","date_gmt":"2025-12-30T09:25:38","guid":{"rendered":"https:\/\/roveyayinevi.com.tr\/index.php\/urun\/2026-yordam-ajanda\/"},"modified":"2026-04-15T03:44:44","modified_gmt":"2026-04-15T00:44:44","slug":"2026-yordam-ajanda","status":"publish","type":"product","link":"https:\/\/roveyayinevi.com.tr\/index.php\/urun\/2026-yordam-ajanda\/","title":{"rendered":"2026 Yordam Ajanda"},"content":{"rendered":"<p>Do\u011fumunun 100., \u00f6l\u00fcm\u00fcn\u00fcn 10. y\u0131l\u0131nda Fidel Castro\u2019yu an\u0131yoruz. 70 y\u0131ll\u0131k m\u00fccadele tarihindeki eylemleriyle, kay\u0131t alt\u0131na al\u0131nm\u0131\u015f konu\u015fmalar\u0131yla ve yaz\u0131lar\u0131yla Fidel, yaln\u0131zca K\u00fcbal\u0131lar i\u00e7in de\u011fil, s\u0131n\u0131fs\u0131z ve s\u00f6m\u00fcr\u00fcs\u00fcz bir d\u00fcnyaya ula\u015fmak isteyen herkes i\u00e7in temel ba\u015fvuru kaynaklar\u0131ndan biri olmay\u0131 s\u00fcrd\u00fcrecek. Bu y\u0131lki ajandam\u0131zda, d\u00fcnya ve T\u00fcrkiye tarihinde sol a\u00e7\u0131s\u0131ndan \u00f6nem ta\u015f\u0131yan olaylar\u0131n pek \u00e7o\u011funu i\u00e7eren Sol Takvim de var.. <\/p>\n","protected":false},"excerpt":{"rendered":"<p>Do\u011fumunun 100., \u00f6l\u00fcm\u00fcn\u00fcn 10. y\u0131l\u0131nda Fidel Castro\u2019yu an\u0131yoruz. 70 y\u0131ll\u0131k m\u00fccadele tarihindeki eylemleriyle, kay\u0131t alt\u0131na al\u0131nm\u0131\u015f konu\u015fmalar\u0131yla ve yaz\u0131lar\u0131yla Fidel, yaln\u0131zca K\u00fcbal\u0131lar i\u00e7in de\u011fil, s\u0131n\u0131fs\u0131z ve<span class=\"excerpt-hellip\"> [\u2026]<\/span><\/p>\n","protected":false},"featured_media":0,"template":"","meta":{"_monsterinsights_skip_tracking":false,"_monsterinsights_sitenote_active":false,"_monsterinsights_sitenote_note":"","_monsterinsights_sitenote_category":0},"product_brand":[],"product_cat":[28265,15563],"product_tag":[],"class_list":{"0":"post-780091","1":"product","2":"type-product","3":"status-publish","5":"product_cat-diger-hobi","6":"product_cat-hobi","7":"pa_cilt-ciltsiz","8":"pa_tur-kitap","9":"pa_yayinevi-yordam-kitap","10":"pa_yazar-erkin-ozalp","12":"first","13":"instock","14":"sale","15":"shipping-taxable","16":"purchasable","17":"product-type-simple"},"_links":{"self":[{"href":"https:\/\/roveyayinevi.com.tr\/index.php\/wp-json\/wp\/v2\/product\/780091","targetHints":{"allow":["GET"]}}],"collection":[{"href":"https:\/\/roveyayinevi.com.tr\/index.php\/wp-json\/wp\/v2\/product"}],"about":[{"href":"https:\/\/roveyayinevi.com.tr\/index.php\/wp-json\/wp\/v2\/types\/product"}],"wp:attachment":[{"href":"https:\/\/roveyayinevi.com.tr\/index.php\/wp-json\/wp\/v2\/media?parent=780091"}],"wp:term":[{"taxonomy":"product_brand","embeddable":true,"href":"https:\/\/roveyayinevi.com.tr\/index.php\/wp-json\/wp\/v2\/product_brand?post=780091"},{"taxonomy":"product_cat","embeddable":true,"href":"https:\/\/roveyayinevi.com.tr\/index.php\/wp-json\/wp\/v2\/product_cat?post=780091"},{"taxonomy":"product_tag","embeddable":true,"href":"https:\/\/roveyayinevi.com.tr\/index.php\/wp-json\/wp\/v2\/product_tag?post=780091"}],"curies":[{"name":"wp","href":"https:\/\/api.w.org\/{rel}","templated":true}]}}