{"id":780089,"date":"2025-12-30T12:25:33","date_gmt":"2025-12-30T09:25:33","guid":{"rendered":"https:\/\/roveyayinevi.com.tr\/index.php\/urun\/uluslararasi-guncel-sorunlar\/"},"modified":"2026-04-15T03:44:44","modified_gmt":"2026-04-15T00:44:44","slug":"uluslararasi-guncel-sorunlar","status":"publish","type":"product","link":"https:\/\/roveyayinevi.com.tr\/index.php\/urun\/uluslararasi-guncel-sorunlar\/","title":{"rendered":"Uluslararas\u0131 G\u00fcncel Sorunlar"},"content":{"rendered":"<p>K\u00fcresel ve b\u00f6lgesel rekabet, uluslararas\u0131 ili\u015fkilerde ba\u015f d\u00f6nd\u00fcr\u00fcc\u00fc bir de\u011fi\u015fim ve d\u00f6n\u00fc\u015f\u00fcmle sonu\u00e7lanmaktad\u0131r. Devletler aras\u0131 sava\u015flar, i\u00e7 sava\u015flar, ter\u00f6rizm, ekonomik ve teknolojik rekabet, n\u00fcfus art\u0131\u015f\u0131yla birlikte k\u0131t kaynaklar\u0131n her ge\u00e7en g\u00fcn daha kritik h\u00e2le gelmesi, d\u00fczenli ve d\u00fczensiz g\u00f6\u00e7ler, salg\u0131n hastal\u0131klar devletlerin g\u00fcvenlik anlay\u0131\u015f\u0131n\u0131 h\u0131zla de\u011fi\u015ftirmekte ve bu karma\u015f\u0131k, h\u0131zla de\u011fi\u015fen g\u00fcndemde karar almak ve uygulamak gittik\u00e7e zorla\u015fmaktad\u0131r. \u00d6rne\u011fin, Rusya-Ukrayna Sava\u015f\u0131 n\u00fckleer silah kullan\u0131m\u0131n\u0131 da i\u00e7erecek \u015fekilde her ge\u00e7en g\u00fcn tehlikeli h\u00e2le gelirken, t\u00fcm d\u00fcnya Gazze\u2019deki soyk\u0131r\u0131ma seyirci kalmaktad\u0131r. Ter\u00f6rizm tehdidi her ge\u00e7en g\u00fcn artarken, ayn\u0131 ittifak i\u00e7inde olan devletler bile m\u00fcttefiklerine kar\u015f\u0131 tehdit olu\u015fturan ter\u00f6r \u00f6rg\u00fctlerine destek vermekten ka\u00e7\u0131nmamaktad\u0131r. Ba\u015fta BM olmak \u00fczere uluslararas\u0131 \u00f6rg\u00fctler, b\u00f6lgesel ve k\u00fcresel sorunlara \u00e7\u00f6z\u00fcm bulmakta yetersiz kalmaktad\u0131r. Uluslararas\u0131 g\u00fcncel sorunlar\u0131 yak\u0131ndan takip etmek ve geli\u015fmeleri do\u011fru okumak, d\u0131\u015f politikada karar alma konusunda temel rol oynamaktad\u0131r. \u0130lgili devlet kurumlar\u0131n\u0131n yan\u0131 s\u0131ra \u00fcniversiteler ve d\u00fc\u015f\u00fcnce kurulu\u015flar\u0131 da bu s\u00fcre\u00e7te \u00f6nemli rol \u00fcstlenmektedir. Kapadokya \u00dcniversitesi (K\u00dcN) ve Ankara Kriz ve Siyaset Ara\u015ft\u0131rmalar\u0131 Merkezi (ANKASAM) i\u015f birli\u011finde y\u00fcr\u00fct\u00fclecek bu proje ile Uluslararas\u0131 G\u00fcncel Sorunlar\u0131n bu konudaki uzmanlar ile tart\u0131\u015f\u0131lmas\u0131, ele al\u0131nmas\u0131 ve bu sorunlara ili\u015fkin olarak T\u00fcrk D\u0131\u015f Politikas\u0131\u2019nda al\u0131nacak kararlara \u0131\u015f\u0131k tutmas\u0131 ama\u00e7lanmaktad\u0131r.<\/p>\n","protected":false},"excerpt":{"rendered":"<p>K\u00fcresel ve b\u00f6lgesel rekabet, uluslararas\u0131 ili\u015fkilerde ba\u015f d\u00f6nd\u00fcr\u00fcc\u00fc bir de\u011fi\u015fim ve d\u00f6n\u00fc\u015f\u00fcmle sonu\u00e7lanmaktad\u0131r. Devletler aras\u0131 sava\u015flar, i\u00e7 sava\u015flar, ter\u00f6rizm, ekonomik ve teknolojik rekabet, n\u00fcfus art\u0131\u015f\u0131yla birlikte<span class=\"excerpt-hellip\"> [\u2026]<\/span><\/p>\n","protected":false},"featured_media":0,"template":"","meta":{"_monsterinsights_skip_tracking":false,"_monsterinsights_sitenote_active":false,"_monsterinsights_sitenote_note":"","_monsterinsights_sitenote_category":0},"product_brand":[],"product_cat":[12337,17225],"product_tag":[],"class_list":{"0":"post-780089","1":"product","2":"type-product","3":"status-publish","5":"product_cat-politika-siyaset","6":"product_cat-uluslararasi-iliskiler","7":"pa_cilt-ciltsiz","8":"pa_tur-kitap","9":"pa_yayinevi-kapadokya-universitesi-yayinlari","10":"pa_yazar-kolektif","12":"first","13":"instock","14":"sale","15":"shipping-taxable","16":"purchasable","17":"product-type-simple"},"_links":{"self":[{"href":"https:\/\/roveyayinevi.com.tr\/index.php\/wp-json\/wp\/v2\/product\/780089","targetHints":{"allow":["GET"]}}],"collection":[{"href":"https:\/\/roveyayinevi.com.tr\/index.php\/wp-json\/wp\/v2\/product"}],"about":[{"href":"https:\/\/roveyayinevi.com.tr\/index.php\/wp-json\/wp\/v2\/types\/product"}],"wp:attachment":[{"href":"https:\/\/roveyayinevi.com.tr\/index.php\/wp-json\/wp\/v2\/media?parent=780089"}],"wp:term":[{"taxonomy":"product_brand","embeddable":true,"href":"https:\/\/roveyayinevi.com.tr\/index.php\/wp-json\/wp\/v2\/product_brand?post=780089"},{"taxonomy":"product_cat","embeddable":true,"href":"https:\/\/roveyayinevi.com.tr\/index.php\/wp-json\/wp\/v2\/product_cat?post=780089"},{"taxonomy":"product_tag","embeddable":true,"href":"https:\/\/roveyayinevi.com.tr\/index.php\/wp-json\/wp\/v2\/product_tag?post=780089"}],"curies":[{"name":"wp","href":"https:\/\/api.w.org\/{rel}","templated":true}]}}