{"id":780087,"date":"2025-12-30T12:25:26","date_gmt":"2025-12-30T09:25:26","guid":{"rendered":"https:\/\/roveyayinevi.com.tr\/index.php\/urun\/yapay-zeka-algoritmalar-ve-kamusal-alanin-gelecegi\/"},"modified":"2026-04-15T03:44:44","modified_gmt":"2026-04-15T00:44:44","slug":"yapay-zeka-algoritmalar-ve-kamusal-alanin-gelecegi","status":"publish","type":"product","link":"https:\/\/roveyayinevi.com.tr\/index.php\/urun\/yapay-zeka-algoritmalar-ve-kamusal-alanin-gelecegi\/","title":{"rendered":"Yapay Zeka, Algoritmalar ve Kamusal Alanin Gelece\u011fi"},"content":{"rendered":"<p>Zaman\u0131n ritmini h\u0131zland\u0131ran dijital \u00e7a\u011f, insan\u0131 kendi elleriyle kurdu\u011fu bir a\u011f\u0131n i\u00e7ine hapsetti. Verilerden \u00f6r\u00fclen bu g\u00f6r\u00fcnmez a\u011f, art\u0131k yaln\u0131zca bilgi ta\u015f\u0131m\u0131yor; kaderler yaz\u0131yor, s\u0131n\u0131rlar \u00e7iziyor, toplumu gelece\u011fini sessizce bi\u00e7imlendiriyor. Yapay zek\u00e2, insanl\u0131\u011f\u0131n kadim d\u00fc\u015flerine yeni bir y\u00f6n veriyor; sundu\u011fu imk\u00e2nlarla b\u00fcy\u00fclerken, beraberinde ta\u015f\u0131d\u0131\u011f\u0131 k\u0131s\u0131tlamalarla derin bir kayg\u0131 uyand\u0131r\u0131yor. Bu kitap, i\u015fte tam bu e\u015fikte, b\u00fcy\u00fcn\u00fcn ard\u0131ndaki hakikati aralayan bir pencere a\u00e7\u0131yor. Yapay Zek\u00e2, Algoritmalar ve Kamusal Alan\u0131n Gelece\u011fi, verinin iktidara d\u00f6n\u00fc\u015fmesini, algoritmalar\u0131n g\u00f6r\u00fcnmez g\u00fcc\u00fcn\u00fc ve bu s\u00fcre\u00e7te toplumsal e\u015fitsizliklerin nas\u0131l derinle\u015fti\u011fini \u00e7arp\u0131c\u0131 bir bi\u00e7imde ortaya koyuyor. Mahmut \u00d6zer, algoritmalar\u0131 masum birer hesaplama olmaktan \u00e7ok daha fazlas\u0131n\u0131 ve temsil etti\u011fini g\u00f6steriyor. E\u011fitimde, i\u015f g\u00fcc\u00fcnde, siyasette ve k\u00fclt\u00fcrde ba\u015far\u0131, \u00f6d\u00fcl ve performans aras\u0131ndaki ba\u011flar\u0131n nas\u0131l yeniden kuruldu\u011funu incelerken g\u00f6r\u00fcnmeyen e\u015fitsizliklerin izini s\u00fcr\u00fcyor. Orta s\u0131n\u0131flar\u0131n \u00e7\u00f6k\u00fc\u015f\u00fcn\u00fc, bir toplumun ba\u011f\u0131\u015f\u0131kl\u0131k sisteminin t\u00fckeni\u015fine benzetiyor ve gelece\u011fin kamusal alan\u0131nda bizleri bekleyen sars\u0131nt\u0131l\u0131, \u00e7arp\u0131c\u0131 bir \u00fcsl\u00fbpla g\u00f6zler \u00f6n\u00fcne seriyor. Bu eser, okuru yaln\u0131zca bug\u00fcn\u00fcn teknolojik tart\u0131\u015fmalar\u0131na de\u011fil, ayn\u0131 zamanda insanl\u0131\u011f\u0131n kadim sorular\u0131na da g\u00f6t\u00fcr\u00fcyor. Cathy O&#8217;Neil&#8217;in y\u0131k\u0131c\u0131 modeller ele\u015ftirisi, Barab\u00e1si&#8217;nin ba\u015far\u0131 yasalar\u0131, Erdin&#8217;in s\u0131ralama oyunlar\u0131, T. Markovitz&#8217;in meritokrasi tuza\u011f\u0131, \u0130bn Haldun&#8217;un kadere dair s\u00f6ylemi, Alev Alatl\u0131&#8217;n\u0131n vasat olan\u0131n helal olmayabilece\u011fi uyar\u0131s\u0131 birbirine dokunan bir d\u00fc\u015f\u00fcnce atlas\u0131nda bulu\u015fuyor. Her sat\u0131r, bize teknolojinin tarafs\u0131z olmad\u0131\u011f\u0131n\u0131, tam tersine de\u011ferlerle yo\u011frulmu\u015f bir d\u00fczen kurdu\u011funu hat\u0131rlat\u0131yor. Dolay\u0131s\u0131yla yapay zek\u00e2n\u0131n y\u00fckselen dalgas\u0131 kar\u015f\u0131s\u0131nda bu kitap, bir uyar\u0131dan \u00e7ok daha fazlas\u0131; gelece\u011fe yaz\u0131lm\u0131\u015f bir davet. \u00d6zer, herkesin anlayabilece\u011fi yal\u0131nl\u0131kta ama derinlikli bir dille, dijitalle\u015fme ve yapay zek\u00e2n\u0131n g\u00f6lgesinde \u00f6zg\u00fcrl\u00fc\u011f\u00fc, adaleti ve insana dair \u00f6z\u00fc koruman\u0131n yollar\u0131n\u0131 sorgulat\u0131yor. Bu sayfalarda, okur yaln\u0131zca bir inceleme de\u011fil, ayn\u0131 zamanda kendi gelece\u011fini yeniden d\u00fc\u015f\u00fcnmeye \u00e7a\u011fr\u0131lan bir yolculuk bulacak. <\/p>\n","protected":false},"excerpt":{"rendered":"<p>Zaman\u0131n ritmini h\u0131zland\u0131ran dijital \u00e7a\u011f, insan\u0131 kendi elleriyle kurdu\u011fu bir a\u011f\u0131n i\u00e7ine hapsetti. Verilerden \u00f6r\u00fclen bu g\u00f6r\u00fcnmez a\u011f, art\u0131k yaln\u0131zca bilgi ta\u015f\u0131m\u0131yor; kaderler yaz\u0131yor, s\u0131n\u0131rlar \u00e7iziyor,<span class=\"excerpt-hellip\"> [\u2026]<\/span><\/p>\n","protected":false},"featured_media":0,"template":"","meta":{"_monsterinsights_skip_tracking":false,"_monsterinsights_sitenote_active":false,"_monsterinsights_sitenote_note":"","_monsterinsights_sitenote_category":0},"product_brand":[],"product_cat":[13005],"product_tag":[],"class_list":{"0":"post-780087","1":"product","2":"type-product","3":"status-publish","5":"product_cat-bilim-muhendislik","6":"pa_cilt-ciltsiz","7":"pa_tur-kitap","8":"pa_yayinevi-kapadokya-universitesi-yayinlari","9":"pa_yazar-mahmut-ozer","11":"first","12":"instock","13":"sale","14":"shipping-taxable","15":"purchasable","16":"product-type-simple"},"_links":{"self":[{"href":"https:\/\/roveyayinevi.com.tr\/index.php\/wp-json\/wp\/v2\/product\/780087","targetHints":{"allow":["GET"]}}],"collection":[{"href":"https:\/\/roveyayinevi.com.tr\/index.php\/wp-json\/wp\/v2\/product"}],"about":[{"href":"https:\/\/roveyayinevi.com.tr\/index.php\/wp-json\/wp\/v2\/types\/product"}],"wp:attachment":[{"href":"https:\/\/roveyayinevi.com.tr\/index.php\/wp-json\/wp\/v2\/media?parent=780087"}],"wp:term":[{"taxonomy":"product_brand","embeddable":true,"href":"https:\/\/roveyayinevi.com.tr\/index.php\/wp-json\/wp\/v2\/product_brand?post=780087"},{"taxonomy":"product_cat","embeddable":true,"href":"https:\/\/roveyayinevi.com.tr\/index.php\/wp-json\/wp\/v2\/product_cat?post=780087"},{"taxonomy":"product_tag","embeddable":true,"href":"https:\/\/roveyayinevi.com.tr\/index.php\/wp-json\/wp\/v2\/product_tag?post=780087"}],"curies":[{"name":"wp","href":"https:\/\/api.w.org\/{rel}","templated":true}]}}