{"id":780085,"date":"2025-12-30T12:25:21","date_gmt":"2025-12-30T09:25:21","guid":{"rendered":"https:\/\/roveyayinevi.com.tr\/index.php\/urun\/turk-diplomasi-tarihinden-kesitler\/"},"modified":"2026-04-15T03:44:44","modified_gmt":"2026-04-15T00:44:44","slug":"turk-diplomasi-tarihinden-kesitler","status":"publish","type":"product","link":"https:\/\/roveyayinevi.com.tr\/index.php\/urun\/turk-diplomasi-tarihinden-kesitler\/","title":{"rendered":"T\u00fcrk Diplomasi Tarihinden Kesitler"},"content":{"rendered":"<p>Diplomasi her ne kadar kavram olarak yak\u0131n d\u00f6nemde kullan\u0131lmaya ba\u015flanm\u0131\u015f olsa da diplomasi tarihin her devrinde toplumlar ve devletler aras\u0131nda sorunlar\u0131n \u00e7\u00f6z\u00fcm\u00fcnde \u00f6nemli rol oynam\u0131\u015f ve diplomasinin yetersiz kald\u0131\u011f\u0131 durumlarda sava\u015flar sorunlar\u0131n temel \u00e7\u00f6z\u00fcm mekanizmas\u0131 haline gelmi\u015ftir. Ulus devlet yap\u0131s\u0131n\u0131n yayg\u0131nla\u015fmas\u0131 ve uluslararas\u0131 ili\u015fkilerde ulus devletlerin temel akt\u00f6r olmas\u0131ndan sonra ise diplomasi uluslararas\u0131 ili\u015fkilerin d\u00fczenlenmesinde temel unsur haline gelmi\u015ftir. Devletler aras\u0131ndaki sorunlar\u0131n \u00e7\u00f6z\u00fcm\u00fcnde karar vericilere temel verileri ortaya koyan diplomatlar \u00e7ok \u00f6nemli bir rol oynamaktad\u0131rlar. Uluslararas\u0131 ili\u015fkilere y\u00f6nelik konularda ve sorunlar\u0131n \u00e7\u00f6z\u00fclmesinde kamuoyuna yans\u0131yanlar kadar kamuoyuna yans\u0131mayan bir \u00e7ok geli\u015fmede diplomatlar\u0131n \u00f6nemli etkileri olmu\u015f hatta son dakikada diplomatlar taraf\u0131ndan ortaya konulan \u00f6neriler ile sava\u015flar bile \u00f6nlenmi\u015ftir. Fakat bunlar\u0131n bir k\u0131sm\u0131 hat\u0131ratlarda yer al\u0131rken, \u00f6nemli bir k\u0131sm\u0131 s\u00fcrece damga vuran isimler ile birlikte yok olup gitmektedir. Kapadokya \u00dcniversitesi (K\u00dcN) ve Ankara Kriz ve Siyaset Ara\u015ft\u0131rmalar\u0131 Merkezi (ANKASAM) i\u015f birli\u011finde y\u00fcr\u00fct\u00fclen T\u00fcrk Diplomasi Tarihi projesi ile T\u00fcrk Diplomasi tarihine \u0131\u015f\u0131k tutulmas\u0131 hedeflenmektedir. Ba\u015fta D\u0131\u015fi\u015fleri Bakanl\u0131\u011f\u0131 olmak \u00fczere ilgili kurum ve kurulu\u015flarda g\u00f6rev yapm\u0131\u015f emekli diplomatlar, askeri personel ve devlet adamlar\u0131n\u0131n konuk olarak kat\u0131ld\u0131\u011f\u0131 programlarda, T\u00fcrk D\u0131\u015f politikas\u0131n\u0131n karar s\u00fcreci, ge\u00e7mi\u015fte al\u0131nm\u0131\u015f \u00f6nemli kararlar\u0131n arkas\u0131nda yatan ger\u00e7ekler, uluslararas\u0131 geli\u015fmelerin bas\u0131na yans\u0131mam\u0131\u015f b\u00f6l\u00fcmleri gibi konular\u0131n ele al\u0131nmas\u0131 ve T\u00fcrk Diplomasi Tarihi konusundaki \u00f6nemli konularda tarihe not d\u00fc\u015f\u00fclmesi ama\u00e7lanmaktad\u0131r <\/p>\n","protected":false},"excerpt":{"rendered":"<p>Diplomasi her ne kadar kavram olarak yak\u0131n d\u00f6nemde kullan\u0131lmaya ba\u015flanm\u0131\u015f olsa da diplomasi tarihin her devrinde toplumlar ve devletler aras\u0131nda sorunlar\u0131n \u00e7\u00f6z\u00fcm\u00fcnde \u00f6nemli rol oynam\u0131\u015f ve<span class=\"excerpt-hellip\"> [\u2026]<\/span><\/p>\n","protected":false},"featured_media":0,"template":"","meta":{"_monsterinsights_skip_tracking":false,"_monsterinsights_sitenote_active":false,"_monsterinsights_sitenote_note":"","_monsterinsights_sitenote_category":0},"product_brand":[],"product_cat":[12337,17225],"product_tag":[],"class_list":{"0":"post-780085","1":"product","2":"type-product","3":"status-publish","5":"product_cat-politika-siyaset","6":"product_cat-uluslararasi-iliskiler","7":"pa_cilt-ciltsiz","8":"pa_tur-kitap","9":"pa_yayinevi-kapadokya-universitesi-yayinlari","10":"pa_yazar-kolektif","12":"first","13":"instock","14":"sale","15":"shipping-taxable","16":"purchasable","17":"product-type-simple"},"_links":{"self":[{"href":"https:\/\/roveyayinevi.com.tr\/index.php\/wp-json\/wp\/v2\/product\/780085","targetHints":{"allow":["GET"]}}],"collection":[{"href":"https:\/\/roveyayinevi.com.tr\/index.php\/wp-json\/wp\/v2\/product"}],"about":[{"href":"https:\/\/roveyayinevi.com.tr\/index.php\/wp-json\/wp\/v2\/types\/product"}],"wp:attachment":[{"href":"https:\/\/roveyayinevi.com.tr\/index.php\/wp-json\/wp\/v2\/media?parent=780085"}],"wp:term":[{"taxonomy":"product_brand","embeddable":true,"href":"https:\/\/roveyayinevi.com.tr\/index.php\/wp-json\/wp\/v2\/product_brand?post=780085"},{"taxonomy":"product_cat","embeddable":true,"href":"https:\/\/roveyayinevi.com.tr\/index.php\/wp-json\/wp\/v2\/product_cat?post=780085"},{"taxonomy":"product_tag","embeddable":true,"href":"https:\/\/roveyayinevi.com.tr\/index.php\/wp-json\/wp\/v2\/product_tag?post=780085"}],"curies":[{"name":"wp","href":"https:\/\/api.w.org\/{rel}","templated":true}]}}