{"id":780083,"date":"2025-12-30T12:25:11","date_gmt":"2025-12-30T09:25:11","guid":{"rendered":"https:\/\/roveyayinevi.com.tr\/index.php\/urun\/develide-dort-mevsim\/"},"modified":"2026-04-15T03:44:44","modified_gmt":"2026-04-15T00:44:44","slug":"develide-dort-mevsim","status":"publish","type":"product","link":"https:\/\/roveyayinevi.com.tr\/index.php\/urun\/develide-dort-mevsim\/","title":{"rendered":"Develi\u2019de D\u00f6rt Mevsim"},"content":{"rendered":"<p>Y\u0131llar sonra gitti\u011fimde memleketim Develi\u2019nin h\u00e2lini g\u00f6r\u00fcnce derin bir \u00fcz\u00fcnt\u00fc duydum. K\u0131sa zaman i\u00e7inde \u00e7ok de\u011fi\u015fmi\u015f, h\u0131zla g\u00f6\u00e7 vermi\u015f-g\u00f6\u00e7 alm\u0131\u015f ve kentin demografisi de\u011fi\u015fmi\u015f. Neredeyse b\u00fct\u00fcn etnik, k\u00fclt\u00fcrel ve inan\u00e7sal de\u011ferler, talanc\u0131 bir anlay\u0131\u015fla yok edilmi\u015f. \u0130nsani de\u011ferleri hi\u00e7e sayan kapitalist pop\u00fcler k\u00fclt\u00fcrle yo\u011frulmu\u015f tek tip insan tipi yarat\u0131lm\u0131\u015f. Bu durum kar\u015f\u0131s\u0131nda \u201cAh Develi! Vah Develi!\u201d demekten kenedimi alamad\u0131m! Do\u011fdu\u011fum, b\u00fcy\u00fcd\u00fc\u011f\u00fcm, havas\u0131n\u0131 soludu\u011fum, suyunu i\u00e7ti\u011fim memleketim Develi\u2019ye bir vefa borcu olarak bu kitab\u0131 yazmaya karar verdim. Kitab\u0131n ad\u0131n\u0131 \u201cDeveli\u2019de D\u00f6rt Mevsim\u201d koydum. \u00c7\u00fcnk\u00fc 1947-1950 do\u011fumlular\u0131n olu\u015fturdu\u011fu bizim ku\u015fak, Eski Develi\u2019de d\u00f6rt mevsimi doyas\u0131ya ya\u015fad\u0131k. Yazd\u0131klar\u0131m bug\u00fcn\u00fcn gen\u00e7lerine masal gibi gelebilir. Ancak bu kitapta Eski Develi\u2019nin dramatik bir \u00f6yk\u00fcs\u00fcn\u00fcn oldu\u011fu ger\u00e7e\u011fi g\u00f6z ard\u0131 edilemez <\/p>\n","protected":false},"excerpt":{"rendered":"<p>Y\u0131llar sonra gitti\u011fimde memleketim Develi\u2019nin h\u00e2lini g\u00f6r\u00fcnce derin bir \u00fcz\u00fcnt\u00fc duydum. K\u0131sa zaman i\u00e7inde \u00e7ok de\u011fi\u015fmi\u015f, h\u0131zla g\u00f6\u00e7 vermi\u015f-g\u00f6\u00e7 alm\u0131\u015f ve kentin demografisi de\u011fi\u015fmi\u015f. Neredeyse b\u00fct\u00fcn<span class=\"excerpt-hellip\"> [\u2026]<\/span><\/p>\n","protected":false},"featured_media":0,"template":"","meta":{"_monsterinsights_skip_tracking":false,"_monsterinsights_sitenote_active":false,"_monsterinsights_sitenote_note":"","_monsterinsights_sitenote_category":0},"product_brand":[],"product_cat":[13701,12291],"product_tag":[],"class_list":{"0":"post-780083","1":"product","2":"type-product","3":"status-publish","5":"product_cat-ani-mektup-gunluk","6":"product_cat-edebiyat","7":"pa_cilt-ciltsiz","8":"pa_tur-kitap","9":"pa_yayinevi-favori-yayinlari","10":"pa_yazar-saban-iba","12":"first","13":"instock","14":"sale","15":"shipping-taxable","16":"purchasable","17":"product-type-simple"},"_links":{"self":[{"href":"https:\/\/roveyayinevi.com.tr\/index.php\/wp-json\/wp\/v2\/product\/780083","targetHints":{"allow":["GET"]}}],"collection":[{"href":"https:\/\/roveyayinevi.com.tr\/index.php\/wp-json\/wp\/v2\/product"}],"about":[{"href":"https:\/\/roveyayinevi.com.tr\/index.php\/wp-json\/wp\/v2\/types\/product"}],"wp:attachment":[{"href":"https:\/\/roveyayinevi.com.tr\/index.php\/wp-json\/wp\/v2\/media?parent=780083"}],"wp:term":[{"taxonomy":"product_brand","embeddable":true,"href":"https:\/\/roveyayinevi.com.tr\/index.php\/wp-json\/wp\/v2\/product_brand?post=780083"},{"taxonomy":"product_cat","embeddable":true,"href":"https:\/\/roveyayinevi.com.tr\/index.php\/wp-json\/wp\/v2\/product_cat?post=780083"},{"taxonomy":"product_tag","embeddable":true,"href":"https:\/\/roveyayinevi.com.tr\/index.php\/wp-json\/wp\/v2\/product_tag?post=780083"}],"curies":[{"name":"wp","href":"https:\/\/api.w.org\/{rel}","templated":true}]}}