{"id":780081,"date":"2025-12-30T12:25:02","date_gmt":"2025-12-30T09:25:02","guid":{"rendered":"https:\/\/roveyayinevi.com.tr\/index.php\/urun\/maca-kizi-8-5-kitap-ciltli\/"},"modified":"2026-04-15T03:44:44","modified_gmt":"2026-04-15T00:44:44","slug":"maca-kizi-8-5-kitap-ciltli","status":"publish","type":"product","link":"https:\/\/roveyayinevi.com.tr\/index.php\/urun\/maca-kizi-8-5-kitap-ciltli\/","title":{"rendered":"Ma\u00e7a K\u0131z\u0131 8 &#8211; 5. Kitap (Ciltli)"},"content":{"rendered":"<p>\u201cOkyanus, cehennem ate\u015fini s\u00f6nd\u00fcremez mi Nazl\u0131?\u201d\u201cBir g\u00fcn bir bal\u0131kla bir ku\u015f birbirlerine a\u015f\u0131k olmu\u015flar,\u201d dedi annem. Y\u00fcz\u00fcn\u00fc g\u00f6rm\u00fcyordum ama sesi g\u00fcl\u00fcmsedi\u011fini belli ediyordu. \u201cAma ne a\u015fk\u2026 Ku\u015f denizin kenar\u0131nda, bal\u0131k s\u0131\u011f y\u00fczeyde\u2026 Birbirlerine bak\u0131yorlar, birbirlerini izliyorlar. Bal\u0131k y\u00fcz\u00fcyor, ku\u015f \u00fcst\u00fcnde u\u00e7uyor\u2026 \u00d6zg\u00fcrl\u00fcklerini hediye etmi\u015fler birbirlerine. \u00d6yle bir a\u015fk ki aralar\u0131ndaki, ku\u015f g\u00f6ky\u00fcz\u00fcn\u00fc, bal\u0131k denizin derinliklerini yasaklam\u0131\u015f kendine\u2026\u201d\u201cBal\u0131k, ku\u015fa, \u2018Git u\u00e7, b\u0131rak beni\u2026\u2019 demi\u015f.Ku\u015f, bal\u0131\u011fa, \u2018Git y\u00fcz, b\u0131rak beni\u2026\u2019 demi\u015f.Ama ikisi de birbirini b\u0131rakmam\u0131\u015f. B\u0131rakamam\u0131\u015f.\u0130mk\u00e2ns\u0131z bir a\u015fka kap\u0131l\u0131p gitmi\u015f ikisi de\u2026\u201d dedi babam.\u201cVe tabiat, bu a\u015fk\u0131n m\u00fck\u00e2fat\u0131n\u0131 vermi\u015f bir g\u00fcn\u2026\u201d dedi annem, yumu\u015fac\u0131k bir sesle. \u201cU\u00e7suz bucaks\u0131z deniz g\u00f6ky\u00fcz\u00fcyle birle\u015fir\u2026 Y\u00fczm\u00fc\u015f, y\u00fczm\u00fc\u015f, y\u00fczm\u00fc\u015f bal\u0131k. Ku\u015f da u\u00e7mu\u015f, u\u00e7mu\u015f, u\u00e7mu\u015f\u2026Zaman ge\u00e7mi\u015f ve kavu\u015fmu\u015flar birbirlerine.\u0130lk kez dokunmu\u015flar, sar\u0131lm\u0131\u015flar birbirlerine,denizle g\u00f6ky\u00fcz\u00fcn\u00fcn birle\u015fti\u011fi yerde\u2026\u201d \u201cBen karaya vurdum,\u201d dedim, \u00fcz\u00fcnt\u00fcyle.\u201cBiz kavu\u015famad\u0131k. Ben \u00f6ld\u00fcm\u2026\u201d \u201cSen bal\u0131k de\u011filsin, Nazl\u0131\u2026 Okyanusun kalbinde olman,bal\u0131k oldu\u011funu g\u00f6stermez!\u201d\u201cBen bir piranay\u0131m! Bal\u0131\u011f\u0131n ku\u015fa duydu\u011fu a\u015fkdaha imk\u00e2nl\u0131yd\u0131 asl\u0131nda, \u00e7\u00fcnk\u00fc ku\u015f \u00e7ok sevmi\u015fti bal\u0131\u011f\u0131!Ama siyah bal\u0131k, ye\u015fil bal\u0131\u011f\u0131 sevemedi!\u201d<\/p>\n","protected":false},"excerpt":{"rendered":"<p>\u201cOkyanus, cehennem ate\u015fini s\u00f6nd\u00fcremez mi Nazl\u0131?\u201d\u201cBir g\u00fcn bir bal\u0131kla bir ku\u015f birbirlerine a\u015f\u0131k olmu\u015flar,\u201d dedi annem. Y\u00fcz\u00fcn\u00fc g\u00f6rm\u00fcyordum ama sesi g\u00fcl\u00fcmsedi\u011fini belli ediyordu. \u201cAma ne a\u015fk\u2026<span class=\"excerpt-hellip\"> [\u2026]<\/span><\/p>\n","protected":false},"featured_media":0,"template":"","meta":{"_monsterinsights_skip_tracking":false,"_monsterinsights_sitenote_active":false,"_monsterinsights_sitenote_note":"","_monsterinsights_sitenote_category":0},"product_brand":[],"product_cat":[12291,12711],"product_tag":[],"class_list":{"0":"post-780081","1":"product","2":"type-product","3":"status-publish","5":"product_cat-edebiyat","6":"product_cat-roman-oyku","7":"pa_cilt-ciltli","8":"pa_tur-kitap","9":"pa_yayinevi-artemis-yayinlari","10":"pa_yazar-dilara-pamuk","12":"first","13":"instock","14":"sale","15":"shipping-taxable","16":"purchasable","17":"product-type-simple"},"_links":{"self":[{"href":"https:\/\/roveyayinevi.com.tr\/index.php\/wp-json\/wp\/v2\/product\/780081","targetHints":{"allow":["GET"]}}],"collection":[{"href":"https:\/\/roveyayinevi.com.tr\/index.php\/wp-json\/wp\/v2\/product"}],"about":[{"href":"https:\/\/roveyayinevi.com.tr\/index.php\/wp-json\/wp\/v2\/types\/product"}],"wp:attachment":[{"href":"https:\/\/roveyayinevi.com.tr\/index.php\/wp-json\/wp\/v2\/media?parent=780081"}],"wp:term":[{"taxonomy":"product_brand","embeddable":true,"href":"https:\/\/roveyayinevi.com.tr\/index.php\/wp-json\/wp\/v2\/product_brand?post=780081"},{"taxonomy":"product_cat","embeddable":true,"href":"https:\/\/roveyayinevi.com.tr\/index.php\/wp-json\/wp\/v2\/product_cat?post=780081"},{"taxonomy":"product_tag","embeddable":true,"href":"https:\/\/roveyayinevi.com.tr\/index.php\/wp-json\/wp\/v2\/product_tag?post=780081"}],"curies":[{"name":"wp","href":"https:\/\/api.w.org\/{rel}","templated":true}]}}