{"id":780077,"date":"2025-12-30T12:24:50","date_gmt":"2025-12-30T09:24:50","guid":{"rendered":"https:\/\/roveyayinevi.com.tr\/index.php\/urun\/guney-pasifik-adalarina-yolculuk-2\/"},"modified":"2026-04-15T03:44:44","modified_gmt":"2026-04-15T00:44:44","slug":"guney-pasifik-adalarina-yolculuk-2","status":"publish","type":"product","link":"https:\/\/roveyayinevi.com.tr\/index.php\/urun\/guney-pasifik-adalarina-yolculuk-2\/","title":{"rendered":"G\u00fcney Pasifik Adalar\u0131na Yolculuk"},"content":{"rendered":"<p>Yumu\u015fak tepeler, binbir renkli deniz, hindistancevizi ormanlar\u0131, k\u0131y\u0131lardaki oteller! Burada her \u015fey, g\u00fczelli\u011fi ve g\u00f6rkemiyle birbirini tamaml\u0131yor. G\u00fclten Day\u0131o\u011flu d\u00fcnyaca \u00fcnl\u00fc A\u015fk Gemisi\u2019yle G\u00fcney Pasifik Adalar\u0131na gidiyor. G\u00fcne\u015fin do\u011fu\u015funu ilk g\u00f6ren \u00fclke Yeni Zelanda, filmlere sahne olmu\u015f ola\u011fan\u00fcst\u00fc g\u00fczellikteki Tahiti, Hollywood y\u0131ld\u0131zlar\u0131n\u0131n ya\u015fad\u0131\u011f\u0131 Moorea Adas\u0131, uzayl\u0131lar\u0131n yapt\u0131\u011f\u0131na inan\u0131lan ta\u015f an\u0131t, yerli halk\u0131n gelenekleri, gizemli ya\u015famlar, efsaneler\u2026  Her gezide kaybolan yazar\u0131m\u0131z\u0131 bu kez Samoa\u2019da m\u00fcthi\u015f bir de s\u00fcrpriz bekliyor.<\/p>\n","protected":false},"excerpt":{"rendered":"<p>Yumu\u015fak tepeler, binbir renkli deniz, hindistancevizi ormanlar\u0131, k\u0131y\u0131lardaki oteller! Burada her \u015fey, g\u00fczelli\u011fi ve g\u00f6rkemiyle birbirini tamaml\u0131yor. G\u00fclten Day\u0131o\u011flu d\u00fcnyaca \u00fcnl\u00fc A\u015fk Gemisi\u2019yle G\u00fcney Pasifik Adalar\u0131na<span class=\"excerpt-hellip\"> [\u2026]<\/span><\/p>\n","protected":false},"featured_media":0,"template":"","meta":{"_monsterinsights_skip_tracking":false,"_monsterinsights_sitenote_active":false,"_monsterinsights_sitenote_note":"","_monsterinsights_sitenote_category":0},"product_brand":[],"product_cat":[12274,12284],"product_tag":[],"class_list":{"0":"post-780077","1":"product","2":"type-product","3":"status-publish","5":"product_cat-cocuk-ve-genclik-kitaplari","6":"product_cat-hikayeler","7":"pa_cilt-ciltsiz","8":"pa_tur-kitap","9":"pa_yayinevi-yapi-kredi-yayinlari","10":"pa_yazar-gulten-dayioglu","12":"first","13":"instock","14":"sale","15":"shipping-taxable","16":"purchasable","17":"product-type-simple"},"_links":{"self":[{"href":"https:\/\/roveyayinevi.com.tr\/index.php\/wp-json\/wp\/v2\/product\/780077","targetHints":{"allow":["GET"]}}],"collection":[{"href":"https:\/\/roveyayinevi.com.tr\/index.php\/wp-json\/wp\/v2\/product"}],"about":[{"href":"https:\/\/roveyayinevi.com.tr\/index.php\/wp-json\/wp\/v2\/types\/product"}],"wp:attachment":[{"href":"https:\/\/roveyayinevi.com.tr\/index.php\/wp-json\/wp\/v2\/media?parent=780077"}],"wp:term":[{"taxonomy":"product_brand","embeddable":true,"href":"https:\/\/roveyayinevi.com.tr\/index.php\/wp-json\/wp\/v2\/product_brand?post=780077"},{"taxonomy":"product_cat","embeddable":true,"href":"https:\/\/roveyayinevi.com.tr\/index.php\/wp-json\/wp\/v2\/product_cat?post=780077"},{"taxonomy":"product_tag","embeddable":true,"href":"https:\/\/roveyayinevi.com.tr\/index.php\/wp-json\/wp\/v2\/product_tag?post=780077"}],"curies":[{"name":"wp","href":"https:\/\/api.w.org\/{rel}","templated":true}]}}