{"id":780075,"date":"2025-12-30T12:24:45","date_gmt":"2025-12-30T09:24:45","guid":{"rendered":"https:\/\/roveyayinevi.com.tr\/index.php\/urun\/surgunler-ayriliklar\/"},"modified":"2026-04-15T03:44:44","modified_gmt":"2026-04-15T00:44:44","slug":"surgunler-ayriliklar","status":"publish","type":"product","link":"https:\/\/roveyayinevi.com.tr\/index.php\/urun\/surgunler-ayriliklar\/","title":{"rendered":"S\u00fcrg\u00fcnler Ayr\u0131l\u0131klar"},"content":{"rendered":"<p>Cevat \u00c7apan\u2019\u0131n yeni \u015fiir kitab\u0131 S\u00fcrg\u00fcnler Ayr\u0131l\u0131klar yay\u0131mland\u0131. \u015eairin Bana D\u00fc\u015flerini Anlat adl\u0131 toplu \u015fiirler kitab\u0131yla \u00f6b\u00fcr kitaplar\u0131 da Yap\u0131 Kredi Yay\u0131nlar\u0131 taraf\u0131ndan yay\u0131mlanmakta. Son \u015fiirlerinin yer ald\u0131\u011f\u0131 S\u00fcrg\u00fcnler Ayr\u0131l\u0131klar i\u00e7indeki \u201cYar\u0131m Kalm\u0131\u015f Bir \u015eiir Antolojisi\u201dnde \u00c7apan, \u015fiirimizdeki \u00e7a\u011fda\u015flar\u0131n\u0131 dize dize resmediyor. Bu yaz da zeytin a\u011fa\u00e7lar\u0131na bakarak ge\u00e7irdik g\u00fcne\u015fli g\u00fcnlerimizi, zeytin tanelerinin karar\u0131ncaya kadar g\u00fcne\u015fi i\u00e7lerinde nas\u0131l gizlediklerini,   Cevat \u00c7apan: (Dar\u0131ca, 18 Ocak 1933) \u0130lk kitab\u0131 D\u00f6n G\u00fcvercin D\u00f6n ile 1986 Beh\u00e7et Necatigil \u015eiir \u00d6d\u00fcl\u00fc\u2019n\u00fc ald\u0131ktan sonra Alt\u0131n Portakal \u015eiir (2008), Erdal \u00d6z Edebiyat (2017), Sedat Simavi Vakf\u0131 Edebiyat (2017), Ceyhun Atuf Kansu \u015eiir (2018), Metin Alt\u0131ok \u015eiir (2018), Yunus Nadi \u015eiir (2021) \u00f6d\u00fcllerini de ald\u0131. 2009\u2019da ise T\u00fcyap 28. \u0130stanbul Kitap Fuar\u0131\u2019n\u0131n Onur Yazar\u0131 se\u00e7ildi. \u0130lk \u00fc\u00e7 kitab\u0131ndan se\u00e7ilip Frans\u0131zcaya \u00e7evrilen \u015fiirleri L\u2019hiver est fini ad\u0131yla 1996\u2019da Fransa\u2019da, yine bu kitaplardan \u0130ngilizceye \u00e7evrilen \u015fiirleri ise 2001\u2019de Where Are You Susie Petchek ad\u0131yla \u0130ngiltere\u2019de yay\u0131mland\u0131. Su Sesi Ruth Christie\u2019nin \u00e7evirisiyle Arc Publications taraf\u0131ndan 2017\u2019de The Voice of Water ba\u015fl\u0131\u011f\u0131yla \u0130ngiltere\u2019de yay\u0131mland\u0131. \u015eiir kitaplar\u0131: D\u00f6n G\u00fcvercin D\u00f6n (1985), Do\u011fal Tarih (1989), Sevda Yaratan (1994), Se\u00e7me \u015eiirler (1998), Ne G\u00fczel Yolculuktu Akl\u0131mdan \u00c7\u0131kmaz (2001), Bana D\u00fc\u015flerini Anlat &#8211; Toplu \u015eiirler (1985-2020) (2007\/2023), Ara S\u0131cak (2009), Su Sesi (2013), Son Duraktan Bir \u00d6nce (2017), O Geni\u015f Bo\u015flukta (2022), Bir Ba\u015fka Co\u011frafyadan (2020), Geceleyin Bir Tren (2024), Sur Dibinde Bir Durak (el yaz\u0131s\u0131yla 49 \u015fiir, 2024), S\u00fcrg\u00fcnler Ayr\u0131l\u0131klar (2025) <\/p>\n","protected":false},"excerpt":{"rendered":"<p>Cevat \u00c7apan\u2019\u0131n yeni \u015fiir kitab\u0131 S\u00fcrg\u00fcnler Ayr\u0131l\u0131klar yay\u0131mland\u0131. \u015eairin Bana D\u00fc\u015flerini Anlat adl\u0131 toplu \u015fiirler kitab\u0131yla \u00f6b\u00fcr kitaplar\u0131 da Yap\u0131 Kredi Yay\u0131nlar\u0131 taraf\u0131ndan yay\u0131mlanmakta. Son \u015fiirlerinin<span class=\"excerpt-hellip\"> [\u2026]<\/span><\/p>\n","protected":false},"featured_media":0,"template":"","meta":{"_monsterinsights_skip_tracking":false,"_monsterinsights_sitenote_active":false,"_monsterinsights_sitenote_note":"","_monsterinsights_sitenote_category":0},"product_brand":[],"product_cat":[12291,12509],"product_tag":[],"class_list":{"0":"post-780075","1":"product","2":"type-product","3":"status-publish","5":"product_cat-edebiyat","6":"product_cat-siir","7":"pa_cilt-ciltsiz","8":"pa_tur-kitap","9":"pa_yayinevi-yapi-kredi-yayinlari","10":"pa_yazar-cevat-capan","12":"first","13":"instock","14":"sale","15":"shipping-taxable","16":"purchasable","17":"product-type-simple"},"_links":{"self":[{"href":"https:\/\/roveyayinevi.com.tr\/index.php\/wp-json\/wp\/v2\/product\/780075","targetHints":{"allow":["GET"]}}],"collection":[{"href":"https:\/\/roveyayinevi.com.tr\/index.php\/wp-json\/wp\/v2\/product"}],"about":[{"href":"https:\/\/roveyayinevi.com.tr\/index.php\/wp-json\/wp\/v2\/types\/product"}],"wp:attachment":[{"href":"https:\/\/roveyayinevi.com.tr\/index.php\/wp-json\/wp\/v2\/media?parent=780075"}],"wp:term":[{"taxonomy":"product_brand","embeddable":true,"href":"https:\/\/roveyayinevi.com.tr\/index.php\/wp-json\/wp\/v2\/product_brand?post=780075"},{"taxonomy":"product_cat","embeddable":true,"href":"https:\/\/roveyayinevi.com.tr\/index.php\/wp-json\/wp\/v2\/product_cat?post=780075"},{"taxonomy":"product_tag","embeddable":true,"href":"https:\/\/roveyayinevi.com.tr\/index.php\/wp-json\/wp\/v2\/product_tag?post=780075"}],"curies":[{"name":"wp","href":"https:\/\/api.w.org\/{rel}","templated":true}]}}