{"id":780074,"date":"2025-12-30T12:24:43","date_gmt":"2025-12-30T09:24:43","guid":{"rendered":"https:\/\/roveyayinevi.com.tr\/index.php\/urun\/sanat-dunyamiz-207-kis-2026\/"},"modified":"2026-04-15T03:44:44","modified_gmt":"2026-04-15T00:44:44","slug":"sanat-dunyamiz-207-kis-2026","status":"publish","type":"product","link":"https:\/\/roveyayinevi.com.tr\/index.php\/urun\/sanat-dunyamiz-207-kis-2026\/","title":{"rendered":"Sanat D\u00fcnyam\u0131z \u2013 207 \/ K\u0131\u015f 2026"},"content":{"rendered":"<p>Sanat D\u00fcnyam\u0131z dergisi 207. say\u0131s\u0131nda \u201cK\u0131r\u0131lganl\u0131k Politikalar\u0131\u201d dosyas\u0131yla okuyucuyla bulu\u015fuyor. Dosya, kurumlar\u0131n k\u0131r\u0131lganl\u0131\u011f\u0131na ve g\u00fcvencesizliklere kar\u015f\u0131 geli\u015ftirilebilecek politikalara bak\u0131yor. Dosyada bu kapsamda Al\u00e2ra Kuset, Ece Elmas, Angelica Stathopoulos, Helin Burkay, Sezen \u00dcnl\u00fc\u00f6nen, \u0130lker Hepkaner, Ceylan \u00d6nalp, Ezgi Yak\u0131n\u2019\u0131n makaleleri yer al\u0131yor. Asl\u0131 \u00c7avu\u015fo\u011flu ve Cemre Baytok\u2019un s\u00f6yle\u015fisi ve Gizem Karaka\u015f\u2019\u0131n foto\u011fraf \u00e7al\u0131\u015fmas\u0131 Kusurlar\u0131m\u0131za da dosya kapsam\u0131nda payla\u015f\u0131l\u0131yor. Bu y\u0131l, t\u00fcketen ve t\u00fcketilen rollerini tart\u0131\u015fmaya a\u00e7arak \u201cKim Kimi Yiyor?\u201d ba\u015fl\u0131\u011f\u0131 alt\u0131nda besin end\u00fcstrisindeki adaletsizliklere, a\u00e7l\u0131\u011fa ve toklu\u011fa bakacak III. Sanat D\u00fcnyam\u0131z Film G\u00fcnleri de temaya ili\u015fkin yaz\u0131larla Sanat D\u00fcnyam\u0131z\u2019da. Dergide 22-26 Ocak 2026 tarihleri aras\u0131nda Yap\u0131 Kredi K\u00fclt\u00fcr Sanat Loca\u2019da d\u00fczenlenecek III. Sanat D\u00fcnyam\u0131z Film G\u00fcnleri\u2019ne dair Asl\u0131 Ild\u0131r ve Deniz K\u0131rkal\u0131\u2019n\u0131n yaz\u0131lar\u0131na yer veriliyor. Asl\u0131 Ild\u0131r film g\u00fcnlerinde g\u00f6sterilecek Agnes Varda\u2019n\u0131n y\u00f6netti\u011fi Toplay\u0131c\u0131lar filmini yazarken Deniz K\u0131rkal\u0131\u2019n\u0131n makalesi konuya farkl\u0131 perspektifler getiriyor. Derginin +\u0130z b\u00f6l\u00fcm\u00fcnde Kaya Gen\u00e7\u2019in kaleme ald\u0131\u011f\u0131 Nancy Atakan portresi, Arda \u00d6zen\u2019in \u201c\u00c7\u00f6l S\u00fcmb\u00fcl\u00fc\u201d sergisi, Can Memi\u015f\u2019in 18. \u0130stanbul Bienali\u2019nin ilk aya\u011f\u0131, Neslihan \u0130mamo\u011flu\u2019nun YUNT\u2019taki \u201cVarYok\u201d sergisi, Erman Ata Uncu\u2019nun \u201c\u015e\u00fcpheli Uzla\u015fmalar\u201d sergisi \u00fczerine yaz\u0131lar\u0131 okuyucular\u0131 bekliyor. Sanat D\u00fcnyam\u0131z\u2019\u0131n bu say\u0131dan itibaren sanat\u00e7\u0131lar\u0131n kurgu metinlerine yer verece\u011fi Sanat\u00e7\u0131n\u0131n Kurgusu b\u00f6l\u00fcm\u00fcnde ise Erdem Ta\u015fdelen\u2019in \u201cUzun ve Dramatik Bir Sessizlik\u201d adl\u0131 metni var. Sanat D\u00fcnyam\u0131z\u2019\u0131n \u00fc\u00e7 ayl\u0131k Ajanda b\u00f6l\u00fcm\u00fc ise sanatseverlere k\u0131\u015f boyu yol g\u00f6sterecek. <\/p>\n","protected":false},"excerpt":{"rendered":"<p>Sanat D\u00fcnyam\u0131z dergisi 207. say\u0131s\u0131nda \u201cK\u0131r\u0131lganl\u0131k Politikalar\u0131\u201d dosyas\u0131yla okuyucuyla bulu\u015fuyor. Dosya, kurumlar\u0131n k\u0131r\u0131lganl\u0131\u011f\u0131na ve g\u00fcvencesizliklere kar\u015f\u0131 geli\u015ftirilebilecek politikalara bak\u0131yor. Dosyada bu kapsamda Al\u00e2ra Kuset, Ece Elmas,<span class=\"excerpt-hellip\"> [\u2026]<\/span><\/p>\n","protected":false},"featured_media":0,"template":"","meta":{"_monsterinsights_skip_tracking":false,"_monsterinsights_sitenote_active":false,"_monsterinsights_sitenote_note":"","_monsterinsights_sitenote_category":0},"product_brand":[],"product_cat":[13527],"product_tag":[],"class_list":{"0":"post-780074","1":"product","2":"type-product","3":"status-publish","5":"product_cat-sureli-yayinlar","6":"pa_cilt-ciltsiz","7":"pa_tur-dergi","8":"pa_yayinevi-yapi-kredi-yayinlari-dergi","9":"pa_yazar-kolektif","11":"first","12":"instock","13":"sale","14":"shipping-taxable","15":"purchasable","16":"product-type-simple"},"_links":{"self":[{"href":"https:\/\/roveyayinevi.com.tr\/index.php\/wp-json\/wp\/v2\/product\/780074","targetHints":{"allow":["GET"]}}],"collection":[{"href":"https:\/\/roveyayinevi.com.tr\/index.php\/wp-json\/wp\/v2\/product"}],"about":[{"href":"https:\/\/roveyayinevi.com.tr\/index.php\/wp-json\/wp\/v2\/types\/product"}],"wp:attachment":[{"href":"https:\/\/roveyayinevi.com.tr\/index.php\/wp-json\/wp\/v2\/media?parent=780074"}],"wp:term":[{"taxonomy":"product_brand","embeddable":true,"href":"https:\/\/roveyayinevi.com.tr\/index.php\/wp-json\/wp\/v2\/product_brand?post=780074"},{"taxonomy":"product_cat","embeddable":true,"href":"https:\/\/roveyayinevi.com.tr\/index.php\/wp-json\/wp\/v2\/product_cat?post=780074"},{"taxonomy":"product_tag","embeddable":true,"href":"https:\/\/roveyayinevi.com.tr\/index.php\/wp-json\/wp\/v2\/product_tag?post=780074"}],"curies":[{"name":"wp","href":"https:\/\/api.w.org\/{rel}","templated":true}]}}