{"id":780073,"date":"2025-12-30T12:24:42","date_gmt":"2025-12-30T09:24:42","guid":{"rendered":"https:\/\/roveyayinevi.com.tr\/index.php\/urun\/mevsimlerle-istanbul-istanbul-throughout-the-seasons-turkce-ingilizce\/"},"modified":"2026-04-15T03:44:44","modified_gmt":"2026-04-15T00:44:44","slug":"mevsimlerle-istanbul-istanbul-throughout-the-seasons-turkce-ingilizce","status":"publish","type":"product","link":"https:\/\/roveyayinevi.com.tr\/index.php\/urun\/mevsimlerle-istanbul-istanbul-throughout-the-seasons-turkce-ingilizce\/","title":{"rendered":"Mevsimlerle \u0130stanbul \/ Istanbul throughout the Seasons (T\u00fcrk\u00e7e \u2013 \u0130ngilizce)"},"content":{"rendered":"<p>Yap\u0131 Kredi Selahattin Giz Koleksiyonu\u2019ndan 1925-1955 \u0130stanbul Foto\u011fraflar\u0131 Istanbul Photographs from the Yap\u0131 Kredi Selahattin Giz Collection, 1925-1955  elahattin Giz\u2019in \u0130stanbul\u2019u ya da \u0130stanbul\u2019un \u00e7oktan unutulmu\u015f gizleri&#8230; Selahattin Giz\u2019in 1925 ile 1955 y\u0131llar\u0131 aras\u0131nda \u0130stanbul\u2019un farkl\u0131 b\u00f6lgelerinde, farkl\u0131 mevsimlerde \u00e7ekti\u011fi ve foto\u011fraflar\u0131n\u0131 biriktirdi\u011fi karelerde tan\u0131d\u0131k sokaklar, bug\u00fcn art\u0131k zor tan\u0131nan \u00fcnl\u00fc alanlar, ya\u015fl\u0131 tramvaylar, uzaktan uza\u011fa d\u0131\u015f \u00e7izgileri g\u00f6r\u00fcnen g\u00f6rkemli amiler, \u00e7o\u011fu yok olmu\u015f b\u00fcy\u00fck yap\u0131lar\u2026 At arabalar\u0131, faytonlar, Bo\u011faz\u2019da \u00e7\u0131k\u0131nt\u0131 yapm\u0131\u015f eski ah\u015fap yal\u0131lar\u2026 K\u0131zkulesi, K\u00f6rfez\u2019deki dalyanlar, \u0130stanbul \u00dcniversitesi\u2019nin \u0131\u015f\u0131klar i\u00e7indeki gece g\u00f6r\u00fcn\u00fcm\u00fc, sur d\u0131\u015f\u0131ndaki surlar; belleklerden bile \u00e7oktan silinmi\u015f Taksim, karla kapl\u0131 meydanda k\u0131zl\u0131-erkekli k\u0131zak kayanlar, kar alt\u0131ndaki caddeler, Dolmabah\u00e7e s\u0131rtlar\u0131n\u0131n merdivensiz d\u00f6neminde yoku\u015f t\u0131rmananlar, araba azl\u0131\u011f\u0131ndan b\u00fcy\u00fcm\u00fc\u015f, geni\u015flemi\u015f g\u00f6r\u00fcnen caddeler, karlar alt\u0131ndaki kay\u0131klar, Beyaz\u0131t\u2019\u0131n eski havuzu, Haydarpa\u015fa Gar\u0131, K\u00fc\u00e7\u00fcksu Kasr\u0131 gibi \u0130stanbul\u2019un d\u00f6rt bir yan\u0131ndan birbirinden g\u00fczel foto\u011fraflar var.   Selahattin Giz\u2019s Istanbul or the long-forgotten mysteries of Istanbul&#8230; Selahattin Giz\u2019s photographs, taken between 1925 and 1955 in different parts of Istanbul and during different seasons, depict familiar streets, famous landmarks barely recognizable today, aged trams, magnificent mosques whose outlines are visible from afar, and grand structures, mostly gone. Horse-drawn carriages, old wooden mansions jutting out from the Bosphorus&#8230; The Maiden&#8217;s Tower, the fishing boats in the Gulf, the illuminated night view of Istanbul University, the city walls outside the city walls&#8230; There are beautiful photographs from all over Istanbul, such as a long-gone Taksim, girls and boys sledding in the snow-covered square, streets covered in snow, people climbing the hills of Dolmabah\u00e7e before the stairs, streets that look enlarged and widened due to the lack of cars, boats under the snow, the old pool of Beyaz\u0131t, Haydarpa\u015fa Train Station, K\u00fc\u00e7\u00fcksu Pavilion&#8230; <\/p>\n","protected":false},"excerpt":{"rendered":"<p>Yap\u0131 Kredi Selahattin Giz Koleksiyonu\u2019ndan 1925-1955 \u0130stanbul Foto\u011fraflar\u0131 Istanbul Photographs from the Yap\u0131 Kredi Selahattin Giz Collection, 1925-1955 elahattin Giz\u2019in \u0130stanbul\u2019u ya da \u0130stanbul\u2019un \u00e7oktan unutulmu\u015f<span class=\"excerpt-hellip\"> [\u2026]<\/span><\/p>\n","protected":false},"featured_media":0,"template":"","meta":{"_monsterinsights_skip_tracking":false,"_monsterinsights_sitenote_active":false,"_monsterinsights_sitenote_note":"","_monsterinsights_sitenote_category":0},"product_brand":[],"product_cat":[44608,12408],"product_tag":[],"class_list":{"0":"post-780073","1":"product","2":"type-product","3":"status-publish","5":"product_cat-diger-sanat","6":"product_cat-sanat","7":"pa_cilt-ciltsiz","8":"pa_tur-kitap","9":"pa_yayinevi-yapi-kredi-yayinlari","10":"pa_yazar-kolektif","12":"first","13":"instock","14":"sale","15":"shipping-taxable","16":"purchasable","17":"product-type-simple"},"_links":{"self":[{"href":"https:\/\/roveyayinevi.com.tr\/index.php\/wp-json\/wp\/v2\/product\/780073","targetHints":{"allow":["GET"]}}],"collection":[{"href":"https:\/\/roveyayinevi.com.tr\/index.php\/wp-json\/wp\/v2\/product"}],"about":[{"href":"https:\/\/roveyayinevi.com.tr\/index.php\/wp-json\/wp\/v2\/types\/product"}],"wp:attachment":[{"href":"https:\/\/roveyayinevi.com.tr\/index.php\/wp-json\/wp\/v2\/media?parent=780073"}],"wp:term":[{"taxonomy":"product_brand","embeddable":true,"href":"https:\/\/roveyayinevi.com.tr\/index.php\/wp-json\/wp\/v2\/product_brand?post=780073"},{"taxonomy":"product_cat","embeddable":true,"href":"https:\/\/roveyayinevi.com.tr\/index.php\/wp-json\/wp\/v2\/product_cat?post=780073"},{"taxonomy":"product_tag","embeddable":true,"href":"https:\/\/roveyayinevi.com.tr\/index.php\/wp-json\/wp\/v2\/product_tag?post=780073"}],"curies":[{"name":"wp","href":"https:\/\/api.w.org\/{rel}","templated":true}]}}