{"id":780071,"date":"2025-12-30T12:24:37","date_gmt":"2025-12-30T09:24:37","guid":{"rendered":"https:\/\/roveyayinevi.com.tr\/index.php\/urun\/daragacindaki-adalet-bogazliyan-kaymakami-kemal-beyin-idami\/"},"modified":"2026-04-07T03:38:25","modified_gmt":"2026-04-07T00:38:25","slug":"daragacindaki-adalet-bogazliyan-kaymakami-kemal-beyin-idami","status":"publish","type":"product","link":"https:\/\/roveyayinevi.com.tr\/index.php\/urun\/daragacindaki-adalet-bogazliyan-kaymakami-kemal-beyin-idami\/","title":{"rendered":"Dara\u011fac\u0131ndaki Adalet Bo\u011fazl\u0131yan Kaymakam\u0131 Kemal Bey\u2019in \u0130dam\u0131"},"content":{"rendered":"<p>Sevgili vatanda\u015flar\u0131m! Ben Bir T\u00fcrk memuruyum. Ald\u0131\u011f\u0131m emri yerine getirdim. Vazifemi yapt\u0131\u011f\u0131ma vicdan\u0131m emindir. Sizlere yemin ederim ki, ben masumum. Son s\u00f6z\u00fcm, bug\u00fcn de budur, yar\u0131n da budur. Ecnebi devletlere yaranmak i\u00e7in beni as\u0131yorlar. E\u011fer adalet buna diyorlarsa, kahrolsun b\u00f6yle adalet \u2026 Benim sevgili, karde\u015flerim, asil T\u00fcrk milletine \u00e7ocuklar\u0131m\u0131 emanet ediyorum. Bu kahraman millet, elbette onlara bakacakt\u0131r. Vatan u\u011frunda cephede \u00f6len bir insan gibi \u015fehid gidiyorum. Allah vatan ve milletime zeval vermesin. 10 Nisan 1920 <\/p>\n","protected":false},"excerpt":{"rendered":"<p>Sevgili vatanda\u015flar\u0131m! Ben Bir T\u00fcrk memuruyum. Ald\u0131\u011f\u0131m emri yerine getirdim. Vazifemi yapt\u0131\u011f\u0131ma vicdan\u0131m emindir. Sizlere yemin ederim ki, ben masumum. Son s\u00f6z\u00fcm, bug\u00fcn de budur, yar\u0131n<span class=\"excerpt-hellip\"> [\u2026]<\/span><\/p>\n","protected":false},"featured_media":0,"template":"","meta":{"_monsterinsights_skip_tracking":false,"_monsterinsights_sitenote_active":false,"_monsterinsights_sitenote_note":"","_monsterinsights_sitenote_category":0},"product_brand":[],"product_cat":[12291,12711],"product_tag":[],"class_list":{"0":"post-780071","1":"product","2":"type-product","3":"status-publish","5":"product_cat-edebiyat","6":"product_cat-roman-oyku","7":"pa_cilt-ciltsiz","8":"pa_tur-kitap","9":"pa_yayinevi-soncag","10":"pa_yazar-taha-niyazi-karaca","12":"first","13":"instock","14":"sale","15":"shipping-taxable","16":"purchasable","17":"product-type-simple"},"_links":{"self":[{"href":"https:\/\/roveyayinevi.com.tr\/index.php\/wp-json\/wp\/v2\/product\/780071","targetHints":{"allow":["GET"]}}],"collection":[{"href":"https:\/\/roveyayinevi.com.tr\/index.php\/wp-json\/wp\/v2\/product"}],"about":[{"href":"https:\/\/roveyayinevi.com.tr\/index.php\/wp-json\/wp\/v2\/types\/product"}],"wp:attachment":[{"href":"https:\/\/roveyayinevi.com.tr\/index.php\/wp-json\/wp\/v2\/media?parent=780071"}],"wp:term":[{"taxonomy":"product_brand","embeddable":true,"href":"https:\/\/roveyayinevi.com.tr\/index.php\/wp-json\/wp\/v2\/product_brand?post=780071"},{"taxonomy":"product_cat","embeddable":true,"href":"https:\/\/roveyayinevi.com.tr\/index.php\/wp-json\/wp\/v2\/product_cat?post=780071"},{"taxonomy":"product_tag","embeddable":true,"href":"https:\/\/roveyayinevi.com.tr\/index.php\/wp-json\/wp\/v2\/product_tag?post=780071"}],"curies":[{"name":"wp","href":"https:\/\/api.w.org\/{rel}","templated":true}]}}