{"id":780070,"date":"2025-12-30T12:24:35","date_gmt":"2025-12-30T09:24:35","guid":{"rendered":"https:\/\/roveyayinevi.com.tr\/index.php\/urun\/baban-daima-yaninda\/"},"modified":"2026-04-15T03:44:44","modified_gmt":"2026-04-15T00:44:44","slug":"baban-daima-yaninda","status":"publish","type":"product","link":"https:\/\/roveyayinevi.com.tr\/index.php\/urun\/baban-daima-yaninda\/","title":{"rendered":"Baban Daima Yan\u0131nda"},"content":{"rendered":"<p>&#8220;Bak g\u00f6rd\u00fcn m\u00fc? Ben senin baban\u0131m. \u0130lk g\u00fcnden itibaren&#8230; Daima kalbinde olaca\u011f\u0131m.&#8221; Bir baba ile \u00e7ocu\u011funun aras\u0131ndaki \u00f6zel ba\u011f bu kitap ile dile geliyor. \u00c7ocuklar b\u00fcy\u00fcr ve de\u011fi\u015fir ancak bir baban\u0131m \u00e7ocu\u011funa olan ko\u015fulsuz sevgisi de\u011fi\u015fmez. Kalbinizi \u0131s\u0131tacak resimleriyle Baban Daima Yan\u0131nda, babalar ve \u00e7ocuklar\u0131 aras\u0131ndaki sonsuz sevginin hik\u00e2yesini anlat\u0131yor. Bir baba y\u0131llar boyunca \u00e7ocu\u011funun her d\u00f6nemine \u015fahitlik eder: \u00e7ocuklu\u011funa, ergenlik d\u00f6nemine, yeti\u015fkinli\u011fe att\u0131\u011f\u0131 ilk ad\u0131mlara&#8230; Sevgi ve \u015fefkat dolu bak\u0131\u015flar\u0131 b\u00fcy\u00fcmekte olan \u00e7ocu\u011funun \u00fczerinden hi\u00e7 ayr\u0131lmaz. Kesin olarak bildi\u011fi ve s\u00f6yledi\u011fi bir \u015fey vard\u0131r: Baban daima yan\u0131nda.<\/p>\n","protected":false},"excerpt":{"rendered":"<p>&#8220;Bak g\u00f6rd\u00fcn m\u00fc? Ben senin baban\u0131m. \u0130lk g\u00fcnden itibaren&#8230; Daima kalbinde olaca\u011f\u0131m.&#8221; Bir baba ile \u00e7ocu\u011funun aras\u0131ndaki \u00f6zel ba\u011f bu kitap ile dile geliyor. \u00c7ocuklar b\u00fcy\u00fcr<span class=\"excerpt-hellip\"> [\u2026]<\/span><\/p>\n","protected":false},"featured_media":0,"template":"","meta":{"_monsterinsights_skip_tracking":false,"_monsterinsights_sitenote_active":false,"_monsterinsights_sitenote_note":"","_monsterinsights_sitenote_category":0},"product_brand":[],"product_cat":[12274],"product_tag":[],"class_list":{"0":"post-780070","1":"product","2":"type-product","3":"status-publish","5":"product_cat-cocuk-ve-genclik-kitaplari","6":"pa_cilt-ciltsiz","7":"pa_tur-kitap","8":"pa_yayinevi-1001-cicek-kitaplar","9":"pa_yazar-marion-donon","11":"first","12":"instock","13":"sale","14":"shipping-taxable","15":"purchasable","16":"product-type-simple"},"_links":{"self":[{"href":"https:\/\/roveyayinevi.com.tr\/index.php\/wp-json\/wp\/v2\/product\/780070","targetHints":{"allow":["GET"]}}],"collection":[{"href":"https:\/\/roveyayinevi.com.tr\/index.php\/wp-json\/wp\/v2\/product"}],"about":[{"href":"https:\/\/roveyayinevi.com.tr\/index.php\/wp-json\/wp\/v2\/types\/product"}],"wp:attachment":[{"href":"https:\/\/roveyayinevi.com.tr\/index.php\/wp-json\/wp\/v2\/media?parent=780070"}],"wp:term":[{"taxonomy":"product_brand","embeddable":true,"href":"https:\/\/roveyayinevi.com.tr\/index.php\/wp-json\/wp\/v2\/product_brand?post=780070"},{"taxonomy":"product_cat","embeddable":true,"href":"https:\/\/roveyayinevi.com.tr\/index.php\/wp-json\/wp\/v2\/product_cat?post=780070"},{"taxonomy":"product_tag","embeddable":true,"href":"https:\/\/roveyayinevi.com.tr\/index.php\/wp-json\/wp\/v2\/product_tag?post=780070"}],"curies":[{"name":"wp","href":"https:\/\/api.w.org\/{rel}","templated":true}]}}