{"id":780068,"date":"2025-12-30T12:24:29","date_gmt":"2025-12-30T09:24:29","guid":{"rendered":"https:\/\/roveyayinevi.com.tr\/index.php\/urun\/universite-sosyoloji-toplum\/"},"modified":"2026-04-15T03:44:43","modified_gmt":"2026-04-15T00:44:43","slug":"universite-sosyoloji-toplum","status":"publish","type":"product","link":"https:\/\/roveyayinevi.com.tr\/index.php\/urun\/universite-sosyoloji-toplum\/","title":{"rendered":"\u00dcniversite, Sosyoloji, Toplum"},"content":{"rendered":"<p>Merkep\u2019in -Biz Heretik\u2019in logosundaki muzip e\u015fe\u011fi b\u00f6yle adland\u0131r\u0131r\u0131z- baz\u0131 depiklerine, yani bizim l\u00fcgatimizde b\u00fcy\u00fc bozucu sosyal bilim metinlerine, y\u0131llar boyunca uzun takdimler kaleme ald\u0131m. Kimileri bunu yad\u0131rgad\u0131, kimileri niyet okudu, kimileri de \u00e7ok sevdi. Asl\u0131nda bu bir tercihten \u00e7ok bir gereklilikti. \u00c7\u00fcnk\u00fc Merkep\u2019in yay\u0131mlad\u0131\u011f\u0131 metinlerin de\u011feri, i\u00e7inde bar\u0131nd\u0131rd\u0131klar\u0131 say\u0131s\u0131z fikri patika ve d\u00fc\u015f\u00fcnce hatt\u0131yla, b\u00f6ylesi bir e\u015flik etme tutumunu adeta talep ediyordu. Di\u011fer yandan, bu takdimler bana, her bir eserin i\u00e7 mant\u0131\u011f\u0131na yaslanarak ama ayn\u0131 zamanda o mant\u0131\u011f\u0131 bir s\u0131\u00e7rama tahtas\u0131 gibi kullanarak, cari sosyoloji -ya da genel olarak sosyal bilim- pratikleriyle \u00fcniversitenin mevcut h\u00e2lini sorgulama f\u0131rsat\u0131 sunuyordu. B\u00f6ylece her bir takdim birer m\u00fcdahale metnine d\u00f6n\u00fc\u015f\u00fcyor; e\u015flik etmekle m\u00fcdahale etmek ayn\u0131 madalyonun iki y\u00fcz\u00fc olarak beliriyordu. Elbette ikincisinden feragat edilebilirdi; ama dertsiz yaz\u0131y\u0131 hi\u00e7bir zaman sevmedim. \u015eimdi ise t\u00fcm bu takdimleri hi\u00e7bir d\u00fczeltmeye tabi tutmadan bir araya getirdim. \u00c7\u00fcnk\u00fc olduklar\u0131 gibi kalmalar\u0131n\u0131 istedim; yaz\u0131ld\u0131klar\u0131 d\u00f6nemin ba\u011flam\u0131n\u0131, Merkep\u2019in heybesine y\u00fckledi\u011fimiz dert ve umutlar\u0131, \u00fcslubumun bu ortak dertle birlikte zaman i\u00e7inde de\u011fi\u015fen nefesini kendi i\u00e7lerinde saklamay\u0131 s\u00fcrd\u00fcrs\u00fcnler diye. B\u00f6ylelikle, bir bak\u0131ma, Merkep\u2019in serencam\u0131na dair bir tan\u0131kl\u0131k da ortaya \u00e7\u0131km\u0131\u015f oldu : \u00fcniversite i\u00e7in, \u00fcniversiteye ra\u011fmen. Merkep, onu kimi vakit i\u00e7ine alan, kimi vakit d\u0131\u015f\u0131na iten bir kurum i\u00e7in, sosyal bilim ad\u0131na -bug\u00fcnden bakt\u0131\u011f\u0131mda bana h\u00e2l\u00e2 mucizevi gelen- \u00e7ok \u015fey yapt\u0131. Bu kitap, hi\u00e7 de\u011filse, o eme\u011fin ni\u015fanesi olarak tarihe d\u00fc\u015f\u00fclm\u00fc\u015f k\u00fc\u00e7\u00fck bir not say\u0131ls\u0131n.  <\/p>\n","protected":false},"excerpt":{"rendered":"<p>Merkep\u2019in -Biz Heretik\u2019in logosundaki muzip e\u015fe\u011fi b\u00f6yle adland\u0131r\u0131r\u0131z- baz\u0131 depiklerine, yani bizim l\u00fcgatimizde b\u00fcy\u00fc bozucu sosyal bilim metinlerine, y\u0131llar boyunca uzun takdimler kaleme ald\u0131m. Kimileri bunu<span class=\"excerpt-hellip\"> [\u2026]<\/span><\/p>\n","protected":false},"featured_media":0,"template":"","meta":{"_monsterinsights_skip_tracking":false,"_monsterinsights_sitenote_active":false,"_monsterinsights_sitenote_note":"","_monsterinsights_sitenote_category":0},"product_brand":[],"product_cat":[12324],"product_tag":[],"class_list":{"0":"post-780068","1":"product","2":"type-product","3":"status-publish","5":"product_cat-sosyoloji","6":"pa_cilt-ciltsiz","7":"pa_tur-kitap","8":"pa_yayinevi-heretik-yayincilik","9":"pa_yazar-levent-unsaldi","11":"first","12":"instock","13":"sale","14":"shipping-taxable","15":"purchasable","16":"product-type-simple"},"_links":{"self":[{"href":"https:\/\/roveyayinevi.com.tr\/index.php\/wp-json\/wp\/v2\/product\/780068","targetHints":{"allow":["GET"]}}],"collection":[{"href":"https:\/\/roveyayinevi.com.tr\/index.php\/wp-json\/wp\/v2\/product"}],"about":[{"href":"https:\/\/roveyayinevi.com.tr\/index.php\/wp-json\/wp\/v2\/types\/product"}],"wp:attachment":[{"href":"https:\/\/roveyayinevi.com.tr\/index.php\/wp-json\/wp\/v2\/media?parent=780068"}],"wp:term":[{"taxonomy":"product_brand","embeddable":true,"href":"https:\/\/roveyayinevi.com.tr\/index.php\/wp-json\/wp\/v2\/product_brand?post=780068"},{"taxonomy":"product_cat","embeddable":true,"href":"https:\/\/roveyayinevi.com.tr\/index.php\/wp-json\/wp\/v2\/product_cat?post=780068"},{"taxonomy":"product_tag","embeddable":true,"href":"https:\/\/roveyayinevi.com.tr\/index.php\/wp-json\/wp\/v2\/product_tag?post=780068"}],"curies":[{"name":"wp","href":"https:\/\/api.w.org\/{rel}","templated":true}]}}