{"id":780067,"date":"2025-12-30T12:24:26","date_gmt":"2025-12-30T09:24:26","guid":{"rendered":"https:\/\/roveyayinevi.com.tr\/index.php\/urun\/troya-blues\/"},"modified":"2026-04-15T03:44:43","modified_gmt":"2026-04-15T00:44:43","slug":"troya-blues","status":"publish","type":"product","link":"https:\/\/roveyayinevi.com.tr\/index.php\/urun\/troya-blues\/","title":{"rendered":"Troya Blues"},"content":{"rendered":"<p>Kahramanl\u0131k, ne g\u00fczel oysa yitim, \u00f6l\u00fcm, kay\u0131p da bir ger\u00e7ek zafer, ne b\u00fcy\u00fck arzu oysa arkas\u0131nda ne yitik ruhlar var herkes zihnini kazanc\u0131yla doldururken yakla\u015fmakta olan kutlamalar\u0131n kimse usuna getirmez o belirsiz korkuyu g\u00fcn solup da gece kendisini g\u00f6sterince hemen yerle\u015fiveren belle\u011fe <\/p>\n","protected":false},"excerpt":{"rendered":"<p>Kahramanl\u0131k, ne g\u00fczel oysa yitim, \u00f6l\u00fcm, kay\u0131p da bir ger\u00e7ek zafer, ne b\u00fcy\u00fck arzu oysa arkas\u0131nda ne yitik ruhlar var herkes zihnini kazanc\u0131yla doldururken yakla\u015fmakta olan<span class=\"excerpt-hellip\"> [\u2026]<\/span><\/p>\n","protected":false},"featured_media":0,"template":"","meta":{"_monsterinsights_skip_tracking":false,"_monsterinsights_sitenote_active":false,"_monsterinsights_sitenote_note":"","_monsterinsights_sitenote_category":0},"product_brand":[],"product_cat":[12291,12509],"product_tag":[],"class_list":{"0":"post-780067","1":"product","2":"type-product","3":"status-publish","5":"product_cat-edebiyat","6":"product_cat-siir","7":"pa_cilt-ciltsiz","8":"pa_tur-kitap","9":"pa_yayinevi-everest-yayinlari","10":"pa_yazar-abdullah-ezik","12":"first","13":"instock","14":"sale","15":"shipping-taxable","16":"purchasable","17":"product-type-simple"},"_links":{"self":[{"href":"https:\/\/roveyayinevi.com.tr\/index.php\/wp-json\/wp\/v2\/product\/780067","targetHints":{"allow":["GET"]}}],"collection":[{"href":"https:\/\/roveyayinevi.com.tr\/index.php\/wp-json\/wp\/v2\/product"}],"about":[{"href":"https:\/\/roveyayinevi.com.tr\/index.php\/wp-json\/wp\/v2\/types\/product"}],"wp:attachment":[{"href":"https:\/\/roveyayinevi.com.tr\/index.php\/wp-json\/wp\/v2\/media?parent=780067"}],"wp:term":[{"taxonomy":"product_brand","embeddable":true,"href":"https:\/\/roveyayinevi.com.tr\/index.php\/wp-json\/wp\/v2\/product_brand?post=780067"},{"taxonomy":"product_cat","embeddable":true,"href":"https:\/\/roveyayinevi.com.tr\/index.php\/wp-json\/wp\/v2\/product_cat?post=780067"},{"taxonomy":"product_tag","embeddable":true,"href":"https:\/\/roveyayinevi.com.tr\/index.php\/wp-json\/wp\/v2\/product_tag?post=780067"}],"curies":[{"name":"wp","href":"https:\/\/api.w.org\/{rel}","templated":true}]}}