{"id":780064,"date":"2025-12-30T12:24:12","date_gmt":"2025-12-30T09:24:12","guid":{"rendered":"https:\/\/roveyayinevi.com.tr\/index.php\/urun\/sakinler-2\/"},"modified":"2026-04-15T03:44:43","modified_gmt":"2026-04-15T00:44:43","slug":"sakinler-2","status":"publish","type":"product","link":"https:\/\/roveyayinevi.com.tr\/index.php\/urun\/sakinler-2\/","title":{"rendered":"Sakinler"},"content":{"rendered":"<p>E\u011fer bedenin bir haf\u0131zas\u0131 varsa yeni bir hayata ba\u015flamak ne \u00f6l\u00e7\u00fcde m\u00fcmk\u00fcnd\u00fcr?  Sakinler sahip olduklar\u0131 b\u00fcy\u00fcl\u00fc g\u00fc\u00e7ler sayesinde ba\u015fkalar\u0131n\u0131n bedenlerini ele ge\u00e7irip sonsuza dek ya\u015fama imk\u00e2n\u0131na sahip bir ailenin hik\u00e2yesini anlat\u0131r. Fakat \u00f6l\u00fcms\u00fczl\u00fc\u011f\u00fcn bedeli ba\u015fka ya\u015famlar\u0131 \u00f6ld\u00fcrmek oldu\u011fundan ailenin gen\u00e7 \u00fcyelerinin b\u00fcy\u00fcl\u00fc g\u00fc\u00e7lerini kullanmalar\u0131 yasakt\u0131r. \u0130ki kuzen aile i\u00e7inde ya\u015fanan bir istismar\u0131n karma\u015fas\u0131ndan ka\u00e7mak i\u00e7in bu yasa\u011f\u0131 deler. Fakat yeni bedenlerinin eski hayatlar\u0131 gizem, ihtiras ve su\u00e7tan yoksun de\u011fildir. Eylemlerinin \u00f6ng\u00f6r\u00fclemeyen sonu\u00e7lar\u0131yla kar\u015f\u0131 kar\u015f\u0131ya kalan kahramanlar\u0131m\u0131z \u015fimdi trajik bir se\u00e7im yapmak durumundad\u0131r: Ya ge\u00e7mi\u015fleriyle y\u00fczle\u015fip \u00e7i\u011fnedikleri yasa\u011f\u0131n cezas\u0131n\u0131 \u00e7ekecekler ya da yeni bedenlerinin eski su\u00e7lar\u0131n\u0131n sorumlulu\u011funu \u00fcstleneceklerdir.  Eliza Victoria\u2019n\u0131n Filipin Ulusal Kitap \u00d6d\u00fcl\u00fc\u2019ne lay\u0131k g\u00f6r\u00fclen nefes kesici roman\u0131 Sakinler, beden, haf\u0131za, \u00f6l\u00fcm, su\u00e7 ve kefaret gibi eski kavramlar\u0131n karma\u015f\u0131kl\u0131\u011f\u0131n\u0131 irdeleyen s\u00fcr\u00fckleyici bir eser.<\/p>\n","protected":false},"excerpt":{"rendered":"<p>E\u011fer bedenin bir haf\u0131zas\u0131 varsa yeni bir hayata ba\u015flamak ne \u00f6l\u00e7\u00fcde m\u00fcmk\u00fcnd\u00fcr? Sakinler sahip olduklar\u0131 b\u00fcy\u00fcl\u00fc g\u00fc\u00e7ler sayesinde ba\u015fkalar\u0131n\u0131n bedenlerini ele ge\u00e7irip sonsuza dek ya\u015fama imk\u00e2n\u0131na<span class=\"excerpt-hellip\"> [\u2026]<\/span><\/p>\n","protected":false},"featured_media":0,"template":"","meta":{"_monsterinsights_skip_tracking":false,"_monsterinsights_sitenote_active":false,"_monsterinsights_sitenote_note":"","_monsterinsights_sitenote_category":0},"product_brand":[],"product_cat":[12291,14777],"product_tag":[],"class_list":{"0":"post-780064","1":"product","2":"type-product","3":"status-publish","5":"product_cat-edebiyat","6":"product_cat-fantastik","7":"pa_cilt-ciltsiz","8":"pa_tur-kitap","9":"pa_yayinevi-livera-yayinevi","10":"pa_yazar-eliza-victoria","12":"first","13":"instock","14":"sale","15":"shipping-taxable","16":"purchasable","17":"product-type-simple"},"_links":{"self":[{"href":"https:\/\/roveyayinevi.com.tr\/index.php\/wp-json\/wp\/v2\/product\/780064","targetHints":{"allow":["GET"]}}],"collection":[{"href":"https:\/\/roveyayinevi.com.tr\/index.php\/wp-json\/wp\/v2\/product"}],"about":[{"href":"https:\/\/roveyayinevi.com.tr\/index.php\/wp-json\/wp\/v2\/types\/product"}],"wp:attachment":[{"href":"https:\/\/roveyayinevi.com.tr\/index.php\/wp-json\/wp\/v2\/media?parent=780064"}],"wp:term":[{"taxonomy":"product_brand","embeddable":true,"href":"https:\/\/roveyayinevi.com.tr\/index.php\/wp-json\/wp\/v2\/product_brand?post=780064"},{"taxonomy":"product_cat","embeddable":true,"href":"https:\/\/roveyayinevi.com.tr\/index.php\/wp-json\/wp\/v2\/product_cat?post=780064"},{"taxonomy":"product_tag","embeddable":true,"href":"https:\/\/roveyayinevi.com.tr\/index.php\/wp-json\/wp\/v2\/product_tag?post=780064"}],"curies":[{"name":"wp","href":"https:\/\/api.w.org\/{rel}","templated":true}]}}