{"id":780061,"date":"2025-12-30T12:24:03","date_gmt":"2025-12-30T09:24:03","guid":{"rendered":"https:\/\/roveyayinevi.com.tr\/index.php\/urun\/kiyisiz-ada\/"},"modified":"2026-04-15T03:44:43","modified_gmt":"2026-04-15T00:44:43","slug":"kiyisiz-ada","status":"publish","type":"product","link":"https:\/\/roveyayinevi.com.tr\/index.php\/urun\/kiyisiz-ada\/","title":{"rendered":"K\u0131y\u0131s\u0131z Ada"},"content":{"rendered":"<p>Ne zaman \u00f6lece\u011finizi bilmek ister miydiniz? Kostas, bu sorunun cevab\u0131n\u0131 bulabilmek i\u00e7in k\u00fc\u00e7\u00fck yelkenlisiyle denize a\u00e7\u0131l\u0131r. Yolculu\u011fu k\u0131sa s\u00fcrede bir varolu\u015f sanc\u0131s\u0131na, destans\u0131 bir ser\u00fcvene d\u00f6n\u00fc\u015f\u00fcr.  Kendi varl\u0131\u011f\u0131n\u0131n anlam\u0131n\u0131 sorgular; mitolojik tanr\u0131larla konu\u015fur, sustu\u011funda bile i\u00e7 sesi yank\u0131lan\u0131r. Zamanla, arzularla ve erdemle hesapla\u015f\u0131r; benli\u011fiyle y\u00fczle\u015fir.  Sormaktan vazge\u00e7meyen Kostas, sonunda bamba\u015fka bir hakikatin kap\u0131s\u0131n\u0131 aralar ve g\u00f6rd\u00fc\u011f\u00fc \u015fey; \u00f6l\u00fcm\u00fcn de\u011fil ya\u015fam\u0131n a\u011f\u0131rl\u0131\u011f\u0131d\u0131r.  Kostas, ac\u0131n\u0131n i\u00e7inden ge\u00e7erek kendini yeniden bulmaya \u00e7al\u0131\u015f\u0131rken okur da kendi varolu\u015fuyla y\u00fczle\u015fmeye davet edilir. Kostas\u2019\u0131n yolculu\u011fu, \u015fiirsel dili, felsefi ve mitolojik atmosferiyle bir tragedya gibi akar; antik bir destan havas\u0131 ta\u015f\u0131r. Her sat\u0131rda insan ruhunun en derin sorular\u0131na dokunur. \u201cKOSTAS: Bir Varolu\u015f Yolculu\u011fu\u201d bir d\u00fc\u015f kadar b\u00fcy\u00fcl\u00fc, bir a\u011f\u0131t kadar kadim, bir do\u011fum kadar yal\u0131n bir anlat\u0131d\u0131r. Kendi i\u00e7 yolculu\u011funa \u00e7\u0131kmaya cesareti olanlar i\u00e7in\u2026<\/p>\n","protected":false},"excerpt":{"rendered":"<p>Ne zaman \u00f6lece\u011finizi bilmek ister miydiniz? Kostas, bu sorunun cevab\u0131n\u0131 bulabilmek i\u00e7in k\u00fc\u00e7\u00fck yelkenlisiyle denize a\u00e7\u0131l\u0131r. Yolculu\u011fu k\u0131sa s\u00fcrede bir varolu\u015f sanc\u0131s\u0131na, destans\u0131 bir ser\u00fcvene d\u00f6n\u00fc\u015f\u00fcr.<span class=\"excerpt-hellip\"> [\u2026]<\/span><\/p>\n","protected":false},"featured_media":0,"template":"","meta":{"_monsterinsights_skip_tracking":false,"_monsterinsights_sitenote_active":false,"_monsterinsights_sitenote_note":"","_monsterinsights_sitenote_category":0},"product_brand":[],"product_cat":[12291,12509],"product_tag":[],"class_list":{"0":"post-780061","1":"product","2":"type-product","3":"status-publish","5":"product_cat-edebiyat","6":"product_cat-siir","7":"pa_cilt-ciltsiz","8":"pa_tur-kitap","9":"pa_yayinevi-gutenberg","10":"pa_yazar-serhan-kursun","12":"first","13":"instock","14":"sale","15":"shipping-taxable","16":"purchasable","17":"product-type-simple"},"_links":{"self":[{"href":"https:\/\/roveyayinevi.com.tr\/index.php\/wp-json\/wp\/v2\/product\/780061","targetHints":{"allow":["GET"]}}],"collection":[{"href":"https:\/\/roveyayinevi.com.tr\/index.php\/wp-json\/wp\/v2\/product"}],"about":[{"href":"https:\/\/roveyayinevi.com.tr\/index.php\/wp-json\/wp\/v2\/types\/product"}],"wp:attachment":[{"href":"https:\/\/roveyayinevi.com.tr\/index.php\/wp-json\/wp\/v2\/media?parent=780061"}],"wp:term":[{"taxonomy":"product_brand","embeddable":true,"href":"https:\/\/roveyayinevi.com.tr\/index.php\/wp-json\/wp\/v2\/product_brand?post=780061"},{"taxonomy":"product_cat","embeddable":true,"href":"https:\/\/roveyayinevi.com.tr\/index.php\/wp-json\/wp\/v2\/product_cat?post=780061"},{"taxonomy":"product_tag","embeddable":true,"href":"https:\/\/roveyayinevi.com.tr\/index.php\/wp-json\/wp\/v2\/product_tag?post=780061"}],"curies":[{"name":"wp","href":"https:\/\/api.w.org\/{rel}","templated":true}]}}