{"id":780054,"date":"2025-12-30T12:23:47","date_gmt":"2025-12-30T09:23:47","guid":{"rendered":"https:\/\/roveyayinevi.com.tr\/index.php\/urun\/batman-adalet-avcisi-4\/"},"modified":"2026-04-15T03:44:43","modified_gmt":"2026-04-15T00:44:43","slug":"batman-adalet-avcisi-4","status":"publish","type":"product","link":"https:\/\/roveyayinevi.com.tr\/index.php\/urun\/batman-adalet-avcisi-4\/","title":{"rendered":"Batman \u2013 Adalet Avc\u0131s\u0131 4"},"content":{"rendered":"<p>GOTHAM \u015eEHR\u0130 K\u00dcLLER\u0130NDEN DO\u011eUYOR!   BATMAN BU SEFER TEKNOLOJ\u0130N\u0130N SINIRLARINI ZORLAYAN B\u0130R D\u00dc\u015eMANLA KAR\u015eI KAR\u015eIYA. YAPAY ZEK\u00c2 ROBIN\u2019\u0130 ALT ETMEDEN \u015eEHR\u0130 KURTARAMAYACA\u011eINI ANLAYAN BATMAN, B\u0130R SONUCA VARMAK ZORUNDA. GOTHAM \u015eEHR\u0130N\u0130N AYAKTA KALAB\u0130LMES\u0130, ONUN VERECE\u011e\u0130 KARARA BA\u011eLI. \u201cKAZAN YA DA YOK OL\u201d \u0130K\u0130LEM\u0130NDE BATMAN BU KEZ MUTLAK SONU\u00c7 \u0130\u00c7\u0130N M\u00dcCADELE ED\u0130YOR!   MUHTE\u015eEM F\u0130NAL C\u0130LD\u0130NDE HEYECAN Z\u0130RVEYE TIRMANIYOR!&#8230; <\/p>\n","protected":false},"excerpt":{"rendered":"<p>GOTHAM \u015eEHR\u0130 K\u00dcLLER\u0130NDEN DO\u011eUYOR! BATMAN BU SEFER TEKNOLOJ\u0130N\u0130N SINIRLARINI ZORLAYAN B\u0130R D\u00dc\u015eMANLA KAR\u015eI KAR\u015eIYA. YAPAY ZEK\u00c2 ROBIN\u2019\u0130 ALT ETMEDEN \u015eEHR\u0130 KURTARAMAYACA\u011eINI ANLAYAN BATMAN, B\u0130R SONUCA VARMAK<span class=\"excerpt-hellip\"> [\u2026]<\/span><\/p>\n","protected":false},"featured_media":0,"template":"","meta":{"_monsterinsights_skip_tracking":false,"_monsterinsights_sitenote_active":false,"_monsterinsights_sitenote_note":"","_monsterinsights_sitenote_category":0},"product_brand":[],"product_cat":[12416,12291],"product_tag":[],"class_list":{"0":"post-780054","1":"product","2":"type-product","3":"status-publish","5":"product_cat-cizgi-roman","6":"product_cat-edebiyat","7":"pa_cilt-ciltsiz","8":"pa_tur-kitap","9":"pa_yayinevi-athica-yayinlari","10":"pa_yazar-eiichi-shimizu","12":"first","13":"instock","14":"sale","15":"shipping-taxable","16":"purchasable","17":"product-type-simple"},"_links":{"self":[{"href":"https:\/\/roveyayinevi.com.tr\/index.php\/wp-json\/wp\/v2\/product\/780054","targetHints":{"allow":["GET"]}}],"collection":[{"href":"https:\/\/roveyayinevi.com.tr\/index.php\/wp-json\/wp\/v2\/product"}],"about":[{"href":"https:\/\/roveyayinevi.com.tr\/index.php\/wp-json\/wp\/v2\/types\/product"}],"wp:attachment":[{"href":"https:\/\/roveyayinevi.com.tr\/index.php\/wp-json\/wp\/v2\/media?parent=780054"}],"wp:term":[{"taxonomy":"product_brand","embeddable":true,"href":"https:\/\/roveyayinevi.com.tr\/index.php\/wp-json\/wp\/v2\/product_brand?post=780054"},{"taxonomy":"product_cat","embeddable":true,"href":"https:\/\/roveyayinevi.com.tr\/index.php\/wp-json\/wp\/v2\/product_cat?post=780054"},{"taxonomy":"product_tag","embeddable":true,"href":"https:\/\/roveyayinevi.com.tr\/index.php\/wp-json\/wp\/v2\/product_tag?post=780054"}],"curies":[{"name":"wp","href":"https:\/\/api.w.org\/{rel}","templated":true}]}}