{"id":780051,"date":"2025-12-30T12:23:39","date_gmt":"2025-12-30T09:23:39","guid":{"rendered":"https:\/\/roveyayinevi.com.tr\/index.php\/urun\/invincible-7-uclu-olsun\/"},"modified":"2026-04-15T03:44:43","modified_gmt":"2026-04-15T00:44:43","slug":"invincible-7-uclu-olsun","status":"publish","type":"product","link":"https:\/\/roveyayinevi.com.tr\/index.php\/urun\/invincible-7-uclu-olsun\/","title":{"rendered":"Invincible 7: \u00dc\u00e7l\u00fc Olsun"},"content":{"rendered":"<p>Afrika\u2019ya yapt\u0131\u011f\u0131 bir gezi s\u0131ras\u0131nda Mark, kendini iki ya\u015fam aras\u0131nda b\u00f6lu\u0308nmu\u0308\u015f halde bulur: K\u0131z arkada\u015f\u0131 Amber\u2019la olan normal ya\u015fam\u0131 ve arkada\u015f\u0131 Atom Eve\u2019le olan su\u0308per kahraman ya\u015fam\u0131. Kararlar, kararlar&#8230; Eisner \u00d6du\u0308lleri\u2019ne aday olmu\u015f serinin #31-35 say\u0131lar\u0131ndan derlenmi\u015ftir. <\/p>\n","protected":false},"excerpt":{"rendered":"<p>Afrika\u2019ya yapt\u0131\u011f\u0131 bir gezi s\u0131ras\u0131nda Mark, kendini iki ya\u015fam aras\u0131nda b\u00f6lu\u0308nmu\u0308\u015f halde bulur: K\u0131z arkada\u015f\u0131 Amber\u2019la olan normal ya\u015fam\u0131 ve arkada\u015f\u0131 Atom Eve\u2019le olan su\u0308per kahraman<span class=\"excerpt-hellip\"> [\u2026]<\/span><\/p>\n","protected":false},"featured_media":0,"template":"","meta":{"_monsterinsights_skip_tracking":false,"_monsterinsights_sitenote_active":false,"_monsterinsights_sitenote_note":"","_monsterinsights_sitenote_category":0},"product_brand":[],"product_cat":[12416,12291],"product_tag":[],"class_list":{"0":"post-780051","1":"product","2":"type-product","3":"status-publish","5":"product_cat-cizgi-roman","6":"product_cat-edebiyat","7":"pa_cilt-ciltsiz","8":"pa_tur-kitap","9":"pa_yayinevi-athica-yayinlari","10":"pa_yazar-robert-kirkman","12":"first","13":"instock","14":"sale","15":"shipping-taxable","16":"purchasable","17":"product-type-simple"},"_links":{"self":[{"href":"https:\/\/roveyayinevi.com.tr\/index.php\/wp-json\/wp\/v2\/product\/780051","targetHints":{"allow":["GET"]}}],"collection":[{"href":"https:\/\/roveyayinevi.com.tr\/index.php\/wp-json\/wp\/v2\/product"}],"about":[{"href":"https:\/\/roveyayinevi.com.tr\/index.php\/wp-json\/wp\/v2\/types\/product"}],"wp:attachment":[{"href":"https:\/\/roveyayinevi.com.tr\/index.php\/wp-json\/wp\/v2\/media?parent=780051"}],"wp:term":[{"taxonomy":"product_brand","embeddable":true,"href":"https:\/\/roveyayinevi.com.tr\/index.php\/wp-json\/wp\/v2\/product_brand?post=780051"},{"taxonomy":"product_cat","embeddable":true,"href":"https:\/\/roveyayinevi.com.tr\/index.php\/wp-json\/wp\/v2\/product_cat?post=780051"},{"taxonomy":"product_tag","embeddable":true,"href":"https:\/\/roveyayinevi.com.tr\/index.php\/wp-json\/wp\/v2\/product_tag?post=780051"}],"curies":[{"name":"wp","href":"https:\/\/api.w.org\/{rel}","templated":true}]}}