{"id":780049,"date":"2025-12-30T12:23:33","date_gmt":"2025-12-30T09:23:33","guid":{"rendered":"https:\/\/roveyayinevi.com.tr\/index.php\/urun\/piyano-icin-turku-duzenlemeleri-cocuklara-ve-yeni-baslayanlara-yonelik\/"},"modified":"2026-04-15T03:44:43","modified_gmt":"2026-04-15T00:44:43","slug":"piyano-icin-turku-duzenlemeleri-cocuklara-ve-yeni-baslayanlara-yonelik","status":"publish","type":"product","link":"https:\/\/roveyayinevi.com.tr\/index.php\/urun\/piyano-icin-turku-duzenlemeleri-cocuklara-ve-yeni-baslayanlara-yonelik\/","title":{"rendered":"Piyano \u0130\u00e7in T\u00fcrk\u00fc D\u00fczenlemeleri \u00c7ocuklara Ve Yeni Ba\u015flayanlara Y\u00f6nelik"},"content":{"rendered":"<p>AK K\u0130REM\u0130TTEN SU DAMLAR ERZURUM \u00c7AR\u015eI PAZAR GES\u0130 BA\u011eLARI HEK\u0130MO\u011eLU HEY ONBE\u015eL\u0130 K\u0130REM\u0130TE SU D\u00dc\u015eT\u00dc OSMAN PA\u015eA \u015eEN OLASIN \u00dcRG\u00dcP Y\u00dcKSEK Y\u00dcKSEK TEPELERE <\/p>\n","protected":false},"excerpt":{"rendered":"<p>AK K\u0130REM\u0130TTEN SU DAMLAR ERZURUM \u00c7AR\u015eI PAZAR GES\u0130 BA\u011eLARI HEK\u0130MO\u011eLU HEY ONBE\u015eL\u0130 K\u0130REM\u0130TE SU D\u00dc\u015eT\u00dc OSMAN PA\u015eA \u015eEN OLASIN \u00dcRG\u00dcP Y\u00dcKSEK Y\u00dcKSEK TEPELERE<\/p>\n","protected":false},"featured_media":0,"template":"","meta":{"_monsterinsights_skip_tracking":false,"_monsterinsights_sitenote_active":false,"_monsterinsights_sitenote_note":"","_monsterinsights_sitenote_category":0},"product_brand":[],"product_cat":[14556,20810],"product_tag":[],"class_list":{"0":"post-780049","1":"product","2":"type-product","3":"status-publish","5":"product_cat-muzik","6":"product_cat-ogrenim-kitaplari","7":"pa_cilt-ciltsiz","8":"pa_tur-kitap","9":"pa_yayinevi-soncag-akademik-kitaplar","10":"pa_yazar-mehmet-serkan-umuzdas","12":"first","13":"instock","14":"sale","15":"shipping-taxable","16":"purchasable","17":"product-type-simple"},"_links":{"self":[{"href":"https:\/\/roveyayinevi.com.tr\/index.php\/wp-json\/wp\/v2\/product\/780049","targetHints":{"allow":["GET"]}}],"collection":[{"href":"https:\/\/roveyayinevi.com.tr\/index.php\/wp-json\/wp\/v2\/product"}],"about":[{"href":"https:\/\/roveyayinevi.com.tr\/index.php\/wp-json\/wp\/v2\/types\/product"}],"wp:attachment":[{"href":"https:\/\/roveyayinevi.com.tr\/index.php\/wp-json\/wp\/v2\/media?parent=780049"}],"wp:term":[{"taxonomy":"product_brand","embeddable":true,"href":"https:\/\/roveyayinevi.com.tr\/index.php\/wp-json\/wp\/v2\/product_brand?post=780049"},{"taxonomy":"product_cat","embeddable":true,"href":"https:\/\/roveyayinevi.com.tr\/index.php\/wp-json\/wp\/v2\/product_cat?post=780049"},{"taxonomy":"product_tag","embeddable":true,"href":"https:\/\/roveyayinevi.com.tr\/index.php\/wp-json\/wp\/v2\/product_tag?post=780049"}],"curies":[{"name":"wp","href":"https:\/\/api.w.org\/{rel}","templated":true}]}}