{"id":780048,"date":"2025-12-30T12:23:31","date_gmt":"2025-12-30T09:23:31","guid":{"rendered":"https:\/\/roveyayinevi.com.tr\/index.php\/urun\/piyano-icin-6-ozgun-makamsal-eser\/"},"modified":"2026-04-15T03:44:43","modified_gmt":"2026-04-15T00:44:43","slug":"piyano-icin-6-ozgun-makamsal-eser","status":"publish","type":"product","link":"https:\/\/roveyayinevi.com.tr\/index.php\/urun\/piyano-icin-6-ozgun-makamsal-eser\/","title":{"rendered":"Piyano \u0130\u00e7in 6 \u00d6zg\u00fcn Makamsal Eser"},"content":{"rendered":"<p>Daha \u00f6nce sizlere sundu\u011fum ve h\u0131zl\u0131ca amac\u0131na ula\u015fan et\u00fct ve eserlerim (\u00d6zg\u00fcn makamsal Et\u00fctler ve \u00d6zg\u00fcn Makamsal Par\u00e7alar) beni yeni bir kitap i\u00e7in \u00e7al\u0131\u015fmaya motive etti. Kitaptaki eserler \u00fczerine \u00e7al\u0131\u015farak, hem piyano \u00e7alma becerilerinizi hem de makamsal m\u00fczik \u00fczerine bilgi ve fikirleri geli\u015ftirmeniz beklenmektedir. Kitapta; HEYECAN, NOSTALJ\u0130, OYNAYALIM MI?, SOKAK, YA\u015eAM ve SON isimli eserlerle; sa\u011f ve sol elde farkl\u0131 teknik becerileri kazanman\u0131z ve sunman\u0131z hedeflenmektedir. Eserleri bu teknik becerileri sa\u011flamak ve geli\u015ftirmek amac\u0131yla uygulayabilir, ayn\u0131 zamanda performans olarak s\u0131nav, konser veya yar\u0131\u015fmalarda kullanabilirsiniz. Kitaptaki \u00f6zg\u00fcn eserleri \u00e7\u00f6z\u00fcmleyerek ve \u00fczerinde bolca d\u00fc\u015f\u00fcnerek \u00f6\u011frenme s\u00fcrecinizi verimli ge\u00e7irece\u011finizi umuyorum. <\/p>\n","protected":false},"excerpt":{"rendered":"<p>Daha \u00f6nce sizlere sundu\u011fum ve h\u0131zl\u0131ca amac\u0131na ula\u015fan et\u00fct ve eserlerim (\u00d6zg\u00fcn makamsal Et\u00fctler ve \u00d6zg\u00fcn Makamsal Par\u00e7alar) beni yeni bir kitap i\u00e7in \u00e7al\u0131\u015fmaya motive etti.<span class=\"excerpt-hellip\"> [\u2026]<\/span><\/p>\n","protected":false},"featured_media":0,"template":"","meta":{"_monsterinsights_skip_tracking":false,"_monsterinsights_sitenote_active":false,"_monsterinsights_sitenote_note":"","_monsterinsights_sitenote_category":0},"product_brand":[],"product_cat":[14556,20810],"product_tag":[],"class_list":{"0":"post-780048","1":"product","2":"type-product","3":"status-publish","5":"product_cat-muzik","6":"product_cat-ogrenim-kitaplari","7":"pa_cilt-ciltsiz","8":"pa_tur-kitap","9":"pa_yayinevi-soncag-akademik-kitaplar","10":"pa_yazar-mehmet-serkan-umuzdas","12":"first","13":"instock","14":"sale","15":"shipping-taxable","16":"purchasable","17":"product-type-simple"},"_links":{"self":[{"href":"https:\/\/roveyayinevi.com.tr\/index.php\/wp-json\/wp\/v2\/product\/780048","targetHints":{"allow":["GET"]}}],"collection":[{"href":"https:\/\/roveyayinevi.com.tr\/index.php\/wp-json\/wp\/v2\/product"}],"about":[{"href":"https:\/\/roveyayinevi.com.tr\/index.php\/wp-json\/wp\/v2\/types\/product"}],"wp:attachment":[{"href":"https:\/\/roveyayinevi.com.tr\/index.php\/wp-json\/wp\/v2\/media?parent=780048"}],"wp:term":[{"taxonomy":"product_brand","embeddable":true,"href":"https:\/\/roveyayinevi.com.tr\/index.php\/wp-json\/wp\/v2\/product_brand?post=780048"},{"taxonomy":"product_cat","embeddable":true,"href":"https:\/\/roveyayinevi.com.tr\/index.php\/wp-json\/wp\/v2\/product_cat?post=780048"},{"taxonomy":"product_tag","embeddable":true,"href":"https:\/\/roveyayinevi.com.tr\/index.php\/wp-json\/wp\/v2\/product_tag?post=780048"}],"curies":[{"name":"wp","href":"https:\/\/api.w.org\/{rel}","templated":true}]}}