{"id":780045,"date":"2025-12-30T12:23:21","date_gmt":"2025-12-30T09:23:21","guid":{"rendered":"https:\/\/roveyayinevi.com.tr\/index.php\/urun\/ates-ali\/"},"modified":"2026-04-15T03:44:43","modified_gmt":"2026-04-15T00:44:43","slug":"ates-ali","status":"publish","type":"product","link":"https:\/\/roveyayinevi.com.tr\/index.php\/urun\/ates-ali\/","title":{"rendered":"Ate\u015f Ali"},"content":{"rendered":"<p>Ate\u015f Ali, T\u00fcrk Edebiyat\u0131n\u0131n \u00f6nemli ismi Fakir Baykurt\u2019un ilk resimli kitab\u0131. Y\u0131llar \u00f6nce yurtd\u0131\u015f\u0131ndaki T\u00fcrk \u00e7ocuklar\u0131 i\u00e7in \u00e7ift dilli yay\u0131mlanan kitap yenilenen \u00e7izimleriyle \u015fimdi \u00fclkemizde okurlarla bulu\u015fuyor. Bir \u00e7ocu\u011fun do\u011fadaki bir g\u00fcn\u00fcn\u00fc anlatan bu s\u0131cac\u0131k \u00f6yk\u00fc 3 ya\u015f ve \u00fcst\u00fc \u00e7ocuklara hitap ediyor.Ate\u015f Ali\u2019nin \u00e7izeri olan Tongu\u00e7 Baykurt kitab\u0131 \u015f\u00f6yle anlat\u0131yor: Babam Fakir Baykurt, Almanya\u2019da ya\u015fayan T\u00fcrk \u00e7ocuklar\u0131 kendi dillerini unutmas\u0131nlar, iyi \u00f6\u011frensinler diye bu kitab\u0131 yazd\u0131. Ben de resimledim. \u00c7ocuklar Ate\u015f Ali\u2019yi \u00e7ok sevdiler. Aradan y\u0131llar ge\u00e7ti, \u015fimdi Ate\u015f Ali T\u00fcrkiye\u2019ye geldi. \u015eimdi bu kitap sizin. Okuyun, boyay\u0131n, e\u011flenin!<\/p>\n","protected":false},"excerpt":{"rendered":"<p>Ate\u015f Ali, T\u00fcrk Edebiyat\u0131n\u0131n \u00f6nemli ismi Fakir Baykurt\u2019un ilk resimli kitab\u0131. Y\u0131llar \u00f6nce yurtd\u0131\u015f\u0131ndaki T\u00fcrk \u00e7ocuklar\u0131 i\u00e7in \u00e7ift dilli yay\u0131mlanan kitap yenilenen \u00e7izimleriyle \u015fimdi \u00fclkemizde okurlarla<span class=\"excerpt-hellip\"> [\u2026]<\/span><\/p>\n","protected":false},"featured_media":0,"template":"","meta":{"_monsterinsights_skip_tracking":false,"_monsterinsights_sitenote_active":false,"_monsterinsights_sitenote_note":"","_monsterinsights_sitenote_category":0},"product_brand":[],"product_cat":[12274,12284],"product_tag":[],"class_list":{"0":"post-780045","1":"product","2":"type-product","3":"status-publish","5":"product_cat-cocuk-ve-genclik-kitaplari","6":"product_cat-hikayeler","7":"pa_cilt-ciltsiz","8":"pa_tur-kitap","9":"pa_yayinevi-literatur-yayinevi","10":"pa_yazar-fakir-baykurt","12":"first","13":"instock","14":"sale","15":"shipping-taxable","16":"purchasable","17":"product-type-simple"},"_links":{"self":[{"href":"https:\/\/roveyayinevi.com.tr\/index.php\/wp-json\/wp\/v2\/product\/780045","targetHints":{"allow":["GET"]}}],"collection":[{"href":"https:\/\/roveyayinevi.com.tr\/index.php\/wp-json\/wp\/v2\/product"}],"about":[{"href":"https:\/\/roveyayinevi.com.tr\/index.php\/wp-json\/wp\/v2\/types\/product"}],"wp:attachment":[{"href":"https:\/\/roveyayinevi.com.tr\/index.php\/wp-json\/wp\/v2\/media?parent=780045"}],"wp:term":[{"taxonomy":"product_brand","embeddable":true,"href":"https:\/\/roveyayinevi.com.tr\/index.php\/wp-json\/wp\/v2\/product_brand?post=780045"},{"taxonomy":"product_cat","embeddable":true,"href":"https:\/\/roveyayinevi.com.tr\/index.php\/wp-json\/wp\/v2\/product_cat?post=780045"},{"taxonomy":"product_tag","embeddable":true,"href":"https:\/\/roveyayinevi.com.tr\/index.php\/wp-json\/wp\/v2\/product_tag?post=780045"}],"curies":[{"name":"wp","href":"https:\/\/api.w.org\/{rel}","templated":true}]}}