{"id":780044,"date":"2025-12-30T12:23:19","date_gmt":"2025-12-30T09:23:19","guid":{"rendered":"https:\/\/roveyayinevi.com.tr\/index.php\/urun\/gencler-nereye-bir-kusagin-pesinde\/"},"modified":"2026-04-15T03:44:43","modified_gmt":"2026-04-15T00:44:43","slug":"gencler-nereye-bir-kusagin-pesinde","status":"publish","type":"product","link":"https:\/\/roveyayinevi.com.tr\/index.php\/urun\/gencler-nereye-bir-kusagin-pesinde\/","title":{"rendered":"Gen\u00e7ler Nereye &#8211; Bir Ku\u015fa\u011f\u0131n Pe\u015finde"},"content":{"rendered":"<p>T\u00fcrkiye\u2019nin en b\u00fcy\u00fck sorusu art\u0131k a\u00e7\u0131k\u00e7a ortada: Gen\u00e7lik nereye gidiyor, daha do\u011frusu gitmek zorunda b\u0131rak\u0131l\u0131yor?Tu\u011f\u00e7e Tatari\u2019nin birbirinden farkl\u0131 hayatlar ya\u015fayan gen\u00e7lerle yapt\u0131\u011f\u0131 g\u00f6r\u00fc\u015fmeler umutsuzlukla diren\u00e7, g\u00fcvensizlikle hayal, bask\u0131yla \u00f6zg\u00fcrl\u00fck aray\u0131\u015f\u0131 aras\u0131nda s\u0131k\u0131\u015fm\u0131\u015f ger\u00e7ek hik\u00e2yeleri g\u00f6zler \u00f6n\u00fcne seriyor.\u0130ki \u00fcniversite bitirip kuryelik yapanlardan ortaokul s\u0131ralar\u0131nda \u00e7ocuk i\u015f\u00e7iye d\u00f6n\u00fc\u015ft\u00fcr\u00fclenlere, ba\u011f\u0131ml\u0131l\u0131kla m\u00fccadele edenlerden kimli\u011fini savunmak zorunda kalanlara, m\u00fclteci gen\u00e7lerden bavulunu kap\u0131 aral\u0131\u011f\u0131nda haz\u0131r tutanlara kadar bu g\u00f6r\u00fc\u015fmeler, T\u00fcrkiye\u2019de gen\u00e7 olman\u0131n romantikle\u015ftirilmi\u015f kli\u015felerini sert bir ger\u00e7eklikle k\u0131r\u0131yor. Gen\u00e7lerin omuzlar\u0131na y\u00fcklenen ekonomik, sosyal ve duygusal a\u011f\u0131rl\u0131k \u00e7arp\u0131c\u0131 bir tabloya d\u00f6n\u00fc\u015f\u00fcyor.Gen\u00e7ler Nereye yaln\u0131zca bir saha \u00e7al\u0131\u015fmas\u0131 de\u011fil, \u00fclkenin gelece\u011fini kendi evlatlar\u0131n\u0131n g\u00f6z\u00fcnden g\u00f6rme cesareti. Bu kitap gen\u00e7leri duymak, anlamak ve art\u0131k kaybetmemek i\u00e7in gecikmi\u015f bir \u00e7a\u011fr\u0131 niteli\u011finde. \u00c7\u00fcnk\u00fc bir \u00fclkenin kaderi, gen\u00e7lerinin ufkuyla s\u0131n\u0131rl\u0131d\u0131r.<\/p>\n","protected":false},"excerpt":{"rendered":"<p>T\u00fcrkiye\u2019nin en b\u00fcy\u00fck sorusu art\u0131k a\u00e7\u0131k\u00e7a ortada: Gen\u00e7lik nereye gidiyor, daha do\u011frusu gitmek zorunda b\u0131rak\u0131l\u0131yor?Tu\u011f\u00e7e Tatari\u2019nin birbirinden farkl\u0131 hayatlar ya\u015fayan gen\u00e7lerle yapt\u0131\u011f\u0131 g\u00f6r\u00fc\u015fmeler umutsuzlukla diren\u00e7, g\u00fcvensizlikle<span class=\"excerpt-hellip\"> [\u2026]<\/span><\/p>\n","protected":false},"featured_media":0,"template":"","meta":{"_monsterinsights_skip_tracking":false,"_monsterinsights_sitenote_active":false,"_monsterinsights_sitenote_note":"","_monsterinsights_sitenote_category":0},"product_brand":[],"product_cat":[13488],"product_tag":[],"class_list":{"0":"post-780044","1":"product","2":"type-product","3":"status-publish","5":"product_cat-toplum-ve-insan","6":"pa_cilt-ciltsiz","7":"pa_tur-kitap","8":"pa_yayinevi-literatur-yayinevi","9":"pa_yazar-tugce-tatari","11":"first","12":"instock","13":"sale","14":"shipping-taxable","15":"purchasable","16":"product-type-simple"},"_links":{"self":[{"href":"https:\/\/roveyayinevi.com.tr\/index.php\/wp-json\/wp\/v2\/product\/780044","targetHints":{"allow":["GET"]}}],"collection":[{"href":"https:\/\/roveyayinevi.com.tr\/index.php\/wp-json\/wp\/v2\/product"}],"about":[{"href":"https:\/\/roveyayinevi.com.tr\/index.php\/wp-json\/wp\/v2\/types\/product"}],"wp:attachment":[{"href":"https:\/\/roveyayinevi.com.tr\/index.php\/wp-json\/wp\/v2\/media?parent=780044"}],"wp:term":[{"taxonomy":"product_brand","embeddable":true,"href":"https:\/\/roveyayinevi.com.tr\/index.php\/wp-json\/wp\/v2\/product_brand?post=780044"},{"taxonomy":"product_cat","embeddable":true,"href":"https:\/\/roveyayinevi.com.tr\/index.php\/wp-json\/wp\/v2\/product_cat?post=780044"},{"taxonomy":"product_tag","embeddable":true,"href":"https:\/\/roveyayinevi.com.tr\/index.php\/wp-json\/wp\/v2\/product_tag?post=780044"}],"curies":[{"name":"wp","href":"https:\/\/api.w.org\/{rel}","templated":true}]}}