{"id":780043,"date":"2025-12-30T12:23:17","date_gmt":"2025-12-30T09:23:17","guid":{"rendered":"https:\/\/roveyayinevi.com.tr\/index.php\/urun\/suyun-kiyisinda-mimarligin-izleri\/"},"modified":"2026-04-15T03:44:43","modified_gmt":"2026-04-15T00:44:43","slug":"suyun-kiyisinda-mimarligin-izleri","status":"publish","type":"product","link":"https:\/\/roveyayinevi.com.tr\/index.php\/urun\/suyun-kiyisinda-mimarligin-izleri\/","title":{"rendered":"Suyun K\u0131y\u0131s\u0131nda Mimarl\u0131\u011f\u0131n \u0130zleri"},"content":{"rendered":"<p>Vedat Tokyay\u2019\u0131n bu kitapla ortaya koydu\u011fu tezler, kentlinin ya\u015fam kalitesini mimari ara\u00e7larla art\u0131rmay\u0131 hedeflemektedir. En \u00f6nemli iki tez kitab\u0131n omurgas\u0131n\u0131 olu\u015fturmaktad\u0131r.Tez 1: Su; kamuya ait kentsel bir mek\u00e2n olmal\u0131d\u0131r.Suyun k\u0131y\u0131s\u0131ndaki eski limanlar\u0131n do\u011fru bi\u00e7imde yap\u0131lm\u0131\u015f kentsel d\u00f6n\u00fc\u015f\u00fcmleri, bu tezi g\u00fc\u00e7lendirmektedir. Ayr\u0131ca, kitab\u0131n t\u00fcm \u00f6rneklemelerinde su, kamunun kulland\u0131\u011f\u0131 bir dizi mek\u00e2na d\u00f6n\u00fc\u015ft\u00fc\u011f\u00fc gibi, su k\u0131y\u0131s\u0131n\u0131n kentle olan b\u00fct\u00fcnle\u015fmesini de sa\u011flamaktad\u0131r. Liman d\u00f6n\u00fc\u015f\u00fcmleri, Hafencity, Oslo, Cenova \u00f6rnekleriyle, sahil d\u00fczenlemeleri ise, \u0130zmir, Antalya, Zadar, Porto \u00f6rnekleriyle kitapta yer al\u0131yor.Tez 2: Suyu kentle b\u00fct\u00fcnle\u015ftirmenin yolu, rant yat\u0131r\u0131mlar\u0131n\u0131 de\u011fil k\u00fclt\u00fcrel donat\u0131lar\u0131 suyun k\u0131y\u0131s\u0131na getirmektir.Kitapta ad\u0131 ge\u00e7en Avrupa kentlerinin t\u00fcm\u00fcnde, suyun k\u0131y\u0131s\u0131n\u0131n insan\u0131n al\u0131\u015fveri\u015f ve konaklama gereksinimlerine ayr\u0131lmad\u0131\u011f\u0131n\u0131 g\u00f6r\u00fcr\u00fcz. \u0130nsanlar, suyun k\u0131y\u0131s\u0131nda operaya veya bir a\u00e7\u0131k hava konserine, bir sergiye, bir m\u00fczeye, bir bilim merkezine, bir yazl\u0131k sinemaya, bir toplant\u0131 mek\u00e2n\u0131na, bir kitapl\u0131\u011fa gidiyorlar. Bu \u015fekilde, kent ile suyun k\u0131y\u0131s\u0131 b\u00fct\u00fcnle\u015fti\u011fi gibi, kentlinin en de\u011ferli kamusal mek\u00e2nlara eri\u015fimi de sa\u011flanm\u0131\u015f oluyor. Bu kent-su-insan \u00fc\u00e7lemesini fiziksel mek\u00e2nlara d\u00f6n\u00fc\u015ft\u00fcren mimarl\u0131k ise, suyun k\u0131y\u0131s\u0131nda yaratt\u0131\u011f\u0131 kamusal mek\u00e2nlarla kente yeni kentsel simgeler arma\u011fan ediyor.\u0130\u00e7indekiler;\u2022    Suyun \u0130nsanlarla \u0130li\u015fkilerini Sa\u011flayan Mimarl\u0131k \u00dcretimleri\u2022    Suyun K\u0131y\u0131s\u0131nda \u00d6zg\u00fcrce Var Olabilmemizi Sa\u011flayan Kentsel Mek\u00e2nlar\u2022    \u0130\u015flevsiz Liman Yap\u0131lar\u0131n\u0131n Yeniden Canland\u0131r\u0131lmalar\u0131\u2022    Y\u00fczy\u0131llard\u0131r Suyun \u0130\u00e7inde Ya\u015fayan Kentlerin Suyla Olan \u0130li\u015fkileri\u2022    Suyun \u0130\u00e7indeki Mimarl\u0131k Yap\u0131lar\u0131n\u0131n Bize Sundu\u011fu \u0130pu\u00e7lar\u0131 Nelerdir?\u2022    Suyun E\u015fli\u011finde Yer Alan Yap\u0131lar\u0131n Kentle B\u00fct\u00fcnle\u015fmeleri\u2022    Akarsuyun Yaratt\u0131\u011f\u0131 Bir Uygarl\u0131k \u2013 M\u0131s\u0131r\u2022    Suyun \u00dczerinde Ya\u015fayan K\u00f6pr\u00fcler\u2022    Suyun \u00dczerinde ve K\u0131y\u0131s\u0131nda Ya\u015fayan Deniz Fenerleri\u2022    Suyun E\u015fi\u011finde Yer Alan Ula\u015f\u0131m Yap\u0131lar\u0131<\/p>\n","protected":false},"excerpt":{"rendered":"<p>Vedat Tokyay\u2019\u0131n bu kitapla ortaya koydu\u011fu tezler, kentlinin ya\u015fam kalitesini mimari ara\u00e7larla art\u0131rmay\u0131 hedeflemektedir. En \u00f6nemli iki tez kitab\u0131n omurgas\u0131n\u0131 olu\u015fturmaktad\u0131r.Tez 1: Su; kamuya ait kentsel<span class=\"excerpt-hellip\"> [\u2026]<\/span><\/p>\n","protected":false},"featured_media":0,"template":"","meta":{"_monsterinsights_skip_tracking":false,"_monsterinsights_sitenote_active":false,"_monsterinsights_sitenote_note":"","_monsterinsights_sitenote_category":0},"product_brand":[],"product_cat":[13512,12408],"product_tag":[],"class_list":{"0":"post-780043","1":"product","2":"type-product","3":"status-publish","5":"product_cat-mimarlik","6":"product_cat-sanat","7":"pa_cilt-ciltsiz","8":"pa_tur-kitap","9":"pa_yayinevi-literatur-yayinevi","10":"pa_yazar-vedat-zeki-tokyay","12":"first","13":"instock","14":"sale","15":"shipping-taxable","16":"purchasable","17":"product-type-simple"},"_links":{"self":[{"href":"https:\/\/roveyayinevi.com.tr\/index.php\/wp-json\/wp\/v2\/product\/780043","targetHints":{"allow":["GET"]}}],"collection":[{"href":"https:\/\/roveyayinevi.com.tr\/index.php\/wp-json\/wp\/v2\/product"}],"about":[{"href":"https:\/\/roveyayinevi.com.tr\/index.php\/wp-json\/wp\/v2\/types\/product"}],"wp:attachment":[{"href":"https:\/\/roveyayinevi.com.tr\/index.php\/wp-json\/wp\/v2\/media?parent=780043"}],"wp:term":[{"taxonomy":"product_brand","embeddable":true,"href":"https:\/\/roveyayinevi.com.tr\/index.php\/wp-json\/wp\/v2\/product_brand?post=780043"},{"taxonomy":"product_cat","embeddable":true,"href":"https:\/\/roveyayinevi.com.tr\/index.php\/wp-json\/wp\/v2\/product_cat?post=780043"},{"taxonomy":"product_tag","embeddable":true,"href":"https:\/\/roveyayinevi.com.tr\/index.php\/wp-json\/wp\/v2\/product_tag?post=780043"}],"curies":[{"name":"wp","href":"https:\/\/api.w.org\/{rel}","templated":true}]}}