{"id":780042,"date":"2025-12-30T12:23:15","date_gmt":"2025-12-30T09:23:15","guid":{"rendered":"https:\/\/roveyayinevi.com.tr\/index.php\/urun\/kisaca-yapay-zeka-buyuk-fikirler-arasinda-yolculuk-fleksi-kapak\/"},"modified":"2026-04-15T03:44:43","modified_gmt":"2026-04-15T00:44:43","slug":"kisaca-yapay-zeka-buyuk-fikirler-arasinda-yolculuk-fleksi-kapak","status":"publish","type":"product","link":"https:\/\/roveyayinevi.com.tr\/index.php\/urun\/kisaca-yapay-zeka-buyuk-fikirler-arasinda-yolculuk-fleksi-kapak\/","title":{"rendered":"K\u0131saca Yapay Zeka &#8211; B\u00fcy\u00fck Fikirler Aras\u0131nda Yolculuk (Fleksi kapak)"},"content":{"rendered":"<p>K\u0131saca Yapay Zek\u00e2, modern teknolojinin d\u00f6n\u00fc\u015ft\u00fcr\u00fcc\u00fc g\u00fcc\u00fcn\u00fc anlamak i\u00e7in derinlikli ve anla\u015f\u0131l\u0131r bir ba\u015flang\u0131\u00e7 sunar. Makine \u00f6\u011frenmesinin toplumsal yap\u0131lardan ekonomik s\u00fcre\u00e7lere, bilimsel ara\u015ft\u0131rmalardan g\u00fcndelik ya\u015fama uzanan etkilerini ele alarak, yapay zek\u00e2n\u0131n nas\u0131l \u00e7al\u0131\u015ft\u0131\u011f\u0131n\u0131 ve neden b\u00f6ylesine devrim niteli\u011finde oldu\u011funu a\u00e7\u0131kl\u0131\u011fa kavu\u015fturur.Bu kitap, alan\u0131n uzmanlar\u0131 taraf\u0131ndan yan\u0131tlanan k\u0131\u015fk\u0131rt\u0131c\u0131 sorular etraf\u0131nda yap\u0131land\u0131r\u0131lm\u0131\u015ft\u0131r. Her b\u00f6l\u00fcm, \u00f6\u011frenen algoritmalar\u0131n mant\u0131\u011f\u0131n\u0131, veri odakl\u0131 modellerin y\u00fckseli\u015fini ve bilgisayar sistemlerinin karar alma s\u00fcre\u00e7lerini a\u00e7\u0131k ve sistematik bir \u015fekilde sunar. Ak\u0131lda kal\u0131c\u0131 grafikler ve kavramlar aras\u0131 ili\u015fkileri g\u00f6steren g\u00f6rsel s\u00f6zl\u00fckler, soyut teknolojik kavramlar\u0131 anla\u015f\u0131l\u0131r k\u0131larak okura g\u00fc\u00e7l\u00fc bir kavramsal \u00e7er\u00e7eve sa\u011flar.K\u0131saca Yapay Zek\u00e2, bilgisayar zihinlerinin h\u0131zla geli\u015fen d\u00fcnyas\u0131nda bilin\u00e7li bir yol \u00e7izmek isteyen herkes i\u00e7in g\u00fcvenilir bir rehber niteli\u011findedir.<\/p>\n","protected":false},"excerpt":{"rendered":"<p>K\u0131saca Yapay Zek\u00e2, modern teknolojinin d\u00f6n\u00fc\u015ft\u00fcr\u00fcc\u00fc g\u00fcc\u00fcn\u00fc anlamak i\u00e7in derinlikli ve anla\u015f\u0131l\u0131r bir ba\u015flang\u0131\u00e7 sunar. Makine \u00f6\u011frenmesinin toplumsal yap\u0131lardan ekonomik s\u00fcre\u00e7lere, bilimsel ara\u015ft\u0131rmalardan g\u00fcndelik ya\u015fama uzanan<span class=\"excerpt-hellip\"> [\u2026]<\/span><\/p>\n","protected":false},"featured_media":0,"template":"","meta":{"_monsterinsights_skip_tracking":false,"_monsterinsights_sitenote_active":false,"_monsterinsights_sitenote_note":"","_monsterinsights_sitenote_category":0},"product_brand":[],"product_cat":[13005],"product_tag":[],"class_list":{"0":"post-780042","1":"product","2":"type-product","3":"status-publish","5":"product_cat-bilim-muhendislik","6":"pa_cilt-ciltsiz","7":"pa_tur-kitap","8":"pa_yayinevi-literatur-yayinevi","9":"pa_yazar-brian-clegg","11":"first","12":"instock","13":"sale","14":"shipping-taxable","15":"purchasable","16":"product-type-simple"},"_links":{"self":[{"href":"https:\/\/roveyayinevi.com.tr\/index.php\/wp-json\/wp\/v2\/product\/780042","targetHints":{"allow":["GET"]}}],"collection":[{"href":"https:\/\/roveyayinevi.com.tr\/index.php\/wp-json\/wp\/v2\/product"}],"about":[{"href":"https:\/\/roveyayinevi.com.tr\/index.php\/wp-json\/wp\/v2\/types\/product"}],"wp:attachment":[{"href":"https:\/\/roveyayinevi.com.tr\/index.php\/wp-json\/wp\/v2\/media?parent=780042"}],"wp:term":[{"taxonomy":"product_brand","embeddable":true,"href":"https:\/\/roveyayinevi.com.tr\/index.php\/wp-json\/wp\/v2\/product_brand?post=780042"},{"taxonomy":"product_cat","embeddable":true,"href":"https:\/\/roveyayinevi.com.tr\/index.php\/wp-json\/wp\/v2\/product_cat?post=780042"},{"taxonomy":"product_tag","embeddable":true,"href":"https:\/\/roveyayinevi.com.tr\/index.php\/wp-json\/wp\/v2\/product_tag?post=780042"}],"curies":[{"name":"wp","href":"https:\/\/api.w.org\/{rel}","templated":true}]}}