{"id":780041,"date":"2025-12-30T12:23:12","date_gmt":"2025-12-30T09:23:12","guid":{"rendered":"https:\/\/roveyayinevi.com.tr\/index.php\/urun\/kisaca-beyin-buyuk-fikirler-arasinda-yolculuk-fleksi-kapak\/"},"modified":"2026-04-15T03:44:43","modified_gmt":"2026-04-15T00:44:43","slug":"kisaca-beyin-buyuk-fikirler-arasinda-yolculuk-fleksi-kapak","status":"publish","type":"product","link":"https:\/\/roveyayinevi.com.tr\/index.php\/urun\/kisaca-beyin-buyuk-fikirler-arasinda-yolculuk-fleksi-kapak\/","title":{"rendered":"K\u0131saca Beyin &#8211; B\u00fcy\u00fck Fikirler Aras\u0131nda Yolculuk (Fleksi kapak)"},"content":{"rendered":"<p>K\u0131saca Beyin, insan zihninin karma\u015f\u0131k yap\u0131s\u0131n\u0131 anlamaya y\u00f6nelik derinlikli ve anla\u015f\u0131l\u0131r bir giri\u015f sunar. Kafatas\u0131m\u0131z\u0131n i\u00e7inde yer alan bu ola\u011fan\u00fcst\u00fc organ\u0131n bilgiyi nas\u0131l i\u015fledi\u011fini, duygular\u0131 nas\u0131l d\u00fczenledi\u011fini ve bilinci nas\u0131l m\u00fcmk\u00fcn k\u0131ld\u0131\u011f\u0131n\u0131 modern n\u00f6robilimin g\u00fcncel perspektifiyle ele al\u0131r.Kitap, alan\u0131n uzmanlar\u0131 taraf\u0131ndan haz\u0131rlanm\u0131\u015f zihin a\u00e7\u0131c\u0131 sorular ve bu sorulara verilen a\u00e7\u0131k, sistematik yan\u0131tlar etraf\u0131nda yap\u0131land\u0131r\u0131lm\u0131\u015ft\u0131r. Karma\u015f\u0131k n\u00f6robiyolojik s\u00fcre\u00e7leri anla\u015f\u0131l\u0131r h\u00e2le getiren a\u00e7\u0131klay\u0131c\u0131 grafikler ve kavramlar aras\u0131 ili\u015fkileri g\u00f6steren g\u00f6rsel s\u00f6zl\u00fckler, \u00f6\u011frenme s\u00fcrecine hem g\u00f6rsel hem de kavramsal bir derinlik kazand\u0131r\u0131r.K\u0131saca Beyin, n\u00f6robilim alan\u0131nda etkili bir ba\u015flang\u0131\u00e7 yapmak isteyen herkes i\u00e7in g\u00fcvenilir bir rehber niteli\u011findedir.<\/p>\n","protected":false},"excerpt":{"rendered":"<p>K\u0131saca Beyin, insan zihninin karma\u015f\u0131k yap\u0131s\u0131n\u0131 anlamaya y\u00f6nelik derinlikli ve anla\u015f\u0131l\u0131r bir giri\u015f sunar. Kafatas\u0131m\u0131z\u0131n i\u00e7inde yer alan bu ola\u011fan\u00fcst\u00fc organ\u0131n bilgiyi nas\u0131l i\u015fledi\u011fini, duygular\u0131 nas\u0131l<span class=\"excerpt-hellip\"> [\u2026]<\/span><\/p>\n","protected":false},"featured_media":0,"template":"","meta":{"_monsterinsights_skip_tracking":false,"_monsterinsights_sitenote_active":false,"_monsterinsights_sitenote_note":"","_monsterinsights_sitenote_category":0},"product_brand":[],"product_cat":[13005],"product_tag":[],"class_list":{"0":"post-780041","1":"product","2":"type-product","3":"status-publish","5":"product_cat-bilim-muhendislik","6":"pa_cilt-ciltsiz","7":"pa_tur-kitap","8":"pa_yayinevi-literatur-yayinevi","9":"pa_yazar-rita-carter","11":"first","12":"instock","13":"sale","14":"shipping-taxable","15":"purchasable","16":"product-type-simple"},"_links":{"self":[{"href":"https:\/\/roveyayinevi.com.tr\/index.php\/wp-json\/wp\/v2\/product\/780041","targetHints":{"allow":["GET"]}}],"collection":[{"href":"https:\/\/roveyayinevi.com.tr\/index.php\/wp-json\/wp\/v2\/product"}],"about":[{"href":"https:\/\/roveyayinevi.com.tr\/index.php\/wp-json\/wp\/v2\/types\/product"}],"wp:attachment":[{"href":"https:\/\/roveyayinevi.com.tr\/index.php\/wp-json\/wp\/v2\/media?parent=780041"}],"wp:term":[{"taxonomy":"product_brand","embeddable":true,"href":"https:\/\/roveyayinevi.com.tr\/index.php\/wp-json\/wp\/v2\/product_brand?post=780041"},{"taxonomy":"product_cat","embeddable":true,"href":"https:\/\/roveyayinevi.com.tr\/index.php\/wp-json\/wp\/v2\/product_cat?post=780041"},{"taxonomy":"product_tag","embeddable":true,"href":"https:\/\/roveyayinevi.com.tr\/index.php\/wp-json\/wp\/v2\/product_tag?post=780041"}],"curies":[{"name":"wp","href":"https:\/\/api.w.org\/{rel}","templated":true}]}}