{"id":780040,"date":"2025-12-30T12:23:10","date_gmt":"2025-12-30T09:23:10","guid":{"rendered":"https:\/\/roveyayinevi.com.tr\/index.php\/urun\/kisaca-bilim-buyuk-fikirler-arasinda-yolculuk-fleksi-kapak\/"},"modified":"2026-04-15T03:44:43","modified_gmt":"2026-04-15T00:44:43","slug":"kisaca-bilim-buyuk-fikirler-arasinda-yolculuk-fleksi-kapak","status":"publish","type":"product","link":"https:\/\/roveyayinevi.com.tr\/index.php\/urun\/kisaca-bilim-buyuk-fikirler-arasinda-yolculuk-fleksi-kapak\/","title":{"rendered":"K\u0131saca Bilim &#8211; B\u00fcy\u00fck Fikirler Aras\u0131nda Yolculuk (Fleksi kapak)"},"content":{"rendered":"<p>K\u0131saca Bilim, modern bilimin h\u0131zla geni\u015fleyen ufuklar\u0131nda y\u00f6n bulmak isteyen okura derinlikli ve anla\u015f\u0131l\u0131r bir giri\u015f sunar. Kara deliklerin dinamik yap\u0131s\u0131ndan yer\u00e7ekimi dalgalar\u0131n\u0131n kozmik izlerine, karanl\u0131k maddenin gizemlerinden kuantum mekani\u011finin soyut ilkelerine; gen d\u00fczenleme teknolojilerinden h\u00fccresel yeniden programlaman\u0131n d\u00f6n\u00fc\u015ft\u00fcr\u00fcc\u00fc potansiyeline uzanan geni\u015f bir yelpazede temel kavramlar\u0131 ele al\u0131r.Bu kitap, alan\u0131n \u00f6nde gelen uzmanlar\u0131 taraf\u0131ndan yan\u0131tlanan elli kritik soruya dayanan i\u00e7eri\u011fiyle, okura \u00e7a\u011fda\u015f bilimsel d\u00fc\u015f\u00fcncenin temel bile\u015fenlerini sistematik bir \u00e7er\u00e7evede kavrama olana\u011f\u0131 tan\u0131r. Her b\u00f6l\u00fcm, karma\u015f\u0131k g\u00f6r\u00fcnen bir fikri a\u00e7\u0131k, hedefe y\u00f6nelik ve kavramsal b\u00fct\u00fcnl\u00fc\u011f\u00fc koruyan bir d\u00fczen i\u00e7inde sunarken; grafikler, anahtar kelimeler ve ba\u011flant\u0131lar\u0131n\u0131 a\u00e7\u0131klayan yol haritas\u0131 s\u00f6zl\u00fckleriyle \u00f6\u011frenme s\u00fcrecine g\u00f6rsel bir derinlik kazand\u0131r\u0131r.K\u0131saca Bilim, modern bilimin entelekt\u00fcel manzaras\u0131nda g\u00fcvenilir bir ba\u015flang\u0131\u00e7 noktas\u0131 ve etkili bir k\u0131lavuz niteli\u011findedir.<\/p>\n","protected":false},"excerpt":{"rendered":"<p>K\u0131saca Bilim, modern bilimin h\u0131zla geni\u015fleyen ufuklar\u0131nda y\u00f6n bulmak isteyen okura derinlikli ve anla\u015f\u0131l\u0131r bir giri\u015f sunar. Kara deliklerin dinamik yap\u0131s\u0131ndan yer\u00e7ekimi dalgalar\u0131n\u0131n kozmik izlerine, karanl\u0131k<span class=\"excerpt-hellip\"> [\u2026]<\/span><\/p>\n","protected":false},"featured_media":0,"template":"","meta":{"_monsterinsights_skip_tracking":false,"_monsterinsights_sitenote_active":false,"_monsterinsights_sitenote_note":"","_monsterinsights_sitenote_category":0},"product_brand":[],"product_cat":[13005],"product_tag":[],"class_list":{"0":"post-780040","1":"product","2":"type-product","3":"status-publish","5":"product_cat-bilim-muhendislik","6":"pa_cilt-ciltsiz","7":"pa_tur-kitap","8":"pa_yayinevi-literatur-yayinevi","9":"pa_yazar-mark-peplow","11":"first","12":"instock","13":"sale","14":"shipping-taxable","15":"purchasable","16":"product-type-simple"},"_links":{"self":[{"href":"https:\/\/roveyayinevi.com.tr\/index.php\/wp-json\/wp\/v2\/product\/780040","targetHints":{"allow":["GET"]}}],"collection":[{"href":"https:\/\/roveyayinevi.com.tr\/index.php\/wp-json\/wp\/v2\/product"}],"about":[{"href":"https:\/\/roveyayinevi.com.tr\/index.php\/wp-json\/wp\/v2\/types\/product"}],"wp:attachment":[{"href":"https:\/\/roveyayinevi.com.tr\/index.php\/wp-json\/wp\/v2\/media?parent=780040"}],"wp:term":[{"taxonomy":"product_brand","embeddable":true,"href":"https:\/\/roveyayinevi.com.tr\/index.php\/wp-json\/wp\/v2\/product_brand?post=780040"},{"taxonomy":"product_cat","embeddable":true,"href":"https:\/\/roveyayinevi.com.tr\/index.php\/wp-json\/wp\/v2\/product_cat?post=780040"},{"taxonomy":"product_tag","embeddable":true,"href":"https:\/\/roveyayinevi.com.tr\/index.php\/wp-json\/wp\/v2\/product_tag?post=780040"}],"curies":[{"name":"wp","href":"https:\/\/api.w.org\/{rel}","templated":true}]}}