{"id":780039,"date":"2025-12-30T12:23:08","date_gmt":"2025-12-30T09:23:08","guid":{"rendered":"https:\/\/roveyayinevi.com.tr\/index.php\/urun\/2026-at-senesi-yasam-rehberi\/"},"modified":"2026-04-15T03:44:43","modified_gmt":"2026-04-15T00:44:43","slug":"2026-at-senesi-yasam-rehberi","status":"publish","type":"product","link":"https:\/\/roveyayinevi.com.tr\/index.php\/urun\/2026-at-senesi-yasam-rehberi\/","title":{"rendered":"2026 At Senesi Ya\u015fam Rehberi"},"content":{"rendered":"<p>2026 At Senesi Ya\u015fam Rehberi, g\u00fcnl\u00fck hayat\u0131n\u0131zda bir takvimin \u00f6tesine ge\u00e7erek size ger\u00e7ek bir rehberlik sunuyor. Bu kitapta t\u00fcm sene boyunca bereket, sa\u011fl\u0131k ve mutlulu\u011funuz i\u00e7in: \u2022          Feng Shui ipu\u00e7lar\u0131n\u0131 \u2022          Bireysel elementinizi \u2022          Tadilat yapmak i\u00e7in uygun alanlar\u0131 \u2022          Evlilik, s\u00f6zle\u015fme, ta\u015f\u0131nma, i\u015f kurma gibi \u00f6nemli i\u015fleriniz i\u00e7in u\u011furlu g\u00fcnleri \u2022          Ki\u015fisel kullan\u0131m\u0131n\u0131z i\u00e7in ayl\u0131k ajanday\u0131 \u2022          Ay takvimini \u2022          Feng Shui pusulas\u0131n\u0131 bulabilirsiniz. Hepimiz i\u00e7in belirsiz olan gelecekte ilerlerken, iyi olan\u0131 heyecanla ve sevin\u00e7le kar\u015f\u0131lamaya, \u015fans konusuna \u00f6ncelikle kendi d\u00fc\u015f\u00fcnce ve davran\u0131\u015f\u0131m\u0131z\u0131 g\u00f6zlemleyerek, daha sonra da evrensel bilgilere kendimizi a\u00e7arak bakmaya haz\u0131r m\u0131s\u0131n\u0131z? 2026 senesi k\u0131lavuzunuz sizinle. <\/p>\n","protected":false},"excerpt":{"rendered":"<p>2026 At Senesi Ya\u015fam Rehberi, g\u00fcnl\u00fck hayat\u0131n\u0131zda bir takvimin \u00f6tesine ge\u00e7erek size ger\u00e7ek bir rehberlik sunuyor. Bu kitapta t\u00fcm sene boyunca bereket, sa\u011fl\u0131k ve mutlulu\u011funuz i\u00e7in:<span class=\"excerpt-hellip\"> [\u2026]<\/span><\/p>\n","protected":false},"featured_media":0,"template":"","meta":{"_monsterinsights_skip_tracking":false,"_monsterinsights_sitenote_active":false,"_monsterinsights_sitenote_note":"","_monsterinsights_sitenote_category":0},"product_brand":[],"product_cat":[19840,12364],"product_tag":[],"class_list":{"0":"post-780039","1":"product","2":"type-product","3":"status-publish","5":"product_cat-astroloji","6":"product_cat-genel-konular","7":"pa_cilt-ciltsiz","8":"pa_tur-kitap","9":"pa_yayinevi-gunce-yayinlari","10":"pa_yazar-master-esra-koyuncu-meltem-ozertem","12":"first","13":"instock","14":"sale","15":"shipping-taxable","16":"purchasable","17":"product-type-simple"},"_links":{"self":[{"href":"https:\/\/roveyayinevi.com.tr\/index.php\/wp-json\/wp\/v2\/product\/780039","targetHints":{"allow":["GET"]}}],"collection":[{"href":"https:\/\/roveyayinevi.com.tr\/index.php\/wp-json\/wp\/v2\/product"}],"about":[{"href":"https:\/\/roveyayinevi.com.tr\/index.php\/wp-json\/wp\/v2\/types\/product"}],"wp:attachment":[{"href":"https:\/\/roveyayinevi.com.tr\/index.php\/wp-json\/wp\/v2\/media?parent=780039"}],"wp:term":[{"taxonomy":"product_brand","embeddable":true,"href":"https:\/\/roveyayinevi.com.tr\/index.php\/wp-json\/wp\/v2\/product_brand?post=780039"},{"taxonomy":"product_cat","embeddable":true,"href":"https:\/\/roveyayinevi.com.tr\/index.php\/wp-json\/wp\/v2\/product_cat?post=780039"},{"taxonomy":"product_tag","embeddable":true,"href":"https:\/\/roveyayinevi.com.tr\/index.php\/wp-json\/wp\/v2\/product_tag?post=780039"}],"curies":[{"name":"wp","href":"https:\/\/api.w.org\/{rel}","templated":true}]}}