{"id":780038,"date":"2025-12-30T12:23:05","date_gmt":"2025-12-30T09:23:05","guid":{"rendered":"https:\/\/roveyayinevi.com.tr\/index.php\/urun\/yasamin-kiyisindaki-yengec\/"},"modified":"2026-04-15T03:44:43","modified_gmt":"2026-04-15T00:44:43","slug":"yasamin-kiyisindaki-yengec","status":"publish","type":"product","link":"https:\/\/roveyayinevi.com.tr\/index.php\/urun\/yasamin-kiyisindaki-yengec\/","title":{"rendered":"Ya\u015fam\u0131n K\u0131y\u0131s\u0131ndaki Yenge\u00e7"},"content":{"rendered":"<p>Yervant Gobelyan\u2019\u0131n 1998 y\u0131l\u0131nda Aras Yay\u0131nc\u0131l\u0131k taraf\u0131ndan yay\u0131mlanan Memleketini \u00d6zleyen Yenge\u00e7 ve G\u0131yanki lusantsken [Ya\u015fam\u0131n K\u0131y\u0131s\u0131ndan] adl\u0131 \u00f6yk\u00fc kitaplar\u0131, y\u0131llar sonra ilk kez tek ciltte bir araya geliyor! Yazar\u0131n \u00f6l\u00fcm\u00fcn\u00fcn 15. y\u0131l\u0131 m\u00fcnasebetiyle haz\u0131rlanan bu eser, Gobelyan\u2019\u0131n \u00e7e\u015fitli yay\u0131nevleri taraf\u0131ndan yay\u0131mlanm\u0131\u015f, d\u00f6nemin dergi ve gazetelerinde kalm\u0131\u015f ya da unutulmaya y\u00fcz tutmu\u015f \u00f6yk\u00fclerini bir araya getiriyor. Bu \u00f6yk\u00fclerde Gobelyan\u2019\u0131n sade, i\u00e7ten ve yer yer h\u00fcz\u00fcnl\u00fc sesi dikkat \u00e7ekiyor. Yazar\u0131n zihninde ve kalbinde ta\u015f\u0131d\u0131\u011f\u0131 \u0130stanbul, Taksim Meydan\u0131\u2019ndaki Eptalofos K\u0131raathanesi\u2019nin edebi atmosferi, Rumelihisar\u0131 sokaklar\u0131, Bardizak\u2019tan [Bah\u00e7ecik] gelen k\u00f6kler, Galata K\u00f6pr\u00fcs\u00fc, Samatya dolmu\u015flar\u0131 ve \u0130stiklal Caddesi\u2019nin silinmi\u015f g\u00f6lgeleriyle yeniden can buluyor. G\u00f6\u00e7men mahallelerin emek\u00e7i, onurlu ve m\u00fctevaz\u0131 insanlar\u0131; hamallar, kahve m\u00fcdavimleri, sokak sat\u0131c\u0131lar\u0131 ve g\u00fcndelik hayat\u0131n isimsiz kahramanlar\u0131 Gobelyan\u2019\u0131n anlat\u0131s\u0131yla bir kez daha hayat buluyor. Bu \u00f6yk\u00fcler yaln\u0131zca bir d\u00f6nemin tan\u0131kl\u0131\u011f\u0131 de\u011fil, ayn\u0131 zamanda bir hissiyat\u0131n, kent k\u00fclt\u00fcr\u00fcn\u00fcn ve ya\u015fam bi\u00e7iminin yeniden in\u015fas\u0131 niteli\u011finde. Gobelyan\u2019\u0131n \u00f6yk\u00fcleri, \u0130stanbul\u2019un kaybolan siluetini ve sokaklar\u0131n\u0131 hat\u0131rlamak isteyen okurlar i\u00e7in e\u015fsiz bir pencere sunuyor.<\/p>\n","protected":false},"excerpt":{"rendered":"<p>Yervant Gobelyan\u2019\u0131n 1998 y\u0131l\u0131nda Aras Yay\u0131nc\u0131l\u0131k taraf\u0131ndan yay\u0131mlanan Memleketini \u00d6zleyen Yenge\u00e7 ve G\u0131yanki lusantsken [Ya\u015fam\u0131n K\u0131y\u0131s\u0131ndan] adl\u0131 \u00f6yk\u00fc kitaplar\u0131, y\u0131llar sonra ilk kez tek ciltte bir<span class=\"excerpt-hellip\"> [\u2026]<\/span><\/p>\n","protected":false},"featured_media":0,"template":"","meta":{"_monsterinsights_skip_tracking":false,"_monsterinsights_sitenote_active":false,"_monsterinsights_sitenote_note":"","_monsterinsights_sitenote_category":0},"product_brand":[],"product_cat":[12777,12291],"product_tag":[],"class_list":{"0":"post-780038","1":"product","2":"type-product","3":"status-publish","5":"product_cat-deneme","6":"product_cat-edebiyat","7":"pa_cilt-ciltsiz","8":"pa_tur-kitap","9":"pa_yayinevi-aras-yayinlari","10":"pa_yazar-yervant-gobelyan","12":"first","13":"instock","14":"sale","15":"shipping-taxable","16":"purchasable","17":"product-type-simple"},"_links":{"self":[{"href":"https:\/\/roveyayinevi.com.tr\/index.php\/wp-json\/wp\/v2\/product\/780038","targetHints":{"allow":["GET"]}}],"collection":[{"href":"https:\/\/roveyayinevi.com.tr\/index.php\/wp-json\/wp\/v2\/product"}],"about":[{"href":"https:\/\/roveyayinevi.com.tr\/index.php\/wp-json\/wp\/v2\/types\/product"}],"wp:attachment":[{"href":"https:\/\/roveyayinevi.com.tr\/index.php\/wp-json\/wp\/v2\/media?parent=780038"}],"wp:term":[{"taxonomy":"product_brand","embeddable":true,"href":"https:\/\/roveyayinevi.com.tr\/index.php\/wp-json\/wp\/v2\/product_brand?post=780038"},{"taxonomy":"product_cat","embeddable":true,"href":"https:\/\/roveyayinevi.com.tr\/index.php\/wp-json\/wp\/v2\/product_cat?post=780038"},{"taxonomy":"product_tag","embeddable":true,"href":"https:\/\/roveyayinevi.com.tr\/index.php\/wp-json\/wp\/v2\/product_tag?post=780038"}],"curies":[{"name":"wp","href":"https:\/\/api.w.org\/{rel}","templated":true}]}}