{"id":780036,"date":"2025-12-30T12:23:01","date_gmt":"2025-12-30T09:23:01","guid":{"rendered":"https:\/\/roveyayinevi.com.tr\/index.php\/urun\/devletin-ve-toplumsal-cokusun-anatomisi\/"},"modified":"2026-04-15T03:44:42","modified_gmt":"2026-04-15T00:44:42","slug":"devletin-ve-toplumsal-cokusun-anatomisi","status":"publish","type":"product","link":"https:\/\/roveyayinevi.com.tr\/index.php\/urun\/devletin-ve-toplumsal-cokusun-anatomisi\/","title":{"rendered":"Devletin Ve Toplumsal \u00c7\u00f6k\u00fc\u015f\u00fcn Anatomisi"},"content":{"rendered":"<p>Bu kitap, herhangi bir \u015fekilde iktisat, felsefe, siyaset vb. e\u011fitimi almam\u0131\u015f doktor, avukat, hakim, savc\u0131, \u00f6\u011fretmen, pilot, hostes, s\u00fcper market \u015fefi, at\u00f6lyedeki usta, k\u00fc\u00e7\u00fck i\u015fyeri sahibi, hastabak\u0131c\u0131 vb., \u201cBenim \u00fclkem nereye gidiyor? Ben, \u00fclkemin nereye gitti\u011fini nas\u0131l anlayabilirim, \u00fclkem i\u00e7in ne yapabilirim?\u201d diye soran, bu sorunun cevab\u0131n\u0131 arayan herkes i\u00e7in yaz\u0131lm\u0131\u015ft\u0131r.   Bu kitap, \u201cBen gelece\u011fe \u00fcmitle bakmak istiyorum; bana \u00e7izilen bu adaletsiz, e\u015fitsiz hayat\u0131 kabul etmiyorum; \u00f6zg\u00fcrl\u00fc\u011f\u00fcme m\u00fcdahale edilmesini istemiyorum. Bilgim ve kapasitem \u00f6l\u00e7\u00fcs\u00fcnde kaderimi kendim \u00e7izmek istiyorum.\u201d diyen, i\u00e7inden alev ve ate\u015f f\u0131\u015fk\u0131ran, yarat\u0131c\u0131 \u00f6zelliklerini hayata ge\u00e7irmek isteyen gen\u00e7ler i\u00e7in yaz\u0131lm\u0131\u015ft\u0131r.   Bu kitap, \u201cBen ne i\u015fe yar\u0131yorum?\u201d diyen, diyebilen, vicdan\u0131 olan ve vicdan\u0131ndan gelen sesi duyabilecek, iktidar ve muhalefetteki milletvekilleri i\u00e7in yaz\u0131lm\u0131\u015ft\u0131r.   Bu kitap, bu \u00fclkenin mak\u00fbs talihini de\u011fi\u015ftirmek isteyen, bunun i\u00e7in ne yapmas\u0131 gerekti\u011fini soran, bu sorunun cevab\u0131n\u0131 arayan; S\u00e8vres\u2019e kar\u015f\u0131 \u00e7\u0131kan, \u00f6n\u00fcne konacak S\u00e8vres Anayasas\u0131\u2019na kar\u015f\u0131 \u00e7\u0131kma cesaretine ve bilincine sahip olanlara yaz\u0131lm\u0131\u015ft\u0131r. Bu kitap, T\u00fcrkiye\u2019nin gelece\u011finin ge\u00e7mi\u015fteki gibi olmas\u0131n\u0131 istemeyen; bu \u00fclkede \u00f6zg\u00fcrl\u00fck, adalet ve e\u015fitli\u011fin en b\u00fcy\u00fck de\u011ferler oldu\u011funu savunan insanlar i\u00e7in yaz\u0131lm\u0131\u015ft\u0131r.<\/p>\n","protected":false},"excerpt":{"rendered":"<p>Bu kitap, herhangi bir \u015fekilde iktisat, felsefe, siyaset vb. e\u011fitimi almam\u0131\u015f doktor, avukat, hakim, savc\u0131, \u00f6\u011fretmen, pilot, hostes, s\u00fcper market \u015fefi, at\u00f6lyedeki usta, k\u00fc\u00e7\u00fck i\u015fyeri sahibi,<span class=\"excerpt-hellip\"> [\u2026]<\/span><\/p>\n","protected":false},"featured_media":0,"template":"","meta":{"_monsterinsights_skip_tracking":false,"_monsterinsights_sitenote_active":false,"_monsterinsights_sitenote_note":"","_monsterinsights_sitenote_category":0},"product_brand":[],"product_cat":[12337],"product_tag":[],"class_list":{"0":"post-780036","1":"product","2":"type-product","3":"status-publish","5":"product_cat-politika-siyaset","6":"pa_cilt-ciltsiz","7":"pa_tur-kitap","8":"pa_yayinevi-kitap-saati-yayinevi","9":"pa_yazar-erol-koc","11":"first","12":"instock","13":"sale","14":"shipping-taxable","15":"purchasable","16":"product-type-simple"},"_links":{"self":[{"href":"https:\/\/roveyayinevi.com.tr\/index.php\/wp-json\/wp\/v2\/product\/780036","targetHints":{"allow":["GET"]}}],"collection":[{"href":"https:\/\/roveyayinevi.com.tr\/index.php\/wp-json\/wp\/v2\/product"}],"about":[{"href":"https:\/\/roveyayinevi.com.tr\/index.php\/wp-json\/wp\/v2\/types\/product"}],"wp:attachment":[{"href":"https:\/\/roveyayinevi.com.tr\/index.php\/wp-json\/wp\/v2\/media?parent=780036"}],"wp:term":[{"taxonomy":"product_brand","embeddable":true,"href":"https:\/\/roveyayinevi.com.tr\/index.php\/wp-json\/wp\/v2\/product_brand?post=780036"},{"taxonomy":"product_cat","embeddable":true,"href":"https:\/\/roveyayinevi.com.tr\/index.php\/wp-json\/wp\/v2\/product_cat?post=780036"},{"taxonomy":"product_tag","embeddable":true,"href":"https:\/\/roveyayinevi.com.tr\/index.php\/wp-json\/wp\/v2\/product_tag?post=780036"}],"curies":[{"name":"wp","href":"https:\/\/api.w.org\/{rel}","templated":true}]}}