{"id":780034,"date":"2025-12-30T12:22:56","date_gmt":"2025-12-30T09:22:56","guid":{"rendered":"https:\/\/roveyayinevi.com.tr\/index.php\/urun\/shakespeare-okumalari\/"},"modified":"2026-04-15T03:44:42","modified_gmt":"2026-04-15T00:44:42","slug":"shakespeare-okumalari","status":"publish","type":"product","link":"https:\/\/roveyayinevi.com.tr\/index.php\/urun\/shakespeare-okumalari\/","title":{"rendered":"Shakespeare Okumalar\u0131"},"content":{"rendered":"<p>Shakespeare Okumalar\u0131, Ataol Behramo\u011flu\u2019nun Shakespeare oyunlar\u0131 \u00fczerine 2017-2021 y\u0131llar\u0131 aras\u0131nda kaleme ald\u0131\u011f\u0131 ve \u00e7e\u015fitli dergilerde yay\u0131mlanan 20 yaz\u0131s\u0131n\u0131 bir araya getiriyor. Yaz\u0131lar\u0131n\u0131n temel hedefini Shakespeare \u00fczerine ezbere ve tekrara d\u00fc\u015fmeden d\u00fc\u015f\u00fcnebilmek, onun oyun yazarl\u0131\u011f\u0131n\u0131 elden geldi\u011fince i\u00e7selle\u015ftirebilmek olarak belirleyen Behramo\u011flu, \u00e7al\u0131\u015f\u0131rken var olan Shakespeare ara\u015ft\u0131rmalar\u0131ndan, bilgi hazinesinden yararlan\u0131p destek almaktansa ki\u015fisel izlenimlerini, sorular\u0131n\u0131, be\u011feni ya da ele\u015ftirilerini dile getirmeyi ye\u011fliyor. Bu a\u00e7\u0131dan Shakespeare Okumalar\u0131, \u00fclkemizin en de\u011ferli ozanlar\u0131ndan birinin, d\u00fcnyan\u0131n en de\u011ferli ozanlar\u0131ndan biriyle ozanca sohbeti bir anlamda.<\/p>\n","protected":false},"excerpt":{"rendered":"<p>Shakespeare Okumalar\u0131, Ataol Behramo\u011flu\u2019nun Shakespeare oyunlar\u0131 \u00fczerine 2017-2021 y\u0131llar\u0131 aras\u0131nda kaleme ald\u0131\u011f\u0131 ve \u00e7e\u015fitli dergilerde yay\u0131mlanan 20 yaz\u0131s\u0131n\u0131 bir araya getiriyor. Yaz\u0131lar\u0131n\u0131n temel hedefini Shakespeare \u00fczerine<span class=\"excerpt-hellip\"> [\u2026]<\/span><\/p>\n","protected":false},"featured_media":0,"template":"","meta":{"_monsterinsights_skip_tracking":false,"_monsterinsights_sitenote_active":false,"_monsterinsights_sitenote_note":"","_monsterinsights_sitenote_category":0},"product_brand":[],"product_cat":[27157,12291],"product_tag":[],"class_list":{"0":"post-780034","1":"product","2":"type-product","3":"status-publish","5":"product_cat-derleme","6":"product_cat-edebiyat","7":"pa_cilt-ciltsiz","8":"pa_tur-kitap","9":"pa_yayinevi-is-bankasi-kultur-yayinlari","10":"pa_yazar-ataol-behramoglu","12":"first","13":"instock","14":"sale","15":"shipping-taxable","16":"purchasable","17":"product-type-simple"},"_links":{"self":[{"href":"https:\/\/roveyayinevi.com.tr\/index.php\/wp-json\/wp\/v2\/product\/780034","targetHints":{"allow":["GET"]}}],"collection":[{"href":"https:\/\/roveyayinevi.com.tr\/index.php\/wp-json\/wp\/v2\/product"}],"about":[{"href":"https:\/\/roveyayinevi.com.tr\/index.php\/wp-json\/wp\/v2\/types\/product"}],"wp:attachment":[{"href":"https:\/\/roveyayinevi.com.tr\/index.php\/wp-json\/wp\/v2\/media?parent=780034"}],"wp:term":[{"taxonomy":"product_brand","embeddable":true,"href":"https:\/\/roveyayinevi.com.tr\/index.php\/wp-json\/wp\/v2\/product_brand?post=780034"},{"taxonomy":"product_cat","embeddable":true,"href":"https:\/\/roveyayinevi.com.tr\/index.php\/wp-json\/wp\/v2\/product_cat?post=780034"},{"taxonomy":"product_tag","embeddable":true,"href":"https:\/\/roveyayinevi.com.tr\/index.php\/wp-json\/wp\/v2\/product_tag?post=780034"}],"curies":[{"name":"wp","href":"https:\/\/api.w.org\/{rel}","templated":true}]}}