{"id":780032,"date":"2025-12-30T12:22:48","date_gmt":"2025-12-30T09:22:48","guid":{"rendered":"https:\/\/roveyayinevi.com.tr\/index.php\/urun\/kucuk-ulkenin-kaplanlari\/"},"modified":"2026-04-15T03:44:42","modified_gmt":"2026-04-15T00:44:42","slug":"kucuk-ulkenin-kaplanlari","status":"publish","type":"product","link":"https:\/\/roveyayinevi.com.tr\/index.php\/urun\/kucuk-ulkenin-kaplanlari\/","title":{"rendered":"K\u00fc\u00e7\u00fck \u00dclkenin Kaplanlar\u0131"},"content":{"rendered":"<p>1917\u2019de, i\u015fgal alt\u0131ndaki Kore\u2019nin karl\u0131 da\u011flar\u0131nda ailesinin karn\u0131n\u0131 doyurmak i\u00e7in avlanan bir avc\u0131, gen\u00e7 bir Japon subay\u0131n\u0131 ve birli\u011fini kaplan sald\u0131r\u0131s\u0131ndan kurtar\u0131r. Bu kar\u015f\u0131la\u015fma yar\u0131m as\u0131r s\u00fcrecek, onlarca insan\u0131n kaderini etkileyecek olaylar silsilesinin ba\u015flang\u0131c\u0131 olur. \u00d6te yandan hen\u00fcz k\u00fc\u00e7\u00fck bir k\u0131z olan Jade, hizmet\u00e7ilik yapmak i\u00e7in kap\u0131s\u0131n\u0131 \u00e7ald\u0131\u011f\u0131 Madam Silver\u2019\u0131n kurtizanl\u0131k okulunda bulur kendini. Bu s\u0131rada sokaklarda dilencilik ve yankesicilikle hayatta kalmaya \u00e7a\u00acl\u0131\u015fan \u00f6ks\u00fcz bir \u00e7ocukla, JungHo\u2019yla tan\u0131\u015facakt\u0131r. PyongYang\u2019\u0131n \u015fa\u015faal\u0131 kurtizan okulu odalar\u0131ndan g\u00fcnbeg\u00fcn modernle\u015fen Seul\u2019\u00fcn g\u00f6z al\u0131c\u0131 kafelerine, kuzey r\u00fczg\u00e2rlar\u0131n\u0131n esti\u011fi ormanlardan Man\u00e7urya\u2019n\u0131n sava\u015f meydanlar\u0131na K\u00fc\u00e7\u00fck \u00dclkenin Kaplanlar\u0131, kendilerinin ve uluslar\u0131n\u0131n kaderini ellerine almaya \u00e7al\u0131\u015fan birbirinden renkli karakterlerin etkileyici hik\u00e2yesini ilmek ilmek dokuyor. Arkada\u015flar\u0131n d\u00fc\u015fman, d\u00fc\u015fmanlar\u0131n kurtar\u0131c\u0131 oldu\u011fu, kahramanlar\u0131n yarg\u0131land\u0131\u011f\u0131 ve kaplanlar\u0131n \u015fekilden \u015fekle girdi\u011fi Juhea Kim\u2019in bu ilk roman\u0131, d\u00fcnya \u00e7ap\u0131nda ilgi g\u00f6rd\u00fc ve on d\u00f6rt dile \u00e7evrildi. \u201cK\u00fc\u00e7\u00fck \u00dclkenin Kaplanlar\u0131, i\u00e7tenlikle yaz\u0131lm\u0131\u015f, dokunakl\u0131 anlarla dolu bir roman.\u201d \u2013NPR \u201cS\u00fcr\u00fckleyici, g\u00f6rkemli&#8230; Roman boyunca d\u00fcnya siyaseti hakk\u0131nda yap\u0131lan g\u00f6zlemler, okura tarih bilinci a\u015f\u0131l\u0131yor&#8230; Karma\u015f\u0131k ve birbirinden ilgin\u00e7 karakterler de cabas\u0131.\u201d Los Angeles Times \u201c20. y\u00fczy\u0131l Kore tarihini yeniden canland\u0131ran, unutulmaz karakterlerle dolu edebi bir ba\u015fyap\u0131t.\u201d Kirkus Reviews \u201cSars\u0131c\u0131 ve etkileyici bir okuma deneyimi sunarken mek\u00e2n\u0131n ve zaman\u0131n \u015fartlar\u0131n\u0131 g\u00f6zler \u00f6n\u00fcne seren samimi fakat ayn\u0131 zamanda politik yank\u0131lar\u0131 olan bir roman.\u201d \u2013Chicago Review of Books<\/p>\n","protected":false},"excerpt":{"rendered":"<p>1917\u2019de, i\u015fgal alt\u0131ndaki Kore\u2019nin karl\u0131 da\u011flar\u0131nda ailesinin karn\u0131n\u0131 doyurmak i\u00e7in avlanan bir avc\u0131, gen\u00e7 bir Japon subay\u0131n\u0131 ve birli\u011fini kaplan sald\u0131r\u0131s\u0131ndan kurtar\u0131r. Bu kar\u015f\u0131la\u015fma yar\u0131m as\u0131r<span class=\"excerpt-hellip\"> [\u2026]<\/span><\/p>\n","protected":false},"featured_media":0,"template":"","meta":{"_monsterinsights_skip_tracking":false,"_monsterinsights_sitenote_active":false,"_monsterinsights_sitenote_note":"","_monsterinsights_sitenote_category":0},"product_brand":[],"product_cat":[12291,12711],"product_tag":[],"class_list":{"0":"post-780032","1":"product","2":"type-product","3":"status-publish","5":"product_cat-edebiyat","6":"product_cat-roman-oyku","7":"pa_cilt-ciltsiz","8":"pa_tur-kitap","9":"pa_yayinevi-is-bankasi-kultur-yayinlari","10":"pa_yazar-juhea-kim","12":"first","13":"instock","14":"sale","15":"shipping-taxable","16":"purchasable","17":"product-type-simple"},"_links":{"self":[{"href":"https:\/\/roveyayinevi.com.tr\/index.php\/wp-json\/wp\/v2\/product\/780032","targetHints":{"allow":["GET"]}}],"collection":[{"href":"https:\/\/roveyayinevi.com.tr\/index.php\/wp-json\/wp\/v2\/product"}],"about":[{"href":"https:\/\/roveyayinevi.com.tr\/index.php\/wp-json\/wp\/v2\/types\/product"}],"wp:attachment":[{"href":"https:\/\/roveyayinevi.com.tr\/index.php\/wp-json\/wp\/v2\/media?parent=780032"}],"wp:term":[{"taxonomy":"product_brand","embeddable":true,"href":"https:\/\/roveyayinevi.com.tr\/index.php\/wp-json\/wp\/v2\/product_brand?post=780032"},{"taxonomy":"product_cat","embeddable":true,"href":"https:\/\/roveyayinevi.com.tr\/index.php\/wp-json\/wp\/v2\/product_cat?post=780032"},{"taxonomy":"product_tag","embeddable":true,"href":"https:\/\/roveyayinevi.com.tr\/index.php\/wp-json\/wp\/v2\/product_tag?post=780032"}],"curies":[{"name":"wp","href":"https:\/\/api.w.org\/{rel}","templated":true}]}}