{"id":780030,"date":"2025-12-30T12:22:39","date_gmt":"2025-12-30T09:22:39","guid":{"rendered":"https:\/\/roveyayinevi.com.tr\/index.php\/urun\/eksik-tohum\/"},"modified":"2026-04-15T03:44:42","modified_gmt":"2026-04-15T00:44:42","slug":"eksik-tohum","status":"publish","type":"product","link":"https:\/\/roveyayinevi.com.tr\/index.php\/urun\/eksik-tohum\/","title":{"rendered":"Eksik Tohum"},"content":{"rendered":"<p>Anthony Burgess bu \u00e7ok katmanl\u0131 kar\u015f\u0131-\u00fctopyac\u0131 roman\u0131nda karanl\u0131k bir yak\u0131n gelecek vizyonu ortaya koyar. Sonu\u00e7lar\u0131 k\u00fcresel \u00f6l\u00e7ekte hissedilen a\u015f\u0131r\u0131 n\u00fcfus art\u0131\u015f\u0131n\u0131n yol a\u00e7t\u0131\u011f\u0131 k\u0131tl\u0131k ve a\u00e7l\u0131k Birle\u015fik Krall\u0131k\u2019\u0131 da etkisi alt\u0131na alm\u0131\u015f, yamyaml\u0131k \u00fclkenin d\u00f6rt bir yan\u0131na yay\u0131lm\u0131\u015ft\u0131r. H\u00fck\u00fcmet ise n\u00fcfus art\u0131\u015f\u0131na \u00e7\u00f6z\u00fcm olarak e\u015fcinselli\u011fi ve k\u0131s\u0131rla\u015ft\u0131rma operasyonlar\u0131n\u0131 te\u015fvik etmekte, d\u00fczmece sava\u015flara ba\u015fvurmaktad\u0131r. Burgess, T. R. Malthus\u2019un n\u00fcfus kuram\u0131n\u0131 hicvederek, do\u011fum oran\u0131n\u0131 kontrol etmeye giri\u015fmek gibi a\u015f\u0131r\u0131 \u00f6nlemlerin beyhudeli\u011fine i\u015faret eder. Kaosun h\u00fck\u00fcm s\u00fcrd\u00fc\u011f\u00fc, ahlak\u0131n mu\u011flakla\u015ft\u0131\u011f\u0131 bu d\u00fcnya, okuru uygarl\u0131\u011f\u0131n k\u0131r\u0131lganl\u0131\u011f\u0131na ve insan\u0131n s\u0131n\u0131rlar\u0131na dair naho\u015f ger\u00e7eklikle y\u00fczle\u015ftirir. IV. y\u00fczy\u0131lda ya\u015fam\u0131\u015f heretik ke\u015fi\u015f Pelagius ile \u00e7a\u011fda\u015f\u0131 Aziz Augustinus aras\u0131ndaki ihtilaf roman\u0131n ana eksenini olu\u015ftururken, tarihin d\u00f6ng\u00fcselli\u011fi de s\u0131k s\u0131k vurgulan\u0131r. Pelagius insan\u0131n do\u011fas\u0131n\u0131n \u00f6z\u00fcnde iyi oldu\u011funu ve insan iradesinin \u00f6zg\u00fcrl\u00fc\u011f\u00fcn\u00fc savunur. Augustinus\u2019a g\u00f6re ise her t\u00fcrl\u00fc iyilik Tanr\u0131\u2019dan gelir ve Tanr\u0131\u2019n\u0131n iradesinin her insan i\u00e7in belirledi\u011fi yazg\u0131y\u0131 hi\u00e7bir \u015fey de\u011fi\u015ftiremez. Tarih de bu iki kar\u015f\u0131t g\u00f6r\u00fc\u015f\u00fcn a\u011f\u0131r bast\u0131\u011f\u0131 evrelerle, ikisi aras\u0131ndaki bir ara evrenin s\u00fcrekli yinelenmesinden ibarettir.<\/p>\n","protected":false},"excerpt":{"rendered":"<p>Anthony Burgess bu \u00e7ok katmanl\u0131 kar\u015f\u0131-\u00fctopyac\u0131 roman\u0131nda karanl\u0131k bir yak\u0131n gelecek vizyonu ortaya koyar. Sonu\u00e7lar\u0131 k\u00fcresel \u00f6l\u00e7ekte hissedilen a\u015f\u0131r\u0131 n\u00fcfus art\u0131\u015f\u0131n\u0131n yol a\u00e7t\u0131\u011f\u0131 k\u0131tl\u0131k ve a\u00e7l\u0131k<span class=\"excerpt-hellip\"> [\u2026]<\/span><\/p>\n","protected":false},"featured_media":0,"template":"","meta":{"_monsterinsights_skip_tracking":false,"_monsterinsights_sitenote_active":false,"_monsterinsights_sitenote_note":"","_monsterinsights_sitenote_category":0},"product_brand":[],"product_cat":[12291,13872],"product_tag":[],"class_list":{"0":"post-780030","1":"product","2":"type-product","3":"status-publish","5":"product_cat-edebiyat","6":"product_cat-klasikler","7":"pa_cilt-ciltsiz","8":"pa_tur-kitap","9":"pa_yayinevi-is-bankasi-kultur-yayinlari","10":"pa_yazar-anthony-burgess","12":"first","13":"instock","14":"sale","15":"shipping-taxable","16":"purchasable","17":"product-type-simple"},"_links":{"self":[{"href":"https:\/\/roveyayinevi.com.tr\/index.php\/wp-json\/wp\/v2\/product\/780030","targetHints":{"allow":["GET"]}}],"collection":[{"href":"https:\/\/roveyayinevi.com.tr\/index.php\/wp-json\/wp\/v2\/product"}],"about":[{"href":"https:\/\/roveyayinevi.com.tr\/index.php\/wp-json\/wp\/v2\/types\/product"}],"wp:attachment":[{"href":"https:\/\/roveyayinevi.com.tr\/index.php\/wp-json\/wp\/v2\/media?parent=780030"}],"wp:term":[{"taxonomy":"product_brand","embeddable":true,"href":"https:\/\/roveyayinevi.com.tr\/index.php\/wp-json\/wp\/v2\/product_brand?post=780030"},{"taxonomy":"product_cat","embeddable":true,"href":"https:\/\/roveyayinevi.com.tr\/index.php\/wp-json\/wp\/v2\/product_cat?post=780030"},{"taxonomy":"product_tag","embeddable":true,"href":"https:\/\/roveyayinevi.com.tr\/index.php\/wp-json\/wp\/v2\/product_tag?post=780030"}],"curies":[{"name":"wp","href":"https:\/\/api.w.org\/{rel}","templated":true}]}}