{"id":780029,"date":"2025-12-30T12:22:37","date_gmt":"2025-12-30T09:22:37","guid":{"rendered":"https:\/\/roveyayinevi.com.tr\/index.php\/urun\/felsefenin-en-guzel-tarihi\/"},"modified":"2026-04-15T03:44:42","modified_gmt":"2026-04-15T00:44:42","slug":"felsefenin-en-guzel-tarihi","status":"publish","type":"product","link":"https:\/\/roveyayinevi.com.tr\/index.php\/urun\/felsefenin-en-guzel-tarihi\/","title":{"rendered":"Felsefenin En G\u00fczel Tarihi"},"content":{"rendered":"<p>Neden h\u00e2l\u00e2 filozoflardan s\u00f6z ediyoruz? \u00c7\u00fcnk\u00fc her \u00e7a\u011f, kendi anlam krizini a\u015fmak i\u00e7in d\u00fc\u015f\u00fcnceye geri d\u00f6nmek zorundad\u0131r. Geleneksel idealler ister ruhani, ister ulusal, ister devrimci olsun art\u0131k \u00e7o\u011fu ki\u015fi i\u00e7in ya\u015fama y\u00f6n verecek g\u00fc\u00e7te de\u011fil. Kaderimizin elimizden kayd\u0131\u011f\u0131 duygusu, hi\u00e7 olmad\u0131\u011f\u0131 kadar derin. Bu ko\u015fullar alt\u0131nda hayat\u0131m\u0131za yeniden bir y\u00f6n tayin etmede felsefeden medet umabilir miyiz? \u00d6yleyse, nereden ba\u015flamal\u0131? Luc Ferry, Claude Capelier ile kurdu\u011fu diyalogda d\u00fc\u015f\u00fcncenin Antik\u00e7a\u011f\u2019dan bug\u00fcne be\u015f b\u00fcy\u00fck evresini izliyor: Yunanl\u0131lar kurtulu\u015fu kozmosta g\u00f6rd\u00fckleri uyumda, Orta\u00e7a\u011f inan\u00e7ta arad\u0131; R\u00f6nesans h\u00fcmanizmi ke\u015ffetti, modernite akl\u0131n s\u0131n\u0131rlar\u0131n\u0131 sorgulad\u0131. Peki ya \u015fimdi? Ferry\u2019nin \u00f6nerisi ne inanca ne ideolojiye yaslanan, akl\u0131n berrakl\u0131\u011f\u0131na ve insani ba\u011flara dayanan yeni bir sevgi h\u00fcmanizmidir. Her zaman oldu\u011fu gibi, felsefeyi bir soyutlama de\u011fil, ya\u015fama sanat\u0131 olarak ele alan Ferry\u2019nin \u201claik maneviyat\u201d dedi\u011fi bu yakla\u015f\u0131m \u015funu vurgular: Anlam, dogmalarda de\u011fil, kendi i\u00e7in d\u00fc\u015f\u00fcnmeye c\u00fcret etme ve sevme kapasitesinde aranmal\u0131d\u0131r. Ge\u00e7mi\u015fin b\u00fcy\u00fck fikirlerini bug\u00fcn\u00fcn kayg\u0131lar\u0131yla bulu\u015fturan Felsefenin En G\u00fczel Tarihi insan\u0131n kendini, \u00e7a\u011f\u0131n\u0131 ve kaderini anlamak i\u00e7in \u00e7\u0131kt\u0131\u011f\u0131 en uzun yolculu\u011fun hik\u00e2yesi \u2013 ve bu yolculuk hen\u00fcz bitmi\u015f de\u011fil.<\/p>\n","protected":false},"excerpt":{"rendered":"<p>Neden h\u00e2l\u00e2 filozoflardan s\u00f6z ediyoruz? \u00c7\u00fcnk\u00fc her \u00e7a\u011f, kendi anlam krizini a\u015fmak i\u00e7in d\u00fc\u015f\u00fcnceye geri d\u00f6nmek zorundad\u0131r. Geleneksel idealler ister ruhani, ister ulusal, ister devrimci olsun<span class=\"excerpt-hellip\"> [\u2026]<\/span><\/p>\n","protected":false},"featured_media":0,"template":"","meta":{"_monsterinsights_skip_tracking":false,"_monsterinsights_sitenote_active":false,"_monsterinsights_sitenote_note":"","_monsterinsights_sitenote_category":0},"product_brand":[],"product_cat":[12388,14717],"product_tag":[],"class_list":{"0":"post-780029","1":"product","2":"type-product","3":"status-publish","5":"product_cat-felsefe","6":"product_cat-felsefe-tarihi","7":"pa_cilt-ciltsiz","8":"pa_tur-kitap","9":"pa_yayinevi-is-bankasi-kultur-yayinlari","10":"pa_yazar-luc-ferry-claude-capelier","12":"first","13":"instock","14":"sale","15":"shipping-taxable","16":"purchasable","17":"product-type-simple"},"_links":{"self":[{"href":"https:\/\/roveyayinevi.com.tr\/index.php\/wp-json\/wp\/v2\/product\/780029","targetHints":{"allow":["GET"]}}],"collection":[{"href":"https:\/\/roveyayinevi.com.tr\/index.php\/wp-json\/wp\/v2\/product"}],"about":[{"href":"https:\/\/roveyayinevi.com.tr\/index.php\/wp-json\/wp\/v2\/types\/product"}],"wp:attachment":[{"href":"https:\/\/roveyayinevi.com.tr\/index.php\/wp-json\/wp\/v2\/media?parent=780029"}],"wp:term":[{"taxonomy":"product_brand","embeddable":true,"href":"https:\/\/roveyayinevi.com.tr\/index.php\/wp-json\/wp\/v2\/product_brand?post=780029"},{"taxonomy":"product_cat","embeddable":true,"href":"https:\/\/roveyayinevi.com.tr\/index.php\/wp-json\/wp\/v2\/product_cat?post=780029"},{"taxonomy":"product_tag","embeddable":true,"href":"https:\/\/roveyayinevi.com.tr\/index.php\/wp-json\/wp\/v2\/product_tag?post=780029"}],"curies":[{"name":"wp","href":"https:\/\/api.w.org\/{rel}","templated":true}]}}